{"id":2505,"date":"2023-10-17T20:36:02","date_gmt":"2023-10-17T20:36:02","guid":{"rendered":"https:\/\/www.sassi-llc.eu\/?page_id=2505"},"modified":"2023-10-17T20:36:03","modified_gmt":"2023-10-17T20:36:03","slug":"chapter-vi-social-benefits-of-olderpreneurship","status":"publish","type":"page","link":"https:\/\/www.sassi-llc.eu\/sk\/courses\/course-olderpreneurship\/chapter-vi-social-benefits-of-olderpreneurship\/","title":{"rendered":"Kapitola VI \u2013 Soci\u00e1lne v\u00fdhody podnikania star\u0161\u00edch"},"content":{"rendered":"\n<div class=\"ct-posts-shortcode\" data-prefix=\"class_archive\">\n        <div class=\"entries\" data-archive=\"default\" data-layout=\"grid\" data-cards=\"simple\">\n            <article id=\"post-1627\"\n                class=\"entry-card post-1627 class type-class status-publish format-standard has-post-thumbnail hentry en-GB\"\n                data-reveal=\"bottom:no\"><a class=\"ct-image-container\"\n                    href=\"https:\/\/www.sassi-llc.eu\/class\/vi-1-discover-your-superpowers-sk\/\"\n                    aria-label=\"VI. 1. Objavte svoje superschopnosti\" tabindex=\"-1\"><img loading=\"lazy\" width=\"768\" height=\"512\"\n                        src=\"https:\/\/www.sassi-llc.eu\/wp-content\/uploads\/2023\/05\/couple-in-their-sixties-business-casual-discovering-their-superpowers.jpeg\"\n                        class=\"attachment-medium_large size-medium_large wp-post-image\" alt=\"couple working at desk\"\n                        decoding=\"async\"\n                        srcset=\"https:\/\/www.sassi-llc.eu\/wp-content\/uploads\/2023\/05\/couple-in-their-sixties-business-casual-discovering-their-superpowers.jpeg 768w, https:\/\/www.sassi-llc.eu\/wp-content\/uploads\/2023\/05\/couple-in-their-sixties-business-casual-discovering-their-superpowers-300x300.jpeg 300w, https:\/\/www.sassi-llc.eu\/wp-content\/uploads\/2023\/05\/couple-in-their-sixties-business-casual-discovering-their-superpowers-150x150.jpeg 1024w, https:\/\/www.sassi-llc.eu\/wp-content\/uploads\/2023\/05\/couple-in-their-sixties-business-casual-discovering-their-superpowers.jpeg 1536w, https:\/\/www.sassi-llc.eu\/wp-content\/uploads\/2023\/05\/couple-in-their-sixties-business-casual-discovering-their-superpowers.jpeg 2048w\"\n                        sizes=\"auto, (max-width: 768px) 100vw, 768px\" itemprop=\"image\" style=\"aspect-ratio: 4\/3;\"><\/a>\n                <h2 class=\"entry-title\">\n                    <a href=\"https:\/\/www.sassi-llc.eu\/class\/vi-1-discover-your-superpowers-sk\/\" rel=\"bookmark\">\n                        VI. 1. Objavte svoje superschopnosti <\/a>\n                <\/h2>\n\n                <div class=\"entry-excerpt\">Zamyslite sa nad svojimi hodnotami a osobn\u00fdmi siln\u00fdmi str\u00e1nkami, ktor\u00e9 v\u00e1s\n                    m\u00f4\u017eu vies\u0165 k podnikaniu vo vy\u0161\u0161om veku.<\/div><a class=\"entry-button\" data-type=\"simple\"\n                    href=\"https:\/\/www.sassi-llc.eu\/class\/vi-1-discover-your-superpowers-sk\/\">Read More<svg width=\"17px\"\n                        height=\"17px\" viewBox=\"0 0 32 32\">\n                        <path\n                            d=\"M 21.1875 9.28125 L 19.78125 10.71875 L 24.0625 15 L 4 15 L 4 17 L 24.0625 17 L 19.78125 21.28125 L 21.1875 22.71875 L 27.90625 16 Z \">\n                        <\/path>\n                    <\/svg><span class=\"screen-reader-text\">VI. 1. Objavte svoje superschopnosti<\/span><\/a>\n            <\/article>\n            <article id=\"post-1629\"\n                class=\"entry-card post-1629 class type-class status-publish format-standard has-post-thumbnail hentry en-GB\"\n                data-reveal=\"bottom:no\"><a class=\"ct-image-container\"\n                    href=\"https:\/\/www.sassi-llc.eu\/class\/vi-2-social-benefits-of-olderpreneurship-social-responsibility-sk\/\"\n                    aria-label=\"VI. 2. Soci\u00e1lne v\u00fdhody podnikania star\u0161\u00edch \u013eud\u00ed \u2013 spolo\u010densk\u00e1 zodpovednos\u0165\"\n                    tabindex=\"-1\"><img loading=\"lazy\" width=\"768\" height=\"512\"\n                        src=\"https:\/\/www.sassi-llc.eu\/wp-content\/uploads\/2023\/05\/60-year-old-diverse-people-who-are-networking-at-a-table-business-casual.jpeg\"\n                        class=\"attachment-medium_large size-medium_large wp-post-image\" alt=\"seniors networking\"\n                        decoding=\"async\"\n                        srcset=\"https:\/\/www.sassi-llc.eu\/wp-content\/uploads\/2023\/05\/60-year-old-diverse-people-who-are-networking-at-a-table-business-casual.jpeg 768w, https:\/\/www.sassi-llc.eu\/wp-content\/uploads\/2023\/05\/60-year-old-diverse-people-who-are-networking-at-a-table-business-casual-300x300.jpeg 300w, https:\/\/www.sassi-llc.eu\/wp-content\/uploads\/2023\/05\/60-year-old-diverse-people-who-are-networking-at-a-table-business-casual-150x150.jpeg 1024w, https:\/\/www.sassi-llc.eu\/wp-content\/uploads\/2023\/05\/60-year-old-diverse-people-who-are-networking-at-a-table-business-casual.jpeg 1536w, https:\/\/www.sassi-llc.eu\/wp-content\/uploads\/2023\/05\/60-year-old-diverse-people-who-are-networking-at-a-table-business-casual.jpeg 2048w\"\n                        sizes=\"auto, (max-width: 768px) 100vw, 768px\" itemprop=\"image\" style=\"aspect-ratio: 4\/3;\"><\/a>\n                <h2 class=\"entry-title\">\n                    <a href=\"https:\/\/www.sassi-llc.eu\/class\/vi-2-social-benefits-of-olderpreneurship-social-responsibility-sk\/\"\n                        rel=\"bookmark\">\n                        VI. 2. Soci\u00e1lne v\u00fdhody podnikania star\u0161\u00edch \u013eud\u00ed \u2013 spolo\u010densk\u00e1 zodpovednos\u0165 <\/a>\n                <\/h2>\n\n                <div class=\"entry-excerpt\">Pri nadv\u00e4zovan\u00ed kontaktov m\u00f4\u017ee by\u0165 v\u00e1\u0161 vek va\u0161ou najv\u00e4\u010d\u0161ou v\u00fdhodou alebo\n                    najv\u00e4\u010d\u0161ou prek\u00e1\u017ekou, v z\u00e1vislosti od v\u00e1\u0161ho pr\u00edstupu a postoja.<\/div><a class=\"entry-button\"\n                    data-type=\"simple\"\n                    href=\"https:\/\/www.sassi-llc.eu\/class\/vi-2-social-benefits-of-olderpreneurship-social-responsibility-sk\/\">Read\n                    More<svg width=\"17px\" height=\"17px\" viewBox=\"0 0 32 32\">\n                        <path\n                            d=\"M 21.1875 9.28125 L 19.78125 10.71875 L 24.0625 15 L 4 15 L 4 17 L 24.0625 17 L 19.78125 21.28125 L 21.1875 22.71875 L 27.90625 16 Z \">\n                        <\/path>\n                    <\/svg><span class=\"screen-reader-text\">VI. 2. Soci\u00e1lne v\u00fdhody podnikania star\u0161\u00edch \u013eud\u00ed \u2013 spolo\u010densk\u00e1\n                        zodpovednos\u0165<\/span><\/a>\n            <\/article>\n            <article id=\"post-1633\"\n                class=\"entry-card post-1633 class type-class status-publish format-standard has-post-thumbnail hentry en-GB\"\n                data-reveal=\"bottom:no\"><a class=\"ct-image-container\"\n                    href=\"https:\/\/www.sassi-llc.eu\/class\/vi-3-social-benefits-of-olderpreneurship-networking-sk\/\"\n                    aria-label=\"VI. 3. Soci\u00e1lne v\u00fdhody podnikania star\u0161\u00edch \u013eud\u00ed \u2013 vytv\u00e1ranie siet\u00ed\" tabindex=\"-1\"><img loading=\"lazy\"\n                        width=\"768\" height=\"1152\"\n                        src=\"https:\/\/www.sassi-llc.eu\/wp-content\/uploads\/2022\/11\/\u0415ntrepreneural-mindset-768x768.jpeg\"\n                        class=\"attachment-medium_large size-medium_large wp-post-image\" alt=\"\" decoding=\"async\"\n                        srcset=\"https:\/\/www.sassi-llc.eu\/wp-content\/uploads\/2022\/11\/\u0415ntrepreneural-mindset-768x768.jpeg 768w, https:\/\/www.sassi-llc.eu\/wp-content\/uploads\/2022\/11\/\u0415ntrepreneural-mindset-300x300.jpeg 200w, https:\/\/www.sassi-llc.eu\/wp-content\/uploads\/2022\/11\/\u0415ntrepreneural-mindset-150x150.jpeg 683w, https:\/\/www.sassi-llc.eu\/wp-content\/uploads\/2022\/11\/\u0415ntrepreneural-mindset.jpeg 1024w, https:\/\/www.sassi-llc.eu\/wp-content\/uploads\/2022\/11\/\u0415ntrepreneural-mindset.jpeg 1365w, https:\/\/www.sassi-llc.eu\/wp-content\/uploads\/2022\/11\/\u0415ntrepreneural-mindset.jpeg 1707w\"\n                        sizes=\"auto, (max-width: 768px) 100vw, 768px\" itemprop=\"image\" style=\"aspect-ratio: 4\/3;\"><\/a>\n                <h2 class=\"entry-title\">\n                    <a href=\"https:\/\/www.sassi-llc.eu\/class\/vi-3-social-benefits-of-olderpreneurship-networking-sk\/\"\n                        rel=\"bookmark\">\n                        VI. 3. Soci\u00e1lne v\u00fdhody podnikania star\u0161\u00edch \u013eud\u00ed \u2013 vytv\u00e1ranie siet\u00ed <\/a>\n                <\/h2>\n\n                <div class=\"entry-excerpt\">Podniky by sa mali stara\u0165 o blaho spolo\u010dnosti a uvedomova\u0165 si, ako ich\n                    konanie m\u00f4\u017ee ovplyvni\u0165 spolo\u010dnos\u0165 ako celok.<\/div><a class=\"entry-button\" data-type=\"simple\"\n                    href=\"https:\/\/www.sassi-llc.eu\/class\/vi-3-social-benefits-of-olderpreneurship-networking-sk\/\">Read\n                    More<svg width=\"17px\" height=\"17px\" viewBox=\"0 0 32 32\">\n                        <path\n                            d=\"M 21.1875 9.28125 L 19.78125 10.71875 L 24.0625 15 L 4 15 L 4 17 L 24.0625 17 L 19.78125 21.28125 L 21.1875 22.71875 L 27.90625 16 Z \">\n                        <\/path>\n                    <\/svg><span class=\"screen-reader-text\">VI. 3. Soci\u00e1lne v\u00fdhody podnikania star\u0161\u00edch \u013eud\u00ed \u2013 vytv\u00e1ranie\n                        siet\u00ed<\/span><\/a>\n            <\/article>\n        <\/div>\n    <\/div>\n","protected":false},"excerpt":{"rendered":"<p>VI. 1. Objavte svoje superschopnosti Zamyslite sa nad svojimi hodnotami a osobn\u00fdmi siln\u00fdmi str\u00e1nkami, ktor\u00e9 v\u00e1s m\u00f4\u017eu vies\u0165 k podnikaniu vo vy\u0161\u0161om veku. Read More VI. 1. Objavte svoje superschopnosti VI. 2. Soci\u00e1lne v\u00fdhody podnikania star\u0161\u00edch \u013eud\u00ed \u2013 spolo\u010densk\u00e1 zodpovednos\u0165 Pri nadv\u00e4zovan\u00ed kontaktov m\u00f4\u017ee by\u0165 v\u00e1\u0161 vek va\u0161ou najv\u00e4\u010d\u0161ou v\u00fdhodou alebo najv\u00e4\u010d\u0161ou prek\u00e1\u017ekou, v z\u00e1vislosti [&hellip;]<\/p>\n","protected":false},"author":4,"featured_media":0,"parent":2024,"menu_order":6,"comment_status":"closed","ping_status":"closed","template":"","meta":{"inline_featured_image":false,"_locale":"sk_SK","_original_post":"https:\/\/www.sassi-llc.eu\/?page_id=2439","footnotes":""},"class_list":["post-2505","page","type-page","status-publish","hentry","sk-SK"],"blocksy_meta":[],"_links":{"self":[{"href":"https:\/\/www.sassi-llc.eu\/wp-json\/wp\/v2\/pages\/2505","targetHints":{"allow":["GET"]}}],"collection":[{"href":"https:\/\/www.sassi-llc.eu\/wp-json\/wp\/v2\/pages"}],"about":[{"href":"https:\/\/www.sassi-llc.eu\/wp-json\/wp\/v2\/types\/page"}],"author":[{"embeddable":true,"href":"https:\/\/www.sassi-llc.eu\/wp-json\/wp\/v2\/users\/4"}],"replies":[{"embeddable":true,"href":"https:\/\/www.sassi-llc.eu\/wp-json\/wp\/v2\/comments?post=2505"}],"version-history":[{"count":1,"href":"https:\/\/www.sassi-llc.eu\/wp-json\/wp\/v2\/pages\/2505\/revisions"}],"predecessor-version":[{"id":2506,"href":"https:\/\/www.sassi-llc.eu\/wp-json\/wp\/v2\/pages\/2505\/revisions\/2506"}],"up":[{"embeddable":true,"href":"https:\/\/www.sassi-llc.eu\/wp-json\/wp\/v2\/pages\/2024"}],"wp:attachment":[{"href":"https:\/\/www.sassi-llc.eu\/wp-json\/wp\/v2\/media?parent=2505"}],"curies":[{"name":"wp","href":"https:\/\/api.w.org\/{rel}","templated":true}]}}