{"id":2952,"date":"2023-11-13T21:47:07","date_gmt":"2023-11-13T21:47:07","guid":{"rendered":"https:\/\/www.sassi-llc.eu\/?page_id=2952"},"modified":"2024-09-12T12:08:04","modified_gmt":"2024-09-12T12:08:04","slug":"chapter-i-the-benefits-of-working-and-studying-abroad","status":"publish","type":"page","link":"https:\/\/www.sassi-llc.eu\/sk\/courses\/ambassadors-for-mobility-in-later-life\/chapter-i-the-benefits-of-working-and-studying-abroad\/","title":{"rendered":"KAPITOLA 1 \u2013 Benefity pracovania a \u0161tudovania v zahrani\u010d\u00ed"},"content":{"rendered":"\n<div class=\"ct-posts-shortcode\" data-prefix=\"class_archive\"><div class=\"entries\" data-archive=\"default\" data-layout=\"grid\" data-cards=\"simple\"><article id=\"post-2917\" class=\"entry-card post-2917 class type-class status-publish format-standard has-post-thumbnail hentry en-GB\" data-reveal=\"yes:1\"><a class=\"ct-image-container\" href=\"https:\/\/www.sassi-llc.eu\/class\/i-1-mozu-byt-starsi-pracovnici-mobilni\/\" aria-label=\"I. 1. \u2013 M\u00f4\u017eu by\u0165 star\u0161\u00ed pracovn\u00edci mobiln\u00ed?\" tabindex=\"-1\"><img loading=\"lazy\" decoding=\"async\" width=\"768\" height=\"1270\" src=\"https:\/\/www.sassi-llc.eu\/wp-content\/uploads\/2022\/12\/d5f706da-3549-45e5-a813-d8bb21ab4c14-768x768.jpeg\" class=\"attachment-medium_large size-medium_large wp-post-image\" alt=\"working senior man\" srcset=\"https:\/\/www.sassi-llc.eu\/wp-content\/uploads\/2022\/12\/d5f706da-3549-45e5-a813-d8bb21ab4c14-768x768.jpeg 768w, https:\/\/www.sassi-llc.eu\/wp-content\/uploads\/2022\/12\/d5f706da-3549-45e5-a813-d8bb21ab4c14-300x300.jpeg 181w, https:\/\/www.sassi-llc.eu\/wp-content\/uploads\/2022\/12\/d5f706da-3549-45e5-a813-d8bb21ab4c14-150x150.jpeg 619w, https:\/\/www.sassi-llc.eu\/wp-content\/uploads\/2022\/12\/d5f706da-3549-45e5-a813-d8bb21ab4c14.jpeg 929w, https:\/\/www.sassi-llc.eu\/wp-content\/uploads\/2022\/12\/d5f706da-3549-45e5-a813-d8bb21ab4c14.jpeg 1238w, https:\/\/www.sassi-llc.eu\/wp-content\/uploads\/2022\/12\/d5f706da-3549-45e5-a813-d8bb21ab4c14.jpeg 1548w\" sizes=\"auto, (max-width: 768px) 100vw, 768px\" itemprop=\"image\" style=\"aspect-ratio: 4\/3;\"><\/a>\n\t<h2 class=\"entry-title\">\n\t\t<a href=\"https:\/\/www.sassi-llc.eu\/class\/i-1-mozu-byt-starsi-pracovnici-mobilni\/\" rel=\"bookmark\">\n\t\t\tI. 1. \u2013 M\u00f4\u017eu by\u0165 star\u0161\u00ed pracovn\u00edci mobiln\u00ed?\t\t<\/a>\n\t<\/h2>\n\n\t<div class=\"entry-excerpt\">Motiva\u010dn\u00e9 faktory a prek\u00e1\u017eky Pr\u00ednosy mobil\u00edt pre zamestnancov, zamestn\u00e1vate\u013eov a hostite\u013eov Star\u0161\u00ed pracovn\u00edci a mobility.<\/div><a class=\"entry-button\" data-type=\"simple\" href=\"https:\/\/www.sassi-llc.eu\/class\/i-1-mozu-byt-starsi-pracovnici-mobilni\/\">Read More<svg width=\"17px\" height=\"17px\" viewBox=\"0 0 32 32\"><path d=\"M 21.1875 9.28125 L 19.78125 10.71875 L 24.0625 15 L 4 15 L 4 17 L 24.0625 17 L 19.78125 21.28125 L 21.1875 22.71875 L 27.90625 16 Z \"><\/path><\/svg><span class=\"screen-reader-text\">I. 1. \u2013 M\u00f4\u017eu by\u0165 star\u0161\u00ed pracovn\u00edci mobiln\u00ed?<\/span><\/a><\/article><article id=\"post-2918\" class=\"entry-card post-2918 class type-class status-publish format-standard has-post-thumbnail hentry en-GB\" data-reveal=\"yes:2\"><a class=\"ct-image-container\" href=\"https:\/\/www.sassi-llc.eu\/class\/i-2-mobilita-ako-cpd\/\" aria-label=\"I. 2. \u2013 Mobilita ako CPD\" tabindex=\"-1\"><img loading=\"lazy\" decoding=\"async\" width=\"768\" height=\"513\" src=\"https:\/\/www.sassi-llc.eu\/wp-content\/uploads\/2023\/10\/06500875-539e-430c-990c-9f76f170c080.jpeg\" class=\"attachment-medium_large size-medium_large wp-post-image\" alt=\"\" srcset=\"https:\/\/www.sassi-llc.eu\/wp-content\/uploads\/2023\/10\/06500875-539e-430c-990c-9f76f170c080.jpeg 768w, https:\/\/www.sassi-llc.eu\/wp-content\/uploads\/2023\/10\/06500875-539e-430c-990c-9f76f170c080-300x300.jpeg 300w, https:\/\/www.sassi-llc.eu\/wp-content\/uploads\/2023\/10\/06500875-539e-430c-990c-9f76f170c080-150x150.jpeg 1024w, https:\/\/www.sassi-llc.eu\/wp-content\/uploads\/2023\/10\/06500875-539e-430c-990c-9f76f170c080.jpeg 1279w\" sizes=\"auto, (max-width: 768px) 100vw, 768px\" itemprop=\"image\" style=\"aspect-ratio: 4\/3;\"><\/a>\n\t<h2 class=\"entry-title\">\n\t\t<a href=\"https:\/\/www.sassi-llc.eu\/class\/i-2-mobilita-ako-cpd\/\" rel=\"bookmark\">\n\t\t\tI. 2. \u2013 Mobilita ako CPD\t\t<\/a>\n\t<\/h2>\n\n\t<div class=\"entry-excerpt\">Zamestnanec 21. storo\u010dia ako celo\u017eivotn\u00fd \u0161tudent, ktor\u00fd sa neust\u00e1le odborne rozv\u00edja (CPD).<\/div><a class=\"entry-button\" data-type=\"simple\" href=\"https:\/\/www.sassi-llc.eu\/class\/i-2-mobilita-ako-cpd\/\">Read More<svg width=\"17px\" height=\"17px\" viewBox=\"0 0 32 32\"><path d=\"M 21.1875 9.28125 L 19.78125 10.71875 L 24.0625 15 L 4 15 L 4 17 L 24.0625 17 L 19.78125 21.28125 L 21.1875 22.71875 L 27.90625 16 Z \"><\/path><\/svg><span class=\"screen-reader-text\">I. 2. \u2013 Mobilita ako CPD<\/span><\/a><\/article><article id=\"post-2919\" class=\"entry-card post-2919 class type-class status-publish format-standard has-post-thumbnail hentry en-GB\" data-reveal=\"yes:3\"><a class=\"ct-image-container\" href=\"https:\/\/www.sassi-llc.eu\/class\/i-3-mobilita-ako-sietove-plavidlo\/\" aria-label=\"I. 3. \u2013 Mobilita ako sie\u0165ov\u00e9 plavidlo\" tabindex=\"-1\"><img loading=\"lazy\" decoding=\"async\" width=\"768\" height=\"512\" src=\"https:\/\/www.sassi-llc.eu\/wp-content\/uploads\/2023\/10\/562d4601-87e2-45b3-8182-154eb7de7f9b.jpeg\" class=\"attachment-medium_large size-medium_large wp-post-image\" alt=\"\" srcset=\"https:\/\/www.sassi-llc.eu\/wp-content\/uploads\/2023\/10\/562d4601-87e2-45b3-8182-154eb7de7f9b.jpeg 768w, https:\/\/www.sassi-llc.eu\/wp-content\/uploads\/2023\/10\/562d4601-87e2-45b3-8182-154eb7de7f9b-300x300.jpeg 300w, https:\/\/www.sassi-llc.eu\/wp-content\/uploads\/2023\/10\/562d4601-87e2-45b3-8182-154eb7de7f9b-150x150.jpeg 1024w, https:\/\/www.sassi-llc.eu\/wp-content\/uploads\/2023\/10\/562d4601-87e2-45b3-8182-154eb7de7f9b.jpeg 1279w\" sizes=\"auto, (max-width: 768px) 100vw, 768px\" itemprop=\"image\" style=\"aspect-ratio: 4\/3;\"><\/a>\n\t<h2 class=\"entry-title\">\n\t\t<a href=\"https:\/\/www.sassi-llc.eu\/class\/i-3-mobilita-ako-sietove-plavidlo\/\" rel=\"bookmark\">\n\t\t\tI. 3. \u2013 Mobilita ako sie\u0165ov\u00e9 plavidlo\t\t<\/a>\n\t<\/h2>\n\n\t<div class=\"entry-excerpt\">\u010cinnos\u0165 alebo proces interakcie s in\u00fdmi \u013eu\u010fmi s cie\u013eom v\u00fdmeny inform\u00e1ci\u00ed a rozvoja profesion\u00e1lnych alebo soci\u00e1lnych kontaktov.<\/div><a class=\"entry-button\" data-type=\"simple\" href=\"https:\/\/www.sassi-llc.eu\/class\/i-3-mobilita-ako-sietove-plavidlo\/\">Read More<svg width=\"17px\" height=\"17px\" viewBox=\"0 0 32 32\"><path d=\"M 21.1875 9.28125 L 19.78125 10.71875 L 24.0625 15 L 4 15 L 4 17 L 24.0625 17 L 19.78125 21.28125 L 21.1875 22.71875 L 27.90625 16 Z \"><\/path><\/svg><span class=\"screen-reader-text\">I. 3. \u2013 Mobilita ako sie\u0165ov\u00e9 plavidlo<\/span><\/a><\/article><article id=\"post-2920\" class=\"entry-card post-2920 class type-class status-publish format-standard has-post-thumbnail hentry en-GB\" data-reveal=\"yes:4\"><a class=\"ct-image-container\" href=\"https:\/\/www.sassi-llc.eu\/class\/i-4-mobilita-a-inovacie\/\" aria-label=\"I. 4. \u2013 Mobilita a inov\u00e1cie\" tabindex=\"-1\"><img loading=\"lazy\" decoding=\"async\" width=\"768\" height=\"512\" src=\"https:\/\/www.sassi-llc.eu\/wp-content\/uploads\/2023\/10\/girl-shows-her-60-year-old-grandmother-something-on-her-smartphone.jpg.jpeg\" class=\"attachment-medium_large size-medium_large wp-post-image\" alt=\"\" srcset=\"https:\/\/www.sassi-llc.eu\/wp-content\/uploads\/2023\/10\/girl-shows-her-60-year-old-grandmother-something-on-her-smartphone.jpg.jpeg 768w, https:\/\/www.sassi-llc.eu\/wp-content\/uploads\/2023\/10\/girl-shows-her-60-year-old-grandmother-something-on-her-smartphone.jpg-300x300.jpeg 300w, https:\/\/www.sassi-llc.eu\/wp-content\/uploads\/2023\/10\/girl-shows-her-60-year-old-grandmother-something-on-her-smartphone.jpg-150x150.jpeg 1024w, https:\/\/www.sassi-llc.eu\/wp-content\/uploads\/2023\/10\/girl-shows-her-60-year-old-grandmother-something-on-her-smartphone.jpg.jpeg 1280w\" sizes=\"auto, (max-width: 768px) 100vw, 768px\" itemprop=\"image\" style=\"aspect-ratio: 4\/3;\"><\/a>\n\t<h2 class=\"entry-title\">\n\t\t<a href=\"https:\/\/www.sassi-llc.eu\/class\/i-4-mobilita-a-inovacie\/\" rel=\"bookmark\">\n\t\t\tI. 4. \u2013 Mobilita a inov\u00e1cie\t\t<\/a>\n\t<\/h2>\n\n\t<div class=\"entry-excerpt\">\u010co presne je inov\u00e1cia a ako jej pom\u00e1ha \u00fa\u010das\u0165 na mobilit\u00e1ch?<\/div><a class=\"entry-button\" data-type=\"simple\" href=\"https:\/\/www.sassi-llc.eu\/class\/i-4-mobilita-a-inovacie\/\">Read More<svg width=\"17px\" height=\"17px\" viewBox=\"0 0 32 32\"><path d=\"M 21.1875 9.28125 L 19.78125 10.71875 L 24.0625 15 L 4 15 L 4 17 L 24.0625 17 L 19.78125 21.28125 L 21.1875 22.71875 L 27.90625 16 Z \"><\/path><\/svg><span class=\"screen-reader-text\">I. 4. \u2013 Mobilita a inov\u00e1cie<\/span><\/a><\/article><\/div><\/div>\n\n\n\n<div style=\"height:100px\" aria-hidden=\"true\" class=\"wp-block-spacer\"><\/div>\n","protected":false},"excerpt":{"rendered":"<p>I. 1. \u2013 M\u00f4\u017eu by\u0165 star\u0161\u00ed pracovn\u00edci mobiln\u00ed? Motiva\u010dn\u00e9 faktory a prek\u00e1\u017eky Pr\u00ednosy mobil\u00edt pre zamestnancov, zamestn\u00e1vate\u013eov a hostite\u013eov Star\u0161\u00ed pracovn\u00edci a mobility. Read MoreI. 1. \u2013 M\u00f4\u017eu by\u0165 star\u0161\u00ed pracovn\u00edci mobiln\u00ed? I. 2. \u2013 Mobilita ako CPD Zamestnanec 21. storo\u010dia ako celo\u017eivotn\u00fd \u0161tudent, ktor\u00fd sa neust\u00e1le odborne rozv\u00edja (CPD). Read MoreI. 2. \u2013 Mobilita [&hellip;]<\/p>\n","protected":false},"author":4,"featured_media":4860,"parent":2944,"menu_order":1,"comment_status":"closed","ping_status":"closed","template":"","meta":{"inline_featured_image":false,"_locale":"sk_SK","_original_post":"https:\/\/www.sassi-llc.eu\/?page_id=2634","footnotes":""},"class_list":["post-2952","page","type-page","status-publish","has-post-thumbnail","hentry","sk-SK"],"blocksy_meta":[],"_links":{"self":[{"href":"https:\/\/www.sassi-llc.eu\/wp-json\/wp\/v2\/pages\/2952","targetHints":{"allow":["GET"]}}],"collection":[{"href":"https:\/\/www.sassi-llc.eu\/wp-json\/wp\/v2\/pages"}],"about":[{"href":"https:\/\/www.sassi-llc.eu\/wp-json\/wp\/v2\/types\/page"}],"author":[{"embeddable":true,"href":"https:\/\/www.sassi-llc.eu\/wp-json\/wp\/v2\/users\/4"}],"replies":[{"embeddable":true,"href":"https:\/\/www.sassi-llc.eu\/wp-json\/wp\/v2\/comments?post=2952"}],"version-history":[{"count":2,"href":"https:\/\/www.sassi-llc.eu\/wp-json\/wp\/v2\/pages\/2952\/revisions"}],"predecessor-version":[{"id":3453,"href":"https:\/\/www.sassi-llc.eu\/wp-json\/wp\/v2\/pages\/2952\/revisions\/3453"}],"up":[{"embeddable":true,"href":"https:\/\/www.sassi-llc.eu\/wp-json\/wp\/v2\/pages\/2944"}],"wp:featuredmedia":[{"embeddable":true,"href":"https:\/\/www.sassi-llc.eu\/wp-json\/wp\/v2\/media\/4860"}],"wp:attachment":[{"href":"https:\/\/www.sassi-llc.eu\/wp-json\/wp\/v2\/media?parent=2952"}],"curies":[{"name":"wp","href":"https:\/\/api.w.org\/{rel}","templated":true}]}}