{"id":2966,"date":"2023-11-15T14:15:30","date_gmt":"2023-11-15T14:15:30","guid":{"rendered":"https:\/\/www.sassi-llc.eu\/?page_id=2966"},"modified":"2024-09-12T12:10:56","modified_gmt":"2024-09-12T12:10:56","slug":"chapter-ii-types-of-mobilities","status":"publish","type":"page","link":"https:\/\/www.sassi-llc.eu\/sk\/courses\/ambassadors-for-mobility-in-later-life\/chapter-ii-types-of-mobilities\/","title":{"rendered":"KAPITOLA 2 \u2013 Typy mobil\u00edt"},"content":{"rendered":"\n<div class=\"ct-posts-shortcode\" data-prefix=\"class_archive\"><div class=\"entries\" data-archive=\"default\" data-layout=\"grid\" data-cards=\"simple\"><article id=\"post-2921\" class=\"entry-card post-2921 class type-class status-publish format-standard has-post-thumbnail hentry en-GB\" data-reveal=\"yes:1\"><a class=\"ct-image-container\" href=\"https:\/\/www.sassi-llc.eu\/class\/ii-1-kratkodobe-mobility\/\" aria-label=\"II. 1. \u2013 Kr\u00e1tkodob\u00e9 mobility\" tabindex=\"-1\"><img loading=\"lazy\" decoding=\"async\" width=\"768\" height=\"512\" src=\"https:\/\/www.sassi-llc.eu\/wp-content\/uploads\/2023\/10\/bald-man-in-his-sixties-with-beard-is-thinking-dark-background.jpeg\" class=\"attachment-medium_large size-medium_large wp-post-image\" alt=\"\" srcset=\"https:\/\/www.sassi-llc.eu\/wp-content\/uploads\/2023\/10\/bald-man-in-his-sixties-with-beard-is-thinking-dark-background.jpeg 768w, https:\/\/www.sassi-llc.eu\/wp-content\/uploads\/2023\/10\/bald-man-in-his-sixties-with-beard-is-thinking-dark-background-300x300.jpeg 300w, https:\/\/www.sassi-llc.eu\/wp-content\/uploads\/2023\/10\/bald-man-in-his-sixties-with-beard-is-thinking-dark-background-150x150.jpeg 1024w, https:\/\/www.sassi-llc.eu\/wp-content\/uploads\/2023\/10\/bald-man-in-his-sixties-with-beard-is-thinking-dark-background.jpeg 1280w\" sizes=\"auto, (max-width: 768px) 100vw, 768px\" itemprop=\"image\" style=\"aspect-ratio: 4\/3;\"><\/a>\n\t<h2 class=\"entry-title\">\n\t\t<a href=\"https:\/\/www.sassi-llc.eu\/class\/ii-1-kratkodobe-mobility\/\" rel=\"bookmark\">\n\t\t\tII. 1. \u2013 Kr\u00e1tkodob\u00e9 mobility\t\t<\/a>\n\t<\/h2>\n\n\t<div class=\"entry-excerpt\">Poznanie pozit\u00edvneho vplyvu vzdel\u00e1vacej mobility a jej premena z v\u00fdnimky na pravidlo pre v\u0161etk\u00fdch by malo by\u0165 na\u0161\u00edm spolo\u010dn\u00fdm cie\u013eom.<\/div><a class=\"entry-button\" data-type=\"simple\" href=\"https:\/\/www.sassi-llc.eu\/class\/ii-1-kratkodobe-mobility\/\">Read More<svg width=\"17px\" height=\"17px\" viewBox=\"0 0 32 32\"><path d=\"M 21.1875 9.28125 L 19.78125 10.71875 L 24.0625 15 L 4 15 L 4 17 L 24.0625 17 L 19.78125 21.28125 L 21.1875 22.71875 L 27.90625 16 Z \"><\/path><\/svg><span class=\"screen-reader-text\">II. 1. \u2013 Kr\u00e1tkodob\u00e9 mobility<\/span><\/a><\/article><article id=\"post-2922\" class=\"entry-card post-2922 class type-class status-publish format-standard has-post-thumbnail hentry en-GB\" data-reveal=\"yes:2\"><a class=\"ct-image-container\" href=\"https:\/\/www.sassi-llc.eu\/class\/ii-2-dlhodobe-mobility\/\" aria-label=\"II. 2. \u2013 Dlhodob\u00e9 mobility\" tabindex=\"-1\"><img loading=\"lazy\" decoding=\"async\" width=\"768\" height=\"1152\" src=\"https:\/\/www.sassi-llc.eu\/wp-content\/uploads\/2023\/10\/lady-in-her-sixties-with-red-hair-is-looking-on-a-screen-of-her-notebook-768x768.jpeg\" class=\"attachment-medium_large size-medium_large wp-post-image\" alt=\"\" srcset=\"https:\/\/www.sassi-llc.eu\/wp-content\/uploads\/2023\/10\/lady-in-her-sixties-with-red-hair-is-looking-on-a-screen-of-her-notebook-768x768.jpeg 768w, https:\/\/www.sassi-llc.eu\/wp-content\/uploads\/2023\/10\/lady-in-her-sixties-with-red-hair-is-looking-on-a-screen-of-her-notebook-300x300.jpeg 200w, https:\/\/www.sassi-llc.eu\/wp-content\/uploads\/2023\/10\/lady-in-her-sixties-with-red-hair-is-looking-on-a-screen-of-her-notebook-150x150.jpeg 683w, https:\/\/www.sassi-llc.eu\/wp-content\/uploads\/2023\/10\/lady-in-her-sixties-with-red-hair-is-looking-on-a-screen-of-her-notebook.jpeg 1024w, https:\/\/www.sassi-llc.eu\/wp-content\/uploads\/2023\/10\/lady-in-her-sixties-with-red-hair-is-looking-on-a-screen-of-her-notebook.jpeg 1280w\" sizes=\"auto, (max-width: 768px) 100vw, 768px\" itemprop=\"image\" style=\"aspect-ratio: 4\/3;\"><\/a>\n\t<h2 class=\"entry-title\">\n\t\t<a href=\"https:\/\/www.sassi-llc.eu\/class\/ii-2-dlhodobe-mobility\/\" rel=\"bookmark\">\n\t\t\tII. 2. \u2013 Dlhodob\u00e9 mobility\t\t<\/a>\n\t<\/h2>\n\n\t<div class=\"entry-excerpt\">Zozn\u00e1mte sa s r\u00f4znymi typmi dlhodobej mobility a zamyslite sa nad t\u00fdmito mobilitami v kontexte star\u0161\u00edch pracovn\u00edkov.<\/div><a class=\"entry-button\" data-type=\"simple\" href=\"https:\/\/www.sassi-llc.eu\/class\/ii-2-dlhodobe-mobility\/\">Read More<svg width=\"17px\" height=\"17px\" viewBox=\"0 0 32 32\"><path d=\"M 21.1875 9.28125 L 19.78125 10.71875 L 24.0625 15 L 4 15 L 4 17 L 24.0625 17 L 19.78125 21.28125 L 21.1875 22.71875 L 27.90625 16 Z \"><\/path><\/svg><span class=\"screen-reader-text\">II. 2. \u2013 Dlhodob\u00e9 mobility<\/span><\/a><\/article><article id=\"post-2923\" class=\"entry-card post-2923 class type-class status-publish format-standard has-post-thumbnail hentry en-GB\" data-reveal=\"yes:3\"><a class=\"ct-image-container\" href=\"https:\/\/www.sassi-llc.eu\/class\/ii-3-dobrovolnictvo\/\" aria-label=\"II. 3. \u2013 Dobrovo\u013en\u00edctvo\" tabindex=\"-1\"><img loading=\"lazy\" decoding=\"async\" width=\"768\" height=\"512\" src=\"https:\/\/www.sassi-llc.eu\/wp-content\/uploads\/2023\/10\/vocational-training-group-of-people-sitting-at-a-table-focus-on-a-greyhaired-lady-in-a-black-turtleneck.jpeg\" class=\"attachment-medium_large size-medium_large wp-post-image\" alt=\"\" srcset=\"https:\/\/www.sassi-llc.eu\/wp-content\/uploads\/2023\/10\/vocational-training-group-of-people-sitting-at-a-table-focus-on-a-greyhaired-lady-in-a-black-turtleneck.jpeg 768w, https:\/\/www.sassi-llc.eu\/wp-content\/uploads\/2023\/10\/vocational-training-group-of-people-sitting-at-a-table-focus-on-a-greyhaired-lady-in-a-black-turtleneck-300x300.jpeg 300w, https:\/\/www.sassi-llc.eu\/wp-content\/uploads\/2023\/10\/vocational-training-group-of-people-sitting-at-a-table-focus-on-a-greyhaired-lady-in-a-black-turtleneck-150x150.jpeg 1024w, https:\/\/www.sassi-llc.eu\/wp-content\/uploads\/2023\/10\/vocational-training-group-of-people-sitting-at-a-table-focus-on-a-greyhaired-lady-in-a-black-turtleneck.jpeg 1280w\" sizes=\"auto, (max-width: 768px) 100vw, 768px\" itemprop=\"image\" style=\"aspect-ratio: 4\/3;\"><\/a>\n\t<h2 class=\"entry-title\">\n\t\t<a href=\"https:\/\/www.sassi-llc.eu\/class\/ii-3-dobrovolnictvo\/\" rel=\"bookmark\">\n\t\t\tII. 3. \u2013 Dobrovo\u013en\u00edctvo\t\t<\/a>\n\t<\/h2>\n\n\t<div class=\"entry-excerpt\">Obozn\u00e1mte sa s v\u00fdhodami dobrovo\u013en\u00edckej pr\u00e1ce a mobilitou dobrovo\u013en\u00edkov. Uva\u017eujte o t\u00fdchto mobilit\u00e1ch v kontexte star\u0161\u00edch pracovn\u00edkov.<\/div><a class=\"entry-button\" data-type=\"simple\" href=\"https:\/\/www.sassi-llc.eu\/class\/ii-3-dobrovolnictvo\/\">Read More<svg width=\"17px\" height=\"17px\" viewBox=\"0 0 32 32\"><path d=\"M 21.1875 9.28125 L 19.78125 10.71875 L 24.0625 15 L 4 15 L 4 17 L 24.0625 17 L 19.78125 21.28125 L 21.1875 22.71875 L 27.90625 16 Z \"><\/path><\/svg><span class=\"screen-reader-text\">II. 3. \u2013 Dobrovo\u013en\u00edctvo<\/span><\/a><\/article><\/div><\/div>\n\n\n\n<div style=\"height:100px\" aria-hidden=\"true\" class=\"wp-block-spacer\"><\/div>\n","protected":false},"excerpt":{"rendered":"<p>II. 1. \u2013 Kr\u00e1tkodob\u00e9 mobility Poznanie pozit\u00edvneho vplyvu vzdel\u00e1vacej mobility a jej premena z v\u00fdnimky na pravidlo pre v\u0161etk\u00fdch by malo by\u0165 na\u0161\u00edm spolo\u010dn\u00fdm cie\u013eom. Read MoreII. 1. \u2013 Kr\u00e1tkodob\u00e9 mobility II. 2. \u2013 Dlhodob\u00e9 mobility Zozn\u00e1mte sa s r\u00f4znymi typmi dlhodobej mobility a zamyslite sa nad t\u00fdmito mobilitami v kontexte star\u0161\u00edch pracovn\u00edkov. Read MoreII. [&hellip;]<\/p>\n","protected":false},"author":4,"featured_media":4859,"parent":2944,"menu_order":2,"comment_status":"closed","ping_status":"closed","template":"","meta":{"inline_featured_image":false,"_locale":"sk_SK","_original_post":"https:\/\/www.sassi-llc.eu\/?page_id=2638","footnotes":""},"class_list":["post-2966","page","type-page","status-publish","has-post-thumbnail","hentry","sk-SK"],"blocksy_meta":[],"_links":{"self":[{"href":"https:\/\/www.sassi-llc.eu\/wp-json\/wp\/v2\/pages\/2966","targetHints":{"allow":["GET"]}}],"collection":[{"href":"https:\/\/www.sassi-llc.eu\/wp-json\/wp\/v2\/pages"}],"about":[{"href":"https:\/\/www.sassi-llc.eu\/wp-json\/wp\/v2\/types\/page"}],"author":[{"embeddable":true,"href":"https:\/\/www.sassi-llc.eu\/wp-json\/wp\/v2\/users\/4"}],"replies":[{"embeddable":true,"href":"https:\/\/www.sassi-llc.eu\/wp-json\/wp\/v2\/comments?post=2966"}],"version-history":[{"count":2,"href":"https:\/\/www.sassi-llc.eu\/wp-json\/wp\/v2\/pages\/2966\/revisions"}],"predecessor-version":[{"id":3454,"href":"https:\/\/www.sassi-llc.eu\/wp-json\/wp\/v2\/pages\/2966\/revisions\/3454"}],"up":[{"embeddable":true,"href":"https:\/\/www.sassi-llc.eu\/wp-json\/wp\/v2\/pages\/2944"}],"wp:featuredmedia":[{"embeddable":true,"href":"https:\/\/www.sassi-llc.eu\/wp-json\/wp\/v2\/media\/4859"}],"wp:attachment":[{"href":"https:\/\/www.sassi-llc.eu\/wp-json\/wp\/v2\/media?parent=2966"}],"curies":[{"name":"wp","href":"https:\/\/api.w.org\/{rel}","templated":true}]}}