{"id":2972,"date":"2023-11-15T14:18:10","date_gmt":"2023-11-15T14:18:10","guid":{"rendered":"https:\/\/www.sassi-llc.eu\/?page_id=2972"},"modified":"2024-09-12T12:13:07","modified_gmt":"2024-09-12T12:13:07","slug":"chapter-iii-the-role-of-an-ambassador","status":"publish","type":"page","link":"https:\/\/www.sassi-llc.eu\/sk\/courses\/ambassadors-for-mobility-in-later-life\/chapter-iii-the-role-of-an-ambassador\/","title":{"rendered":"KAPITOLA 3 \u2013 \u00daloha ambas\u00e1dora"},"content":{"rendered":"\n<div class=\"ct-posts-shortcode\" data-prefix=\"class_archive\"><div class=\"entries\" data-archive=\"default\" data-layout=\"grid\" data-cards=\"simple\"><article id=\"post-2925\" class=\"entry-card post-2925 class type-class status-publish format-standard has-post-thumbnail hentry en-GB\" data-reveal=\"yes:1\"><a class=\"ct-image-container\" href=\"https:\/\/www.sassi-llc.eu\/class\/iii-1-kto-su-velvyslanci-mobility-v-neskorsom-veku\/\" aria-label=\"III. 1. \u2013 Kto s\u00fa ve\u013evyslanci mobility v neskor\u0161om veku?\" tabindex=\"-1\"><img loading=\"lazy\" decoding=\"async\" width=\"768\" height=\"1152\" src=\"https:\/\/www.sassi-llc.eu\/wp-content\/uploads\/2023\/10\/portrait-of-a-lady-in-her-sixties-bold-glasses-and-dark-background-business-casual-clothes-768x768.jpeg\" class=\"attachment-medium_large size-medium_large wp-post-image\" alt=\"\" srcset=\"https:\/\/www.sassi-llc.eu\/wp-content\/uploads\/2023\/10\/portrait-of-a-lady-in-her-sixties-bold-glasses-and-dark-background-business-casual-clothes-768x768.jpeg 768w, https:\/\/www.sassi-llc.eu\/wp-content\/uploads\/2023\/10\/portrait-of-a-lady-in-her-sixties-bold-glasses-and-dark-background-business-casual-clothes-300x300.jpeg 200w, https:\/\/www.sassi-llc.eu\/wp-content\/uploads\/2023\/10\/portrait-of-a-lady-in-her-sixties-bold-glasses-and-dark-background-business-casual-clothes-150x150.jpeg 683w, https:\/\/www.sassi-llc.eu\/wp-content\/uploads\/2023\/10\/portrait-of-a-lady-in-her-sixties-bold-glasses-and-dark-background-business-casual-clothes.jpeg 1024w, https:\/\/www.sassi-llc.eu\/wp-content\/uploads\/2023\/10\/portrait-of-a-lady-in-her-sixties-bold-glasses-and-dark-background-business-casual-clothes.jpeg 1280w\" sizes=\"auto, (max-width: 768px) 100vw, 768px\" itemprop=\"image\" style=\"aspect-ratio: 4\/3;\"><\/a>\n\t<h2 class=\"entry-title\">\n\t\t<a href=\"https:\/\/www.sassi-llc.eu\/class\/iii-1-kto-su-velvyslanci-mobility-v-neskorsom-veku\/\" rel=\"bookmark\">\n\t\t\tIII. 1. \u2013 Kto s\u00fa ve\u013evyslanci mobility v neskor\u0161om veku?\t\t<\/a>\n\t<\/h2>\n\n\t<div class=\"entry-excerpt\">Pochopenie k\u013e\u00fa\u010dov\u00fdch charakterist\u00edk ambas\u00e1dora mobility v neskor\u0161om veku.<\/div><a class=\"entry-button\" data-type=\"simple\" href=\"https:\/\/www.sassi-llc.eu\/class\/iii-1-kto-su-velvyslanci-mobility-v-neskorsom-veku\/\">Read More<svg width=\"17px\" height=\"17px\" viewBox=\"0 0 32 32\"><path d=\"M 21.1875 9.28125 L 19.78125 10.71875 L 24.0625 15 L 4 15 L 4 17 L 24.0625 17 L 19.78125 21.28125 L 21.1875 22.71875 L 27.90625 16 Z \"><\/path><\/svg><span class=\"screen-reader-text\">III. 1. \u2013 Kto s\u00fa ve\u013evyslanci mobility v neskor\u0161om veku?<\/span><\/a><\/article><article id=\"post-2926\" class=\"entry-card post-2926 class type-class status-publish format-standard has-post-thumbnail hentry en-GB\" data-reveal=\"yes:2\"><a class=\"ct-image-container\" href=\"https:\/\/www.sassi-llc.eu\/class\/iii-2-zodpovednosti-a-konkretne-ulohy-velvyslanca-vyhody-mobility\/\" aria-label=\"III. 2. \u2013 Zodpovednosti a konkr\u00e9tne \u00falohy ve\u013evyslanca \u2013 V\u00fdhody mobility\" tabindex=\"-1\"><img loading=\"lazy\" decoding=\"async\" width=\"768\" height=\"512\" src=\"https:\/\/www.sassi-llc.eu\/wp-content\/uploads\/2023\/10\/man-in-his-late-fifties-sitting-on-a-coach-reading-a-scientific-book.jpeg\" class=\"attachment-medium_large size-medium_large wp-post-image\" alt=\"\" srcset=\"https:\/\/www.sassi-llc.eu\/wp-content\/uploads\/2023\/10\/man-in-his-late-fifties-sitting-on-a-coach-reading-a-scientific-book.jpeg 768w, https:\/\/www.sassi-llc.eu\/wp-content\/uploads\/2023\/10\/man-in-his-late-fifties-sitting-on-a-coach-reading-a-scientific-book-300x300.jpeg 300w, https:\/\/www.sassi-llc.eu\/wp-content\/uploads\/2023\/10\/man-in-his-late-fifties-sitting-on-a-coach-reading-a-scientific-book-150x150.jpeg 1024w, https:\/\/www.sassi-llc.eu\/wp-content\/uploads\/2023\/10\/man-in-his-late-fifties-sitting-on-a-coach-reading-a-scientific-book.jpeg 1280w\" sizes=\"auto, (max-width: 768px) 100vw, 768px\" itemprop=\"image\" style=\"aspect-ratio: 4\/3;\"><\/a>\n\t<h2 class=\"entry-title\">\n\t\t<a href=\"https:\/\/www.sassi-llc.eu\/class\/iii-2-zodpovednosti-a-konkretne-ulohy-velvyslanca-vyhody-mobility\/\" rel=\"bookmark\">\n\t\t\tIII. 2. \u2013 Zodpovednosti a konkr\u00e9tne \u00falohy ve\u013evyslanca \u2013 V\u00fdhody mobility\t\t<\/a>\n\t<\/h2>\n\n\t<div class=\"entry-excerpt\">Sta\u0165 sa lep\u0161\u00edm ve\u013evyslancom v\u010faka osvojeniu si poznatkov o kognit\u00edvnych predsudkoch<\/div><a class=\"entry-button\" data-type=\"simple\" href=\"https:\/\/www.sassi-llc.eu\/class\/iii-2-zodpovednosti-a-konkretne-ulohy-velvyslanca-vyhody-mobility\/\">Read More<svg width=\"17px\" height=\"17px\" viewBox=\"0 0 32 32\"><path d=\"M 21.1875 9.28125 L 19.78125 10.71875 L 24.0625 15 L 4 15 L 4 17 L 24.0625 17 L 19.78125 21.28125 L 21.1875 22.71875 L 27.90625 16 Z \"><\/path><\/svg><span class=\"screen-reader-text\">III. 2. \u2013 Zodpovednosti a konkr\u00e9tne \u00falohy ve\u013evyslanca \u2013 V\u00fdhody mobility<\/span><\/a><\/article><article id=\"post-2927\" class=\"entry-card post-2927 class type-class status-publish format-standard has-post-thumbnail hentry en-GB\" data-reveal=\"yes:3\"><a class=\"ct-image-container\" href=\"https:\/\/www.sassi-llc.eu\/class\/iii-3-zodpovednosti-a-konkretne-ulohy-velvyslanca-prekonavanie-barier\/\" aria-label=\"III. 3. \u2013 Zodpovednosti a konkr\u00e9tne \u00falohy ve\u013evyslanca \u2013 prekon\u00e1vanie bari\u00e9r\" tabindex=\"-1\"><img loading=\"lazy\" decoding=\"async\" width=\"768\" height=\"512\" src=\"https:\/\/www.sassi-llc.eu\/wp-content\/uploads\/2023\/10\/three-ladies-in-their-late-fifties-sitting-on-a-coach-and-looking-on-one-smartphone-screen.jpeg\" class=\"attachment-medium_large size-medium_large wp-post-image\" alt=\"\" srcset=\"https:\/\/www.sassi-llc.eu\/wp-content\/uploads\/2023\/10\/three-ladies-in-their-late-fifties-sitting-on-a-coach-and-looking-on-one-smartphone-screen.jpeg 768w, https:\/\/www.sassi-llc.eu\/wp-content\/uploads\/2023\/10\/three-ladies-in-their-late-fifties-sitting-on-a-coach-and-looking-on-one-smartphone-screen-300x300.jpeg 300w, https:\/\/www.sassi-llc.eu\/wp-content\/uploads\/2023\/10\/three-ladies-in-their-late-fifties-sitting-on-a-coach-and-looking-on-one-smartphone-screen-150x150.jpeg 1024w, https:\/\/www.sassi-llc.eu\/wp-content\/uploads\/2023\/10\/three-ladies-in-their-late-fifties-sitting-on-a-coach-and-looking-on-one-smartphone-screen.jpeg 1280w\" sizes=\"auto, (max-width: 768px) 100vw, 768px\" itemprop=\"image\" style=\"aspect-ratio: 4\/3;\"><\/a>\n\t<h2 class=\"entry-title\">\n\t\t<a href=\"https:\/\/www.sassi-llc.eu\/class\/iii-3-zodpovednosti-a-konkretne-ulohy-velvyslanca-prekonavanie-barier\/\" rel=\"bookmark\">\n\t\t\tIII. 3. \u2013 Zodpovednosti a konkr\u00e9tne \u00falohy ve\u013evyslanca \u2013 prekon\u00e1vanie bari\u00e9r\t\t<\/a>\n\t<\/h2>\n\n\t<div class=\"entry-excerpt\">Pozrime sa hlb\u0161ie na stereotypy a potenci\u00e1lne prek\u00e1\u017eky, s ktor\u00fdmi sa \u013eudia m\u00f4\u017eu stretn\u00fa\u0165 v s\u00favislosti s programami mobility.<\/div><a class=\"entry-button\" data-type=\"simple\" href=\"https:\/\/www.sassi-llc.eu\/class\/iii-3-zodpovednosti-a-konkretne-ulohy-velvyslanca-prekonavanie-barier\/\">Read More<svg width=\"17px\" height=\"17px\" viewBox=\"0 0 32 32\"><path d=\"M 21.1875 9.28125 L 19.78125 10.71875 L 24.0625 15 L 4 15 L 4 17 L 24.0625 17 L 19.78125 21.28125 L 21.1875 22.71875 L 27.90625 16 Z \"><\/path><\/svg><span class=\"screen-reader-text\">III. 3. \u2013 Zodpovednosti a konkr\u00e9tne \u00falohy ve\u013evyslanca \u2013 prekon\u00e1vanie bari\u00e9r<\/span><\/a><\/article><article id=\"post-2928\" class=\"entry-card post-2928 class type-class status-publish format-standard has-post-thumbnail hentry en-GB\" data-reveal=\"yes:4\"><a class=\"ct-image-container\" href=\"https:\/\/www.sassi-llc.eu\/class\/iii-4-zodpovednosti-a-konkretne-ulohy-velvyslanca-planovanie-a-realizacia-mobility\/\" aria-label=\"III. 4. \u2013 Zodpovednosti a konkr\u00e9tne \u00falohy ve\u013evyslanca \u2013 pl\u00e1novanie a realiz\u00e1cia mobility\" tabindex=\"-1\"><img loading=\"lazy\" decoding=\"async\" width=\"768\" height=\"1152\" src=\"https:\/\/www.sassi-llc.eu\/wp-content\/uploads\/2023\/10\/55-years-old-man-with-a-distant-gaze-business-casual-look-making-a-smartphone-call-768x768.jpeg\" class=\"attachment-medium_large size-medium_large wp-post-image\" alt=\"\" srcset=\"https:\/\/www.sassi-llc.eu\/wp-content\/uploads\/2023\/10\/55-years-old-man-with-a-distant-gaze-business-casual-look-making-a-smartphone-call-768x768.jpeg 768w, https:\/\/www.sassi-llc.eu\/wp-content\/uploads\/2023\/10\/55-years-old-man-with-a-distant-gaze-business-casual-look-making-a-smartphone-call-300x300.jpeg 200w, https:\/\/www.sassi-llc.eu\/wp-content\/uploads\/2023\/10\/55-years-old-man-with-a-distant-gaze-business-casual-look-making-a-smartphone-call-150x150.jpeg 683w, https:\/\/www.sassi-llc.eu\/wp-content\/uploads\/2023\/10\/55-years-old-man-with-a-distant-gaze-business-casual-look-making-a-smartphone-call.jpeg 1024w, https:\/\/www.sassi-llc.eu\/wp-content\/uploads\/2023\/10\/55-years-old-man-with-a-distant-gaze-business-casual-look-making-a-smartphone-call.jpeg 1280w\" sizes=\"auto, (max-width: 768px) 100vw, 768px\" itemprop=\"image\" style=\"aspect-ratio: 4\/3;\"><\/a>\n\t<h2 class=\"entry-title\">\n\t\t<a href=\"https:\/\/www.sassi-llc.eu\/class\/iii-4-zodpovednosti-a-konkretne-ulohy-velvyslanca-planovanie-a-realizacia-mobility\/\" rel=\"bookmark\">\n\t\t\tIII. 4. \u2013 Zodpovednosti a konkr\u00e9tne \u00falohy ve\u013evyslanca \u2013 pl\u00e1novanie a realiz\u00e1cia mobility\t\t<\/a>\n\t<\/h2>\n\n\t<div class=\"entry-excerpt\">Pl\u00e1novanie a realiz\u00e1cia podpory &#8211; vedie\u0165, ako ide\u00e1lne pripravi\u0165 a sprev\u00e1dza\u0165 mobilitu<\/div><a class=\"entry-button\" data-type=\"simple\" href=\"https:\/\/www.sassi-llc.eu\/class\/iii-4-zodpovednosti-a-konkretne-ulohy-velvyslanca-planovanie-a-realizacia-mobility\/\">Read More<svg width=\"17px\" height=\"17px\" viewBox=\"0 0 32 32\"><path d=\"M 21.1875 9.28125 L 19.78125 10.71875 L 24.0625 15 L 4 15 L 4 17 L 24.0625 17 L 19.78125 21.28125 L 21.1875 22.71875 L 27.90625 16 Z \"><\/path><\/svg><span class=\"screen-reader-text\">III. 4. \u2013 Zodpovednosti a konkr\u00e9tne \u00falohy ve\u013evyslanca \u2013 pl\u00e1novanie a realiz\u00e1cia mobility<\/span><\/a><\/article><article id=\"post-2929\" class=\"entry-card post-2929 class type-class status-publish format-standard has-post-thumbnail hentry en-GB\" data-reveal=\"yes:1\"><a class=\"ct-image-container\" href=\"https:\/\/www.sassi-llc.eu\/class\/iii-5-velvyslanec-ako-rozpravac\/\" aria-label=\"III. 5. \u2013 Ve\u013evyslanec ako rozpr\u00e1va\u010d\" tabindex=\"-1\"><img loading=\"lazy\" decoding=\"async\" width=\"768\" height=\"470\" src=\"https:\/\/www.sassi-llc.eu\/wp-content\/uploads\/2023\/10\/classical-typewriter-view-on-the-sheet-of-paper-with-wording-22Stories-matter22.jpeg\" class=\"attachment-medium_large size-medium_large wp-post-image\" alt=\"\" srcset=\"https:\/\/www.sassi-llc.eu\/wp-content\/uploads\/2023\/10\/classical-typewriter-view-on-the-sheet-of-paper-with-wording-22Stories-matter22.jpeg 768w, https:\/\/www.sassi-llc.eu\/wp-content\/uploads\/2023\/10\/classical-typewriter-view-on-the-sheet-of-paper-with-wording-22Stories-matter22-300x300.jpeg 300w, https:\/\/www.sassi-llc.eu\/wp-content\/uploads\/2023\/10\/classical-typewriter-view-on-the-sheet-of-paper-with-wording-22Stories-matter22-150x150.jpeg 1024w, https:\/\/www.sassi-llc.eu\/wp-content\/uploads\/2023\/10\/classical-typewriter-view-on-the-sheet-of-paper-with-wording-22Stories-matter22.jpeg 1279w\" sizes=\"auto, (max-width: 768px) 100vw, 768px\" itemprop=\"image\" style=\"aspect-ratio: 4\/3;\"><\/a>\n\t<h2 class=\"entry-title\">\n\t\t<a href=\"https:\/\/www.sassi-llc.eu\/class\/iii-5-velvyslanec-ako-rozpravac\/\" rel=\"bookmark\">\n\t\t\tIII. 5. \u2013 Ve\u013evyslanec ako rozpr\u00e1va\u010d\t\t<\/a>\n\t<\/h2>\n\n\t<div class=\"entry-excerpt\">Pr\u00edbehy s\u00fa sk\u00f4r n\u00e1dobou, ktor\u00e1 pos\u00fava myslenie v\u00e1\u0161ho klienta\/z\u00e1ujemcu od abstraktn\u00e9ho strachu z mobility alebo podnikania.<\/div><a class=\"entry-button\" data-type=\"simple\" href=\"https:\/\/www.sassi-llc.eu\/class\/iii-5-velvyslanec-ako-rozpravac\/\">Read More<svg width=\"17px\" height=\"17px\" viewBox=\"0 0 32 32\"><path d=\"M 21.1875 9.28125 L 19.78125 10.71875 L 24.0625 15 L 4 15 L 4 17 L 24.0625 17 L 19.78125 21.28125 L 21.1875 22.71875 L 27.90625 16 Z \"><\/path><\/svg><span class=\"screen-reader-text\">III. 5. \u2013 Ve\u013evyslanec ako rozpr\u00e1va\u010d<\/span><\/a><\/article><article id=\"post-2930\" class=\"entry-card post-2930 class type-class status-publish format-standard has-post-thumbnail hentry en-GB\" data-reveal=\"yes:2\"><a class=\"ct-image-container\" href=\"https:\/\/www.sassi-llc.eu\/class\/iii-6-vyznam-medzikulturnej-kompetencie\/\" aria-label=\"III. 6. \u2013 V\u00fdznam medzikult\u00farnej kompetencie\" tabindex=\"-1\"><img loading=\"lazy\" decoding=\"async\" width=\"768\" height=\"512\" src=\"https:\/\/www.sassi-llc.eu\/wp-content\/uploads\/2023\/10\/symbolic-image-for-22-The-Importance-of-Intercultural-Competence22.jpeg\" class=\"attachment-medium_large size-medium_large wp-post-image\" alt=\"\" srcset=\"https:\/\/www.sassi-llc.eu\/wp-content\/uploads\/2023\/10\/symbolic-image-for-22-The-Importance-of-Intercultural-Competence22.jpeg 768w, https:\/\/www.sassi-llc.eu\/wp-content\/uploads\/2023\/10\/symbolic-image-for-22-The-Importance-of-Intercultural-Competence22-300x300.jpeg 300w, https:\/\/www.sassi-llc.eu\/wp-content\/uploads\/2023\/10\/symbolic-image-for-22-The-Importance-of-Intercultural-Competence22-150x150.jpeg 1024w, https:\/\/www.sassi-llc.eu\/wp-content\/uploads\/2023\/10\/symbolic-image-for-22-The-Importance-of-Intercultural-Competence22.jpeg 1280w\" sizes=\"auto, (max-width: 768px) 100vw, 768px\" itemprop=\"image\" style=\"aspect-ratio: 4\/3;\"><\/a>\n\t<h2 class=\"entry-title\">\n\t\t<a href=\"https:\/\/www.sassi-llc.eu\/class\/iii-6-vyznam-medzikulturnej-kompetencie\/\" rel=\"bookmark\">\n\t\t\tIII. 6. \u2013 V\u00fdznam medzikult\u00farnej kompetencie\t\t<\/a>\n\t<\/h2>\n\n\t<div class=\"entry-excerpt\">Pochopi\u0165, ako kult\u00fara formuje vn\u00edmanie, a uvedomi\u0165 si vlastn\u00e9 kult\u00farne formovan\u00e9 hodnoty, presved\u010denia a predsudky.<\/div><a class=\"entry-button\" data-type=\"simple\" href=\"https:\/\/www.sassi-llc.eu\/class\/iii-6-vyznam-medzikulturnej-kompetencie\/\">Read More<svg width=\"17px\" height=\"17px\" viewBox=\"0 0 32 32\"><path d=\"M 21.1875 9.28125 L 19.78125 10.71875 L 24.0625 15 L 4 15 L 4 17 L 24.0625 17 L 19.78125 21.28125 L 21.1875 22.71875 L 27.90625 16 Z \"><\/path><\/svg><span class=\"screen-reader-text\">III. 6. \u2013 V\u00fdznam medzikult\u00farnej kompetencie<\/span><\/a><\/article><\/div><\/div>\n\n\n\n<div style=\"height:100px\" aria-hidden=\"true\" class=\"wp-block-spacer\"><\/div>\n","protected":false},"excerpt":{"rendered":"<p>III. 1. \u2013 Kto s\u00fa ve\u013evyslanci mobility v neskor\u0161om veku? Pochopenie k\u013e\u00fa\u010dov\u00fdch charakterist\u00edk ambas\u00e1dora mobility v neskor\u0161om veku. Read MoreIII. 1. \u2013 Kto s\u00fa ve\u013evyslanci mobility v neskor\u0161om veku? III. 2. \u2013 Zodpovednosti a konkr\u00e9tne \u00falohy ve\u013evyslanca \u2013 V\u00fdhody mobility Sta\u0165 sa lep\u0161\u00edm ve\u013evyslancom v\u010faka osvojeniu si poznatkov o kognit\u00edvnych predsudkoch Read MoreIII. 2. \u2013 [&hellip;]<\/p>\n","protected":false},"author":4,"featured_media":4857,"parent":2944,"menu_order":3,"comment_status":"closed","ping_status":"closed","template":"","meta":{"inline_featured_image":false,"_locale":"sk_SK","_original_post":"https:\/\/www.sassi-llc.eu\/?page_id=2640","footnotes":""},"class_list":["post-2972","page","type-page","status-publish","has-post-thumbnail","hentry","sk-SK"],"blocksy_meta":[],"_links":{"self":[{"href":"https:\/\/www.sassi-llc.eu\/wp-json\/wp\/v2\/pages\/2972","targetHints":{"allow":["GET"]}}],"collection":[{"href":"https:\/\/www.sassi-llc.eu\/wp-json\/wp\/v2\/pages"}],"about":[{"href":"https:\/\/www.sassi-llc.eu\/wp-json\/wp\/v2\/types\/page"}],"author":[{"embeddable":true,"href":"https:\/\/www.sassi-llc.eu\/wp-json\/wp\/v2\/users\/4"}],"replies":[{"embeddable":true,"href":"https:\/\/www.sassi-llc.eu\/wp-json\/wp\/v2\/comments?post=2972"}],"version-history":[{"count":2,"href":"https:\/\/www.sassi-llc.eu\/wp-json\/wp\/v2\/pages\/2972\/revisions"}],"predecessor-version":[{"id":3455,"href":"https:\/\/www.sassi-llc.eu\/wp-json\/wp\/v2\/pages\/2972\/revisions\/3455"}],"up":[{"embeddable":true,"href":"https:\/\/www.sassi-llc.eu\/wp-json\/wp\/v2\/pages\/2944"}],"wp:featuredmedia":[{"embeddable":true,"href":"https:\/\/www.sassi-llc.eu\/wp-json\/wp\/v2\/media\/4857"}],"wp:attachment":[{"href":"https:\/\/www.sassi-llc.eu\/wp-json\/wp\/v2\/media?parent=2972"}],"curies":[{"name":"wp","href":"https:\/\/api.w.org\/{rel}","templated":true}]}}