{"id":2974,"date":"2023-11-15T14:20:06","date_gmt":"2023-11-15T14:20:06","guid":{"rendered":"https:\/\/www.sassi-llc.eu\/?page_id=2974"},"modified":"2024-03-13T22:38:49","modified_gmt":"2024-03-13T22:38:49","slug":"chapter-iv-mobility-in-practice","status":"publish","type":"page","link":"https:\/\/www.sassi-llc.eu\/sk\/chapter-iv-mobility-in-practice\/","title":{"rendered":"KAPITOLA 4 \u2013 Mobilita v Praxi"},"content":{"rendered":"\n<div class=\"ct-posts-shortcode\" data-prefix=\"class_archive\"><div class=\"entries\" data-archive=\"default\" data-layout=\"grid\" data-cards=\"simple\"><article id=\"post-2936\" class=\"entry-card post-2936 class type-class status-publish format-standard has-post-thumbnail hentry en-GB\" data-reveal=\"yes:1\"><a class=\"ct-image-container\" href=\"https:\/\/www.sassi-llc.eu\/class\/iv-1-vyber-vhodnej-mobility\/\" aria-label=\"IV. 1. \u2013 V\u00fdber vhodnej mobility\" tabindex=\"-1\"><img loading=\"lazy\" decoding=\"async\" width=\"768\" height=\"511\" src=\"https:\/\/www.sassi-llc.eu\/wp-content\/uploads\/2023\/10\/pixabay-269790-768x511.webp\" class=\"attachment-medium_large size-medium_large wp-post-image\" alt=\"\" srcset=\"https:\/\/www.sassi-llc.eu\/wp-content\/uploads\/2023\/10\/pixabay-269790-768x511.webp 768w, https:\/\/www.sassi-llc.eu\/wp-content\/uploads\/2023\/10\/pixabay-269790-300x200.webp 300w, https:\/\/www.sassi-llc.eu\/wp-content\/uploads\/2023\/10\/pixabay-269790-1024x682.webp 1024w, https:\/\/www.sassi-llc.eu\/wp-content\/uploads\/2023\/10\/pixabay-269790.webp 1280w\" sizes=\"auto, (max-width: 768px) 100vw, 768px\" itemprop=\"image\" style=\"aspect-ratio: 4\/3;\"><\/a>\n\t<h2 class=\"entry-title\">\n\t\t<a href=\"https:\/\/www.sassi-llc.eu\/class\/iv-1-vyber-vhodnej-mobility\/\" rel=\"bookmark\">\n\t\t\tIV. 1. \u2013 V\u00fdber vhodnej mobility\t\t<\/a>\n\t<\/h2>\n\n\t<div class=\"entry-excerpt\">Mobilita na pracovisku m\u00f4\u017ee by\u0165 jedn\u00fdm z prvkov kari\u00e9rneho rozvoja, ktor\u00fd mo\u017eno definova\u0165 ako s\u00e9riu \u010dinnost\u00ed alebo celo\u017eivotn\u00fd proces rozvoja kari\u00e9ry.<\/div><a class=\"entry-button\" data-type=\"simple\" href=\"https:\/\/www.sassi-llc.eu\/class\/iv-1-vyber-vhodnej-mobility\/\">Read More<svg width=\"17px\" height=\"17px\" viewBox=\"0 0 32 32\"><path d=\"M 21.1875 9.28125 L 19.78125 10.71875 L 24.0625 15 L 4 15 L 4 17 L 24.0625 17 L 19.78125 21.28125 L 21.1875 22.71875 L 27.90625 16 Z \"><\/path><\/svg><span class=\"screen-reader-text\">IV. 1. \u2013 V\u00fdber vhodnej mobility<\/span><\/a><\/article><article id=\"post-2937\" class=\"entry-card post-2937 class type-class status-publish format-standard has-post-thumbnail hentry en-GB\" data-reveal=\"yes:2\"><a class=\"ct-image-container\" href=\"https:\/\/www.sassi-llc.eu\/class\/iv-2-pravne-aspekty-mobility\/\" aria-label=\"IV. 2. \u2013 Pr\u00e1vne aspekty mobility\" tabindex=\"-1\"><img loading=\"lazy\" decoding=\"async\" width=\"768\" height=\"512\" src=\"https:\/\/www.sassi-llc.eu\/wp-content\/uploads\/2023\/10\/one-person-coaches-about-legal-aspects-with-coachee-about-60-years-old-business-casual-look.jpeg\" class=\"attachment-medium_large size-medium_large wp-post-image\" alt=\"\" srcset=\"https:\/\/www.sassi-llc.eu\/wp-content\/uploads\/2023\/10\/one-person-coaches-about-legal-aspects-with-coachee-about-60-years-old-business-casual-look.jpeg 768w, https:\/\/www.sassi-llc.eu\/wp-content\/uploads\/2023\/10\/one-person-coaches-about-legal-aspects-with-coachee-about-60-years-old-business-casual-look-300x300.jpeg 300w, https:\/\/www.sassi-llc.eu\/wp-content\/uploads\/2023\/10\/one-person-coaches-about-legal-aspects-with-coachee-about-60-years-old-business-casual-look-150x150.jpeg 1024w, https:\/\/www.sassi-llc.eu\/wp-content\/uploads\/2023\/10\/one-person-coaches-about-legal-aspects-with-coachee-about-60-years-old-business-casual-look.jpeg 1280w\" sizes=\"auto, (max-width: 768px) 100vw, 768px\" itemprop=\"image\" style=\"aspect-ratio: 4\/3;\"><\/a>\n\t<h2 class=\"entry-title\">\n\t\t<a href=\"https:\/\/www.sassi-llc.eu\/class\/iv-2-pravne-aspekty-mobility\/\" rel=\"bookmark\">\n\t\t\tIV. 2. \u2013 Pr\u00e1vne aspekty mobility\t\t<\/a>\n\t<\/h2>\n\n\t<div class=\"entry-excerpt\">Zistite, ak\u00e9 s\u00fa pr\u00edslu\u0161n\u00e9 pr\u00e1vne po\u017eiadavky na pl\u00e1novanie mobility a kde n\u00e1js\u0165 zdroje<\/div><a class=\"entry-button\" data-type=\"simple\" href=\"https:\/\/www.sassi-llc.eu\/class\/iv-2-pravne-aspekty-mobility\/\">Read More<svg width=\"17px\" height=\"17px\" viewBox=\"0 0 32 32\"><path d=\"M 21.1875 9.28125 L 19.78125 10.71875 L 24.0625 15 L 4 15 L 4 17 L 24.0625 17 L 19.78125 21.28125 L 21.1875 22.71875 L 27.90625 16 Z \"><\/path><\/svg><span class=\"screen-reader-text\">IV. 2. \u2013 Pr\u00e1vne aspekty mobility<\/span><\/a><\/article><article id=\"post-2938\" class=\"entry-card post-2938 class type-class status-publish format-standard has-post-thumbnail hentry en-GB\" data-reveal=\"yes:3\"><a class=\"ct-image-container\" href=\"https:\/\/www.sassi-llc.eu\/class\/iv-3-samostatne-ucenie-v-mobilite\/\" aria-label=\"IV. 3. \u2013 Samostatn\u00e9 u\u010denie v mobilite\" tabindex=\"-1\"><img loading=\"lazy\" decoding=\"async\" width=\"768\" height=\"515\" src=\"https:\/\/www.sassi-llc.eu\/wp-content\/uploads\/2023\/10\/pile-of-books-on-a-desk-topic-of-books-business-administration-start-up.jpeg\" class=\"attachment-medium_large size-medium_large wp-post-image\" alt=\"\" srcset=\"https:\/\/www.sassi-llc.eu\/wp-content\/uploads\/2023\/10\/pile-of-books-on-a-desk-topic-of-books-business-administration-start-up.jpeg 768w, https:\/\/www.sassi-llc.eu\/wp-content\/uploads\/2023\/10\/pile-of-books-on-a-desk-topic-of-books-business-administration-start-up-300x300.jpeg 300w, https:\/\/www.sassi-llc.eu\/wp-content\/uploads\/2023\/10\/pile-of-books-on-a-desk-topic-of-books-business-administration-start-up-150x150.jpeg 1024w, https:\/\/www.sassi-llc.eu\/wp-content\/uploads\/2023\/10\/pile-of-books-on-a-desk-topic-of-books-business-administration-start-up.jpeg 1279w\" sizes=\"auto, (max-width: 768px) 100vw, 768px\" itemprop=\"image\" style=\"aspect-ratio: 4\/3;\"><\/a>\n\t<h2 class=\"entry-title\">\n\t\t<a href=\"https:\/\/www.sassi-llc.eu\/class\/iv-3-samostatne-ucenie-v-mobilite\/\" rel=\"bookmark\">\n\t\t\tIV. 3. \u2013 Samostatn\u00e9 u\u010denie v mobilite\t\t<\/a>\n\t<\/h2>\n\n\t<div class=\"entry-excerpt\">Ak radi preber\u00e1te zodpovednos\u0165 za to, \u010do sa nau\u010d\u00edte a zvl\u00e1dnete, samostatne riaden\u00e9 u\u010denie m\u00f4\u017ee by\u0165 tou spr\u00e1vnou vo\u013ebou.<\/div><a class=\"entry-button\" data-type=\"simple\" href=\"https:\/\/www.sassi-llc.eu\/class\/iv-3-samostatne-ucenie-v-mobilite\/\">Read More<svg width=\"17px\" height=\"17px\" viewBox=\"0 0 32 32\"><path d=\"M 21.1875 9.28125 L 19.78125 10.71875 L 24.0625 15 L 4 15 L 4 17 L 24.0625 17 L 19.78125 21.28125 L 21.1875 22.71875 L 27.90625 16 Z \"><\/path><\/svg><span class=\"screen-reader-text\">IV. 3. \u2013 Samostatn\u00e9 u\u010denie v mobilite<\/span><\/a><\/article><article id=\"post-2939\" class=\"entry-card post-2939 class type-class status-publish format-standard has-post-thumbnail hentry en-GB\" data-reveal=\"yes:4\"><a class=\"ct-image-container\" href=\"https:\/\/www.sassi-llc.eu\/class\/iv-4-monitorovanie-a-dokazovanie-rozvoja-kompetencii\/\" aria-label=\"IV. 4. \u2013 Monitorovanie a dokazovanie rozvoja kompetenci\u00ed\" tabindex=\"-1\"><img loading=\"lazy\" decoding=\"async\" width=\"768\" height=\"1152\" src=\"https:\/\/www.sassi-llc.eu\/wp-content\/uploads\/2023\/10\/shorthaired-lady-in-her-midfifties-working-at-her-laptop-casual-768x768.jpeg\" class=\"attachment-medium_large size-medium_large wp-post-image\" alt=\"\" srcset=\"https:\/\/www.sassi-llc.eu\/wp-content\/uploads\/2023\/10\/shorthaired-lady-in-her-midfifties-working-at-her-laptop-casual-768x768.jpeg 768w, https:\/\/www.sassi-llc.eu\/wp-content\/uploads\/2023\/10\/shorthaired-lady-in-her-midfifties-working-at-her-laptop-casual-300x300.jpeg 200w, https:\/\/www.sassi-llc.eu\/wp-content\/uploads\/2023\/10\/shorthaired-lady-in-her-midfifties-working-at-her-laptop-casual-150x150.jpeg 683w, https:\/\/www.sassi-llc.eu\/wp-content\/uploads\/2023\/10\/shorthaired-lady-in-her-midfifties-working-at-her-laptop-casual.jpeg 1024w, https:\/\/www.sassi-llc.eu\/wp-content\/uploads\/2023\/10\/shorthaired-lady-in-her-midfifties-working-at-her-laptop-casual.jpeg 1280w\" sizes=\"auto, (max-width: 768px) 100vw, 768px\" itemprop=\"image\" style=\"aspect-ratio: 4\/3;\"><\/a>\n\t<h2 class=\"entry-title\">\n\t\t<a href=\"https:\/\/www.sassi-llc.eu\/class\/iv-4-monitorovanie-a-dokazovanie-rozvoja-kompetencii\/\" rel=\"bookmark\">\n\t\t\tIV. 4. \u2013 Monitorovanie a dokazovanie rozvoja kompetenci\u00ed\t\t<\/a>\n\t<\/h2>\n\n\t<div class=\"entry-excerpt\">Uvedomenie si po\u017eadovan\u00fdch zlep\u0161en\u00ed pred mobilitou v\u00e1m pom\u00f4\u017ee pos\u00fadi\u0165 dosiahnut\u00fd pokrok. Evidencia v\u00e1m pom\u00f4\u017ee r\u00f4znymi sp\u00f4sobmi.<\/div><a class=\"entry-button\" data-type=\"simple\" href=\"https:\/\/www.sassi-llc.eu\/class\/iv-4-monitorovanie-a-dokazovanie-rozvoja-kompetencii\/\">Read More<svg width=\"17px\" height=\"17px\" viewBox=\"0 0 32 32\"><path d=\"M 21.1875 9.28125 L 19.78125 10.71875 L 24.0625 15 L 4 15 L 4 17 L 24.0625 17 L 19.78125 21.28125 L 21.1875 22.71875 L 27.90625 16 Z \"><\/path><\/svg><span class=\"screen-reader-text\">IV. 4. \u2013 Monitorovanie a dokazovanie rozvoja kompetenci\u00ed<\/span><\/a><\/article><\/div><\/div>\n","protected":false},"excerpt":{"rendered":"<p>IV. 1. \u2013 V\u00fdber vhodnej mobility Mobilita na pracovisku m\u00f4\u017ee by\u0165 jedn\u00fdm z prvkov kari\u00e9rneho rozvoja, ktor\u00fd mo\u017eno definova\u0165 ako s\u00e9riu \u010dinnost\u00ed alebo celo\u017eivotn\u00fd proces rozvoja kari\u00e9ry. Read MoreIV. 1. \u2013 V\u00fdber vhodnej mobility IV. 2. \u2013 Pr\u00e1vne aspekty mobility Zistite, ak\u00e9 s\u00fa pr\u00edslu\u0161n\u00e9 pr\u00e1vne po\u017eiadavky na pl\u00e1novanie mobility a kde n\u00e1js\u0165 zdroje Read MoreIV. [&hellip;]<\/p>\n","protected":false},"author":4,"featured_media":0,"parent":0,"menu_order":0,"comment_status":"closed","ping_status":"closed","template":"","meta":{"inline_featured_image":false,"_locale":"sk_SK","_original_post":"https:\/\/www.sassi-llc.eu\/?page_id=2642","footnotes":""},"class_list":["post-2974","page","type-page","status-publish","hentry","sk-SK"],"blocksy_meta":[],"_links":{"self":[{"href":"https:\/\/www.sassi-llc.eu\/wp-json\/wp\/v2\/pages\/2974","targetHints":{"allow":["GET"]}}],"collection":[{"href":"https:\/\/www.sassi-llc.eu\/wp-json\/wp\/v2\/pages"}],"about":[{"href":"https:\/\/www.sassi-llc.eu\/wp-json\/wp\/v2\/types\/page"}],"author":[{"embeddable":true,"href":"https:\/\/www.sassi-llc.eu\/wp-json\/wp\/v2\/users\/4"}],"replies":[{"embeddable":true,"href":"https:\/\/www.sassi-llc.eu\/wp-json\/wp\/v2\/comments?post=2974"}],"version-history":[{"count":2,"href":"https:\/\/www.sassi-llc.eu\/wp-json\/wp\/v2\/pages\/2974\/revisions"}],"predecessor-version":[{"id":3456,"href":"https:\/\/www.sassi-llc.eu\/wp-json\/wp\/v2\/pages\/2974\/revisions\/3456"}],"wp:attachment":[{"href":"https:\/\/www.sassi-llc.eu\/wp-json\/wp\/v2\/media?parent=2974"}],"curies":[{"name":"wp","href":"https:\/\/api.w.org\/{rel}","templated":true}]}}