{"id":3870,"date":"2024-06-05T14:17:46","date_gmt":"2024-06-05T14:17:46","guid":{"rendered":"https:\/\/www.sassi-llc.eu\/?page_id=3870"},"modified":"2024-10-02T11:17:55","modified_gmt":"2024-10-02T11:17:55","slug":"courses-2","status":"publish","type":"page","link":"https:\/\/www.sassi-llc.eu\/sk\/courses-2\/","title":{"rendered":"Zdroje"},"content":{"rendered":"\n<div class=\"wp-block-cover\"><span aria-hidden=\"true\" class=\"wp-block-cover__background has-background-dim\" style=\"background-color:#827d7b\"><\/span><img loading=\"lazy\" decoding=\"async\" width=\"1024\" height=\"1024\" class=\"wp-block-cover__image-background wp-image-2781\" alt=\"vocational training, group of people sitting at a table, focus on a greyhaired lady in a black turtleneck\" src=\"https:\/\/www.sassi-llc.eu\/wp-content\/uploads\/2023\/10\/vocational-training-group-of-people-sitting-at-a-table-focus-on-a-greyhaired-lady-in-a-black-turtleneck.jpeg\" style=\"object-position:51% 25%\" data-object-fit=\"cover\" data-object-position=\"51% 25%\" srcset=\"https:\/\/www.sassi-llc.eu\/wp-content\/uploads\/2023\/10\/vocational-training-group-of-people-sitting-at-a-table-focus-on-a-greyhaired-lady-in-a-black-turtleneck.jpeg 1024w, https:\/\/www.sassi-llc.eu\/wp-content\/uploads\/2023\/10\/vocational-training-group-of-people-sitting-at-a-table-focus-on-a-greyhaired-lady-in-a-black-turtleneck-300x300.jpeg 300w, https:\/\/www.sassi-llc.eu\/wp-content\/uploads\/2023\/10\/vocational-training-group-of-people-sitting-at-a-table-focus-on-a-greyhaired-lady-in-a-black-turtleneck-150x150.jpeg 150w, https:\/\/www.sassi-llc.eu\/wp-content\/uploads\/2023\/10\/vocational-training-group-of-people-sitting-at-a-table-focus-on-a-greyhaired-lady-in-a-black-turtleneck-768x768.jpeg 768w\" sizes=\"auto, (max-width: 1024px) 100vw, 1024px\" \/><div class=\"wp-block-cover__inner-container is-layout-constrained wp-block-cover-is-layout-constrained\">\n<p class=\"has-text-align-center has-palette-color-8-color has-text-color has-link-color has-x-large-font-size wp-elements-3d908f4e20a2f072c67826ddaa86bd6e\"><a href=\"https:\/\/www.sassi-llc.eu\/sk\/courses\/training-for-supporting-later-life-career-choices\/\">Odborn\u00e1 pr\u00edprava na podporu v\u00fdberu povolania v neskor\u0161om veku<\/a><\/p>\n<\/div><\/div>\n\n\n\n<div class=\"wp-block-cover is-light\"><span aria-hidden=\"true\" class=\"wp-block-cover__background has-background-dim\" style=\"background-color:#9e9892\"><\/span><img loading=\"lazy\" decoding=\"async\" width=\"1024\" height=\"1024\" class=\"wp-block-cover__image-background wp-image-3465\" alt=\"\" src=\"https:\/\/www.sassi-llc.eu\/wp-content\/uploads\/2023\/11\/group-of-older-people-with-diverse-intercultural-background-chatting-business-casual.jpeg\" style=\"object-position:51% 27%\" data-object-fit=\"cover\" data-object-position=\"51% 27%\" srcset=\"https:\/\/www.sassi-llc.eu\/wp-content\/uploads\/2023\/11\/group-of-older-people-with-diverse-intercultural-background-chatting-business-casual.jpeg 1024w, https:\/\/www.sassi-llc.eu\/wp-content\/uploads\/2023\/11\/group-of-older-people-with-diverse-intercultural-background-chatting-business-casual-300x300.jpeg 300w, https:\/\/www.sassi-llc.eu\/wp-content\/uploads\/2023\/11\/group-of-older-people-with-diverse-intercultural-background-chatting-business-casual-150x150.jpeg 150w, https:\/\/www.sassi-llc.eu\/wp-content\/uploads\/2023\/11\/group-of-older-people-with-diverse-intercultural-background-chatting-business-casual-768x768.jpeg 768w\" sizes=\"auto, (max-width: 1024px) 100vw, 1024px\" \/><div class=\"wp-block-cover__inner-container is-layout-constrained wp-block-cover-is-layout-constrained\">\n<p class=\"has-text-align-center has-palette-color-8-color has-text-color has-link-color has-x-large-font-size wp-elements-ad2239568ecbfb104f4f2cffc7b5f868\"><a href=\"https:\/\/www.sassi-llc.eu\/sk\/courses\/ambassadors-for-mobility-in-later-life\/\">Ambas\u00e1dori mobility vo vy\u0161\u0161om veku<\/a><\/p>\n<\/div><\/div>\n\n\n\n<div class=\"wp-block-cover\"><span aria-hidden=\"true\" class=\"wp-block-cover__background has-background-dim\" style=\"background-color:#7e766c\"><\/span><img loading=\"lazy\" decoding=\"async\" width=\"1024\" height=\"1024\" class=\"wp-block-cover__image-background wp-image-967\" alt=\"evaluationg soft skills old person i60 years business casual in cafe\" src=\"https:\/\/www.sassi-llc.eu\/wp-content\/uploads\/2022\/12\/evaluationg-soft-skills-old-person-i60-years-business-casual-in-cafe.jpeg\" style=\"object-position:59% 18%\" data-object-fit=\"cover\" data-object-position=\"59% 18%\" srcset=\"https:\/\/www.sassi-llc.eu\/wp-content\/uploads\/2022\/12\/evaluationg-soft-skills-old-person-i60-years-business-casual-in-cafe.jpeg 1024w, https:\/\/www.sassi-llc.eu\/wp-content\/uploads\/2022\/12\/evaluationg-soft-skills-old-person-i60-years-business-casual-in-cafe-300x300.jpeg 300w, https:\/\/www.sassi-llc.eu\/wp-content\/uploads\/2022\/12\/evaluationg-soft-skills-old-person-i60-years-business-casual-in-cafe-150x150.jpeg 150w, https:\/\/www.sassi-llc.eu\/wp-content\/uploads\/2022\/12\/evaluationg-soft-skills-old-person-i60-years-business-casual-in-cafe-768x768.jpeg 768w\" sizes=\"auto, (max-width: 1024px) 100vw, 1024px\" \/><div class=\"wp-block-cover__inner-container is-layout-constrained wp-block-cover-is-layout-constrained\">\n<p class=\"has-text-align-center has-palette-color-8-color has-text-color has-link-color has-x-large-font-size wp-elements-cb6ebbf696fd563036208200f59da4e4\"><a href=\"https:\/\/www.sassi-llc.eu\/sk\/courses\/course-olderpreneurship\/\">Sprievodca, ako sa sta\u0165 \u201estar\u0161\u00edm podnikate\u013eom\u201c<\/a><\/p>\n<\/div><\/div>\n\n\n\n<div class=\"wp-block-cover is-light\"><span aria-hidden=\"true\" class=\"wp-block-cover__background has-background-dim\" style=\"background-color:#7e766c\"><\/span><img loading=\"lazy\" decoding=\"async\" width=\"1024\" height=\"1024\" class=\"wp-block-cover__image-background wp-image-2691\" alt=\"advocating innovative working experience incl. mobility for older workers, no text\" src=\"https:\/\/www.sassi-llc.eu\/wp-content\/uploads\/2023\/09\/advocating-innovative-working-experience-incl.-mobility-for-older-workers-no-text.jpeg\" data-object-fit=\"cover\" srcset=\"https:\/\/www.sassi-llc.eu\/wp-content\/uploads\/2023\/09\/advocating-innovative-working-experience-incl.-mobility-for-older-workers-no-text.jpeg 1024w, https:\/\/www.sassi-llc.eu\/wp-content\/uploads\/2023\/09\/advocating-innovative-working-experience-incl.-mobility-for-older-workers-no-text-300x300.jpeg 300w, https:\/\/www.sassi-llc.eu\/wp-content\/uploads\/2023\/09\/advocating-innovative-working-experience-incl.-mobility-for-older-workers-no-text-150x150.jpeg 150w, https:\/\/www.sassi-llc.eu\/wp-content\/uploads\/2023\/09\/advocating-innovative-working-experience-incl.-mobility-for-older-workers-no-text-768x768.jpeg 768w\" sizes=\"auto, (max-width: 1024px) 100vw, 1024px\" \/><div class=\"wp-block-cover__inner-container is-layout-constrained wp-block-cover-is-layout-constrained\">\n<p class=\"has-text-align-center has-palette-color-8-color has-text-color has-link-color has-x-large-font-size wp-elements-409a5944d72d8d8e09db594a76bdb22f\"><a href=\"https:\/\/www.sassi-llc.eu\/sassi-1-2-courses-2\/\"> Kurzy z projektov SASSI 1\/2 (Angli\u010dtina)<\/a><\/p>\n<\/div><\/div>\n","protected":false},"excerpt":{"rendered":"","protected":false},"author":4,"featured_media":3632,"parent":0,"menu_order":0,"comment_status":"closed","ping_status":"closed","template":"","meta":{"inline_featured_image":false,"_locale":"sk_SK","_original_post":"https:\/\/www.sassi-llc.eu\/?page_id=3809","footnotes":""},"class_list":["post-3870","page","type-page","status-publish","has-post-thumbnail","hentry","sk-SK"],"blocksy_meta":[],"_links":{"self":[{"href":"https:\/\/www.sassi-llc.eu\/wp-json\/wp\/v2\/pages\/3870","targetHints":{"allow":["GET"]}}],"collection":[{"href":"https:\/\/www.sassi-llc.eu\/wp-json\/wp\/v2\/pages"}],"about":[{"href":"https:\/\/www.sassi-llc.eu\/wp-json\/wp\/v2\/types\/page"}],"author":[{"embeddable":true,"href":"https:\/\/www.sassi-llc.eu\/wp-json\/wp\/v2\/users\/4"}],"replies":[{"embeddable":true,"href":"https:\/\/www.sassi-llc.eu\/wp-json\/wp\/v2\/comments?post=3870"}],"version-history":[{"count":4,"href":"https:\/\/www.sassi-llc.eu\/wp-json\/wp\/v2\/pages\/3870\/revisions"}],"predecessor-version":[{"id":5811,"href":"https:\/\/www.sassi-llc.eu\/wp-json\/wp\/v2\/pages\/3870\/revisions\/5811"}],"wp:featuredmedia":[{"embeddable":true,"href":"https:\/\/www.sassi-llc.eu\/wp-json\/wp\/v2\/media\/3632"}],"wp:attachment":[{"href":"https:\/\/www.sassi-llc.eu\/wp-json\/wp\/v2\/media?parent=3870"}],"curies":[{"name":"wp","href":"https:\/\/api.w.org\/{rel}","templated":true}]}}