{"id":4013,"date":"2024-06-24T21:29:39","date_gmt":"2024-06-24T21:29:39","guid":{"rendered":"https:\/\/www.sassi-llc.eu\/?page_id=4013"},"modified":"2024-10-04T07:29:53","modified_gmt":"2024-10-04T07:29:53","slug":"newsletter","status":"publish","type":"page","link":"https:\/\/www.sassi-llc.eu\/sk\/newsletter\/","title":{"rendered":"Bro\u017e\u00fary a bulletiny"},"content":{"rendered":"\n<div data-wp-interactive=\"core\/file\" class=\"wp-block-file\"><object data-wp-bind--hidden=\"!state.hasPdfPreview\" hidden class=\"wp-block-file__embed\" data=\"https:\/\/www.sassi-llc.eu\/wp-content\/uploads\/2024\/09\/SASSI_brochure_SK.pdf\" type=\"application\/pdf\" style=\"width:100%;height:600px\" aria-label=\"Vlo\u017ei\u0165 SASSI_brochure_SK.\"><\/object><a id=\"wp-block-file--media-1b8eb400-98cf-4cef-b039-e6d3b143f880\" href=\"https:\/\/www.sassi-llc.eu\/wp-content\/uploads\/2024\/09\/SASSI_brochure_SK.pdf\">SASSI_brochure_SK<\/a><a href=\"https:\/\/www.sassi-llc.eu\/wp-content\/uploads\/2024\/09\/SASSI_brochure_SK.pdf\" class=\"wp-block-file__button wp-element-button\" download aria-describedby=\"wp-block-file--media-1b8eb400-98cf-4cef-b039-e6d3b143f880\">Download<\/a><\/div>\n\n\n\n<div class=\"wp-block-columns is-layout-flex wp-container-core-columns-is-layout-28f84493 wp-block-columns-is-layout-flex\">\n<div class=\"wp-block-column is-layout-flow wp-block-column-is-layout-flow\">\n<h4 class=\"wp-block-heading\">Bulletin #1<\/h4>\n\n\n\n<div data-wp-interactive=\"core\/file\" class=\"wp-block-file\"><object data-wp-bind--hidden=\"!state.hasPdfPreview\" hidden class=\"wp-block-file__embed\" data=\"https:\/\/www.sassi-llc.eu\/wp-content\/uploads\/2024\/10\/SASSI-LLC_newsletter_1R3-sk.pdf\" type=\"application\/pdf\" style=\"width:100%;height:600px\" aria-label=\"Vlo\u017ei\u0165 SASSI LLC_newsletter_1(R3) sk.\"><\/object><a id=\"wp-block-file--media-37b6af4e-f5de-461e-a33d-860782e94361\" href=\"https:\/\/www.sassi-llc.eu\/wp-content\/uploads\/2024\/10\/SASSI-LLC_newsletter_1R3-sk.pdf\">SASSI LLC_newsletter_1(R3) sk<\/a><a href=\"https:\/\/www.sassi-llc.eu\/wp-content\/uploads\/2024\/10\/SASSI-LLC_newsletter_1R3-sk.pdf\" class=\"wp-block-file__button wp-element-button\" download aria-describedby=\"wp-block-file--media-37b6af4e-f5de-461e-a33d-860782e94361\">Download<\/a><\/div>\n<\/div>\n\n\n\n<div class=\"wp-block-column is-layout-flow wp-block-column-is-layout-flow\">\n<h4 class=\"wp-block-heading\">Bulletin #2<\/h4>\n\n\n\n<div data-wp-interactive=\"core\/file\" class=\"wp-block-file\"><object data-wp-bind--hidden=\"!state.hasPdfPreview\" hidden class=\"wp-block-file__embed\" data=\"https:\/\/www.sassi-llc.eu\/wp-content\/uploads\/2024\/10\/SASSI-LLC_newsletter_2C1-sk.pdf\" type=\"application\/pdf\" style=\"width:100%;height:600px\" aria-label=\"Vlo\u017ei\u0165 SASSI LLC_newsletter_2(C1) sk.\"><\/object><a id=\"wp-block-file--media-a0f9dd69-8e9c-4bab-8dde-4c768062533f\" href=\"https:\/\/www.sassi-llc.eu\/wp-content\/uploads\/2024\/10\/SASSI-LLC_newsletter_2C1-sk.pdf\">SASSI LLC_newsletter_2(C1) sk<\/a><a href=\"https:\/\/www.sassi-llc.eu\/wp-content\/uploads\/2024\/10\/SASSI-LLC_newsletter_2C1-sk.pdf\" class=\"wp-block-file__button wp-element-button\" download aria-describedby=\"wp-block-file--media-a0f9dd69-8e9c-4bab-8dde-4c768062533f\">Download<\/a><\/div>\n<\/div>\n\n\n\n<div class=\"wp-block-column is-layout-flow wp-block-column-is-layout-flow\">\n<h4 class=\"wp-block-heading\">Bulletin #3<\/h4>\n\n\n\n<div data-wp-interactive=\"core\/file\" class=\"wp-block-file\"><object data-wp-bind--hidden=\"!state.hasPdfPreview\" hidden class=\"wp-block-file__embed\" data=\"https:\/\/www.sassi-llc.eu\/wp-content\/uploads\/2024\/10\/SASSI-LLC_newsletter_3R2-sk.pdf\" type=\"application\/pdf\" style=\"width:100%;height:600px\" aria-label=\"Vlo\u017ei\u0165 SASSI LLC_newsletter_3(R2) sk.\"><\/object><a id=\"wp-block-file--media-ceb117ac-fe70-4c6d-8d48-2f43cc02d2fc\" href=\"https:\/\/www.sassi-llc.eu\/wp-content\/uploads\/2024\/10\/SASSI-LLC_newsletter_3R2-sk.pdf\">SASSI LLC_newsletter_3(R2) sk<\/a><a href=\"https:\/\/www.sassi-llc.eu\/wp-content\/uploads\/2024\/10\/SASSI-LLC_newsletter_3R2-sk.pdf\" class=\"wp-block-file__button wp-element-button\" download aria-describedby=\"wp-block-file--media-ceb117ac-fe70-4c6d-8d48-2f43cc02d2fc\">Download<\/a><\/div>\n<\/div>\n<\/div>\n\n\n\n<div style=\"height:2em\" aria-hidden=\"true\" class=\"wp-block-spacer\"><\/div>\n\n\n\n<div class=\"wp-block-columns is-layout-flex wp-container-core-columns-is-layout-28f84493 wp-block-columns-is-layout-flex\">\n<div class=\"wp-block-column is-layout-flow wp-block-column-is-layout-flow\">\n<h4 class=\"wp-block-heading\">Bulletin #4<\/h4>\n\n\n\n<div data-wp-interactive=\"core\/file\" class=\"wp-block-file\"><object data-wp-bind--hidden=\"!state.hasPdfPreview\" hidden class=\"wp-block-file__embed\" data=\"https:\/\/www.sassi-llc.eu\/wp-content\/uploads\/2024\/10\/SASSI-LLC_newsletter_4-sk.pdf\" type=\"application\/pdf\" style=\"width:100%;height:600px\" aria-label=\"Vlo\u017ei\u0165 SASSI LLC_newsletter_4 sk.\"><\/object><a id=\"wp-block-file--media-1cda6fb8-aa69-449a-a126-0d80ffe6ca39\" href=\"https:\/\/www.sassi-llc.eu\/wp-content\/uploads\/2024\/10\/SASSI-LLC_newsletter_4-sk.pdf\">SASSI LLC_newsletter_4 sk<\/a><a href=\"https:\/\/www.sassi-llc.eu\/wp-content\/uploads\/2024\/10\/SASSI-LLC_newsletter_4-sk.pdf\" class=\"wp-block-file__button wp-element-button\" download aria-describedby=\"wp-block-file--media-1cda6fb8-aa69-449a-a126-0d80ffe6ca39\">Download<\/a><\/div>\n<\/div>\n\n\n\n<div class=\"wp-block-column is-layout-flow wp-block-column-is-layout-flow\">\n<h4 class=\"wp-block-heading\">Bulletin #5<\/h4>\n\n\n\n<div data-wp-interactive=\"core\/file\" class=\"wp-block-file\"><object data-wp-bind--hidden=\"!state.hasPdfPreview\" hidden class=\"wp-block-file__embed\" data=\"https:\/\/www.sassi-llc.eu\/wp-content\/uploads\/2024\/10\/SASSI-LLC_newsletter_prirucka-sk.pdf\" type=\"application\/pdf\" style=\"width:100%;height:600px\" aria-label=\"Vlo\u017ei\u0165 SASSI LLC_newsletter_pr\u00edru\u010dka sk.\"><\/object><a id=\"wp-block-file--media-71c35702-583e-466a-8ce6-41fcdeb8381a\" href=\"https:\/\/www.sassi-llc.eu\/wp-content\/uploads\/2024\/10\/SASSI-LLC_newsletter_prirucka-sk.pdf\">SASSI LLC_newsletter_pr\u00edru\u010dka sk<\/a><a href=\"https:\/\/www.sassi-llc.eu\/wp-content\/uploads\/2024\/10\/SASSI-LLC_newsletter_prirucka-sk.pdf\" class=\"wp-block-file__button wp-element-button\" download aria-describedby=\"wp-block-file--media-71c35702-583e-466a-8ce6-41fcdeb8381a\">Download<\/a><\/div>\n<\/div>\n\n\n\n<div class=\"wp-block-column is-layout-flow wp-block-column-is-layout-flow\">\n<h4 class=\"wp-block-heading\">Bulletin #6<\/h4>\n\n\n\n<div data-wp-interactive=\"core\/file\" class=\"wp-block-file\"><object data-wp-bind--hidden=\"!state.hasPdfPreview\" hidden class=\"wp-block-file__embed\" data=\"https:\/\/www.sassi-llc.eu\/wp-content\/uploads\/2024\/10\/SASSI-LLC_newsletter_6R4-sk.pdf\" type=\"application\/pdf\" style=\"width:100%;height:600px\" aria-label=\"Vlo\u017ei\u0165 SASSI LLC_newsletter_6(R4) sk.\"><\/object><a id=\"wp-block-file--media-4259253b-e63c-4e04-b235-beed3a326291\" href=\"https:\/\/www.sassi-llc.eu\/wp-content\/uploads\/2024\/10\/SASSI-LLC_newsletter_6R4-sk.pdf\">SASSI LLC_newsletter_6(R4) sk<\/a><a href=\"https:\/\/www.sassi-llc.eu\/wp-content\/uploads\/2024\/10\/SASSI-LLC_newsletter_6R4-sk.pdf\" class=\"wp-block-file__button wp-element-button\" download aria-describedby=\"wp-block-file--media-4259253b-e63c-4e04-b235-beed3a326291\">Download<\/a><\/div>\n<\/div>\n<\/div>\n\n\n\n<div style=\"height:100px\" aria-hidden=\"true\" class=\"wp-block-spacer\"><\/div>\n","protected":false},"excerpt":{"rendered":"<p>Bulletin #1 Bulletin #2 Bulletin #3 Bulletin #4 Bulletin #5 Bulletin #6<\/p>\n","protected":false},"author":4,"featured_media":4528,"parent":0,"menu_order":0,"comment_status":"closed","ping_status":"closed","template":"","meta":{"inline_featured_image":false,"_locale":"sk_SK","_original_post":"https:\/\/www.sassi-llc.eu\/?page_id=3558","footnotes":""},"class_list":["post-4013","page","type-page","status-publish","has-post-thumbnail","hentry","sk-SK"],"blocksy_meta":[],"_links":{"self":[{"href":"https:\/\/www.sassi-llc.eu\/wp-json\/wp\/v2\/pages\/4013","targetHints":{"allow":["GET"]}}],"collection":[{"href":"https:\/\/www.sassi-llc.eu\/wp-json\/wp\/v2\/pages"}],"about":[{"href":"https:\/\/www.sassi-llc.eu\/wp-json\/wp\/v2\/types\/page"}],"author":[{"embeddable":true,"href":"https:\/\/www.sassi-llc.eu\/wp-json\/wp\/v2\/users\/4"}],"replies":[{"embeddable":true,"href":"https:\/\/www.sassi-llc.eu\/wp-json\/wp\/v2\/comments?post=4013"}],"version-history":[{"count":3,"href":"https:\/\/www.sassi-llc.eu\/wp-json\/wp\/v2\/pages\/4013\/revisions"}],"predecessor-version":[{"id":5870,"href":"https:\/\/www.sassi-llc.eu\/wp-json\/wp\/v2\/pages\/4013\/revisions\/5870"}],"wp:featuredmedia":[{"embeddable":true,"href":"https:\/\/www.sassi-llc.eu\/wp-json\/wp\/v2\/media\/4528"}],"wp:attachment":[{"href":"https:\/\/www.sassi-llc.eu\/wp-json\/wp\/v2\/media?parent=4013"}],"curies":[{"name":"wp","href":"https:\/\/api.w.org\/{rel}","templated":true}]}}