{"id":4843,"date":"2024-09-11T09:26:51","date_gmt":"2024-09-11T09:26:51","guid":{"rendered":"https:\/\/www.sassi-llc.eu\/?page_id=4843"},"modified":"2024-09-11T09:26:51","modified_gmt":"2024-09-11T09:26:51","slug":"module-i-ageing-workers-and-the-labour-market","status":"publish","type":"page","link":"https:\/\/www.sassi-llc.eu\/sk\/courses\/training-for-supporting-later-life-career-choices\/module-i-ageing-workers-and-the-labour-market\/","title":{"rendered":"Modul I \u2013 Starn\u00faci pracovn\u00edci a trh pr\u00e1ce"},"content":{"rendered":"\n<<div class=\"wp-block-group is-layout-constrained wp-block-group-is-layout-constrained\">\n<h3 class=\"wp-block-heading\">Modul I \u2013 Starn\u00faci pracovn\u00edci a trh pr\u00e1ce<\/h3>\n\n<div class=\"ct-posts-shortcode\" data-prefix=\"class_archive\"><div class=\"entries\" data-archive=\"default\" data-layout=\"grid\" data-cards=\"simple\"><article class=\"entry-card card-content post-4820 class type-class status-publish format-standard has-post-thumbnail hentry en-GB\" data-reveal=\"bottom:no\"><a class=\"ct-media-container\" href=\"https:\/\/www.sassi-llc.eu\/class\/m-i-1-demograficke-zmeny-a-trh-prace\/\" aria-label=\"M I.1 &#8211; Demografick\u00e9 zmeny a trh pr\u00e1ce\"><img decoding=\"async\" width=\"768\" height=\"768\" src=\"https:\/\/www.sassi-llc.eu\/wp-content\/uploads\/2023\/11\/intercultural-team-of-people-in-their-sixties-business-casual-realistic-working-together-at-a-table-768x768.jpeg\" class=\"attachment-medium_large size-medium_large wp-post-image\" alt=\"intercultural team of people in their sixties, business casual, realistic, working together at a table\" loading=\"lazy\" srcset=\"https:\/\/www.sassi-llc.eu\/wp-content\/uploads\/2023\/11\/intercultural-team-of-people-in-their-sixties-business-casual-realistic-working-together-at-a-table-768x768.jpeg 768w, https:\/\/www.sassi-llc.eu\/wp-content\/uploads\/2023\/11\/intercultural-team-of-people-in-their-sixties-business-casual-realistic-working-together-at-a-table-300x300.jpeg 300w, https:\/\/www.sassi-llc.eu\/wp-content\/uploads\/2023\/11\/intercultural-team-of-people-in-their-sixties-business-casual-realistic-working-together-at-a-table-150x150.jpeg 150w, https:\/\/www.sassi-llc.eu\/wp-content\/uploads\/2023\/11\/intercultural-team-of-people-in-their-sixties-business-casual-realistic-working-together-at-a-table.jpeg 1024w\" sizes=\"auto, (max-width: 768px) 100vw, 768px\" itemprop=\"image\" style=\"aspect-ratio: 4\/3;\" \/><\/a><h2 class=\"entry-title\"><a href=\"https:\/\/www.sassi-llc.eu\/class\/m-i-1-demograficke-zmeny-a-trh-prace\/\" rel=\"bookmark\">M I.1 &#8211; Demografick\u00e9 zmeny a trh pr\u00e1ce<\/a><\/h2><div class=\"entry-excerpt\"><p>Ma\u0165 viac vedomost\u00ed o demografickom v\u00fdvoji v Eur\u00f3pe a jeho vplyve na trh pr\u00e1ce a o s\u00favislostiach medzi starnut\u00edm pracovnej sily a trhom pr\u00e1ce.<\/p>\n<\/div><a class=\"entry-button\" href=\"https:\/\/www.sassi-llc.eu\/class\/m-i-1-demograficke-zmeny-a-trh-prace\/\">Read More<svg width=\"17px\" height=\"17px\" viewBox=\"0 0 32 32\" fill=\"currentColor\"><path d=\"M 21.1875 9.28125 L 19.78125 10.71875 L 24.0625 15 L 4 15 L 4 17 L 24.0625 17 L 19.78125 21.28125 L 21.1875 22.71875 L 27.90625 16 Z \"><\/path><\/svg><span class=\"screen-reader-text\">M I.1 &#8211; Demografick\u00e9 zmeny a trh pr\u00e1ce<\/span><\/a><\/article><article class=\"entry-card card-content post-4821 class type-class status-publish format-standard has-post-thumbnail hentry en-GB\" data-reveal=\"bottom:no\"><a class=\"ct-media-container\" href=\"https:\/\/www.sassi-llc.eu\/class\/m-i-2-ekonomicky-potencial-starsich-pracovnikov\/\" aria-label=\"M I.2 &#8211; Ekonomick\u00fd potenci\u00e1l star\u0161\u00edch pracovn\u00edkov\"><img decoding=\"async\" width=\"768\" height=\"768\" src=\"https:\/\/www.sassi-llc.eu\/wp-content\/uploads\/2023\/11\/group-of-older-people-with-diverse-intercultural-background-chatting-business-casual-2-768x768.jpeg\" class=\"attachment-medium_large size-medium_large wp-post-image\" alt=\"group of older people, with diverse intercultural background, chatting, business casual\" loading=\"lazy\" srcset=\"https:\/\/www.sassi-llc.eu\/wp-content\/uploads\/2023\/11\/group-of-older-people-with-diverse-intercultural-background-chatting-business-casual-2-768x768.jpeg 768w, https:\/\/www.sassi-llc.eu\/wp-content\/uploads\/2023\/11\/group-of-older-people-with-diverse-intercultural-background-chatting-business-casual-2-300x300.jpeg 300w, https:\/\/www.sassi-llc.eu\/wp-content\/uploads\/2023\/11\/group-of-older-people-with-diverse-intercultural-background-chatting-business-casual-2-150x150.jpeg 150w, https:\/\/www.sassi-llc.eu\/wp-content\/uploads\/2023\/11\/group-of-older-people-with-diverse-intercultural-background-chatting-business-casual-2.jpeg 1024w\" sizes=\"auto, (max-width: 768px) 100vw, 768px\" itemprop=\"image\" style=\"aspect-ratio: 4\/3;\" \/><\/a><h2 class=\"entry-title\"><a href=\"https:\/\/www.sassi-llc.eu\/class\/m-i-2-ekonomicky-potencial-starsich-pracovnikov\/\" rel=\"bookmark\">M I.2 &#8211; Ekonomick\u00fd potenci\u00e1l star\u0161\u00edch pracovn\u00edkov<\/a><\/h2><div class=\"entry-excerpt\"><p>Be\u017en\u00fdm stereotypom je, \u017ee starn\u00faca pracovn\u00e1 sila zni\u017euje produktivitu a ziskovos\u0165 firmy. Tento blok spochybn\u00ed tento stereotyp a pon\u00fakne in\u00fd poh\u013ead.<\/p>\n<\/div><a class=\"entry-button\" href=\"https:\/\/www.sassi-llc.eu\/class\/m-i-2-ekonomicky-potencial-starsich-pracovnikov\/\">Read More<svg width=\"17px\" height=\"17px\" viewBox=\"0 0 32 32\" fill=\"currentColor\"><path d=\"M 21.1875 9.28125 L 19.78125 10.71875 L 24.0625 15 L 4 15 L 4 17 L 24.0625 17 L 19.78125 21.28125 L 21.1875 22.71875 L 27.90625 16 Z \"><\/path><\/svg><span class=\"screen-reader-text\">M I.2 &#8211; Ekonomick\u00fd potenci\u00e1l star\u0161\u00edch pracovn\u00edkov<\/span><\/a><\/article><article class=\"entry-card card-content post-4822 class type-class status-publish format-standard has-post-thumbnail hentry en-GB\" data-reveal=\"bottom:no\"><a class=\"ct-media-container\" href=\"https:\/\/www.sassi-llc.eu\/class\/m-i-3-potreby-a-preferencie-starsich-pracovnikov\/\" aria-label=\"M I.3 &#8211; Potreby a preferencie star\u0161\u00edch pracovn\u00edkov\"><img decoding=\"async\" width=\"768\" height=\"768\" src=\"https:\/\/www.sassi-llc.eu\/wp-content\/uploads\/2022\/12\/70-year-old-lady-sitting-on-a-sofa-and-a-laptop-in-her-lap-profile-view-and-plain-light-background-2-768x768.jpeg\" class=\"attachment-medium_large size-medium_large wp-post-image\" alt=\"\" loading=\"lazy\" srcset=\"https:\/\/www.sassi-llc.eu\/wp-content\/uploads\/2022\/12\/70-year-old-lady-sitting-on-a-sofa-and-a-laptop-in-her-lap-profile-view-and-plain-light-background-2-768x768.jpeg 768w, https:\/\/www.sassi-llc.eu\/wp-content\/uploads\/2022\/12\/70-year-old-lady-sitting-on-a-sofa-and-a-laptop-in-her-lap-profile-view-and-plain-light-background-2-300x300.jpeg 300w, https:\/\/www.sassi-llc.eu\/wp-content\/uploads\/2022\/12\/70-year-old-lady-sitting-on-a-sofa-and-a-laptop-in-her-lap-profile-view-and-plain-light-background-2-150x150.jpeg 150w, https:\/\/www.sassi-llc.eu\/wp-content\/uploads\/2022\/12\/70-year-old-lady-sitting-on-a-sofa-and-a-laptop-in-her-lap-profile-view-and-plain-light-background-2.jpeg 1024w\" sizes=\"auto, (max-width: 768px) 100vw, 768px\" itemprop=\"image\" style=\"aspect-ratio: 4\/3;\" \/><\/a><h2 class=\"entry-title\"><a href=\"https:\/\/www.sassi-llc.eu\/class\/m-i-3-potreby-a-preferencie-starsich-pracovnikov\/\" rel=\"bookmark\">M I.3 &#8211; Potreby a preferencie star\u0161\u00edch pracovn\u00edkov<\/a><\/h2><div class=\"entry-excerpt\"><p>Ako sa menia pracovn\u00e9 modely s rast\u00facim vekom pracovn\u00edkov a k\u013e\u00fa\u010dov\u00e9 preferencie s\u00favisiace s pracovn\u00fdmi modelmi star\u0161\u00edch pracovn\u00edkov.<\/p>\n<\/div><a class=\"entry-button\" href=\"https:\/\/www.sassi-llc.eu\/class\/m-i-3-potreby-a-preferencie-starsich-pracovnikov\/\">Read More<svg width=\"17px\" height=\"17px\" viewBox=\"0 0 32 32\" fill=\"currentColor\"><path d=\"M 21.1875 9.28125 L 19.78125 10.71875 L 24.0625 15 L 4 15 L 4 17 L 24.0625 17 L 19.78125 21.28125 L 21.1875 22.71875 L 27.90625 16 Z \"><\/path><\/svg><span class=\"screen-reader-text\">M I.3 &#8211; Potreby a preferencie star\u0161\u00edch pracovn\u00edkov<\/span><\/a><\/article><\/div><\/div>\n\n<div style=\"height:100px\" aria-hidden=\"true\" class=\"wp-block-spacer\"><\/div>\n\n<hr class=\"wp-block-separator has-alpha-channel-opacity\">\n<\/div>\n\n","protected":false},"excerpt":{"rendered":"<p>< Modul I \u2013 Starn\u00faci pracovn\u00edci a trh pr\u00e1ce\n<\/p>\n","protected":false},"author":4,"featured_media":2753,"parent":4842,"menu_order":1,"comment_status":"closed","ping_status":"closed","template":"","meta":{"inline_featured_image":false,"_locale":"sk_SK","_original_post":"https:\/\/www.sassi-llc.eu\/?page_id=3786","footnotes":""},"class_list":["post-4843","page","type-page","status-publish","has-post-thumbnail","hentry","sk-SK"],"blocksy_meta":[],"_links":{"self":[{"href":"https:\/\/www.sassi-llc.eu\/wp-json\/wp\/v2\/pages\/4843","targetHints":{"allow":["GET"]}}],"collection":[{"href":"https:\/\/www.sassi-llc.eu\/wp-json\/wp\/v2\/pages"}],"about":[{"href":"https:\/\/www.sassi-llc.eu\/wp-json\/wp\/v2\/types\/page"}],"author":[{"embeddable":true,"href":"https:\/\/www.sassi-llc.eu\/wp-json\/wp\/v2\/users\/4"}],"replies":[{"embeddable":true,"href":"https:\/\/www.sassi-llc.eu\/wp-json\/wp\/v2\/comments?post=4843"}],"version-history":[{"count":1,"href":"https:\/\/www.sassi-llc.eu\/wp-json\/wp\/v2\/pages\/4843\/revisions"}],"predecessor-version":[{"id":4849,"href":"https:\/\/www.sassi-llc.eu\/wp-json\/wp\/v2\/pages\/4843\/revisions\/4849"}],"up":[{"embeddable":true,"href":"https:\/\/www.sassi-llc.eu\/wp-json\/wp\/v2\/pages\/4842"}],"wp:featuredmedia":[{"embeddable":true,"href":"https:\/\/www.sassi-llc.eu\/wp-json\/wp\/v2\/media\/2753"}],"wp:attachment":[{"href":"https:\/\/www.sassi-llc.eu\/wp-json\/wp\/v2\/media?parent=4843"}],"curies":[{"name":"wp","href":"https:\/\/api.w.org\/{rel}","templated":true}]}}