{"id":4844,"date":"2024-09-11T09:27:54","date_gmt":"2024-09-11T09:27:54","guid":{"rendered":"https:\/\/www.sassi-llc.eu\/?page_id=4844"},"modified":"2024-09-11T09:27:54","modified_gmt":"2024-09-11T09:27:54","slug":"module-ii-age-specific-career-counselling","status":"publish","type":"page","link":"https:\/\/www.sassi-llc.eu\/sk\/courses\/training-for-supporting-later-life-career-choices\/module-ii-age-specific-career-counselling\/","title":{"rendered":"Modul II \u2013 Kari\u00e9rne poradenstvo pod\u013ea veku"},"content":{"rendered":"\n<div class=\"wp-block-group is-layout-constrained wp-block-group-is-layout-constrained\">\n<h3 class=\"wp-block-heading\">Modul II \u2013 Kari\u00e9rne poradenstvo pod\u013ea veku<\/h3>\n\n<div class=\"ct-posts-shortcode\" data-prefix=\"class_archive\"><div class=\"entries\" data-archive=\"default\" data-layout=\"grid\" data-cards=\"simple\"><article class=\"entry-card card-content post-4823 class type-class status-publish format-standard has-post-thumbnail hentry en-GB\" data-reveal=\"bottom:no\"><a class=\"ct-media-container\" href=\"https:\/\/www.sassi-llc.eu\/class\/m-ii-1-koncept-veku\/\" aria-label=\"M II.1 &#8211; Koncept veku\"><img decoding=\"async\" width=\"768\" height=\"768\" src=\"https:\/\/www.sassi-llc.eu\/wp-content\/uploads\/2023\/10\/girl-shows-her-60-year-old-grandmother-something-on-her-smartphone.jpg-768x768.jpeg\" class=\"attachment-medium_large size-medium_large wp-post-image\" alt=\"girl shows her 60 year old grandmother something on her smartphone\" loading=\"lazy\" srcset=\"https:\/\/www.sassi-llc.eu\/wp-content\/uploads\/2023\/10\/girl-shows-her-60-year-old-grandmother-something-on-her-smartphone.jpg-768x768.jpeg 768w, https:\/\/www.sassi-llc.eu\/wp-content\/uploads\/2023\/10\/girl-shows-her-60-year-old-grandmother-something-on-her-smartphone.jpg-300x300.jpeg 300w, https:\/\/www.sassi-llc.eu\/wp-content\/uploads\/2023\/10\/girl-shows-her-60-year-old-grandmother-something-on-her-smartphone.jpg-150x150.jpeg 150w, https:\/\/www.sassi-llc.eu\/wp-content\/uploads\/2023\/10\/girl-shows-her-60-year-old-grandmother-something-on-her-smartphone.jpg.jpeg 1024w\" sizes=\"auto, (max-width: 768px) 100vw, 768px\" itemprop=\"image\" style=\"aspect-ratio: 4\/3;\" \/><\/a><h2 class=\"entry-title\"><a href=\"https:\/\/www.sassi-llc.eu\/class\/m-ii-1-koncept-veku\/\" rel=\"bookmark\">M II.1 &#8211; Koncept veku<\/a><\/h2><div class=\"entry-excerpt\"><p>Starnutie je ve\u013emi individu\u00e1lna sk\u00fasenos\u0165, ktor\u00e1 sa vymyk\u00e1 univerz\u00e1lnej defin\u00edcii. V\u0161etci sme jedine\u010dn\u00ed.<\/p>\n<\/div><a class=\"entry-button\" href=\"https:\/\/www.sassi-llc.eu\/class\/m-ii-1-koncept-veku\/\">Read More<svg width=\"17px\" height=\"17px\" viewBox=\"0 0 32 32\" fill=\"currentColor\"><path d=\"M 21.1875 9.28125 L 19.78125 10.71875 L 24.0625 15 L 4 15 L 4 17 L 24.0625 17 L 19.78125 21.28125 L 21.1875 22.71875 L 27.90625 16 Z \"><\/path><\/svg><span class=\"screen-reader-text\">M II.1 &#8211; Koncept veku<\/span><\/a><\/article><article class=\"entry-card card-content post-4824 class type-class status-publish format-standard has-post-thumbnail hentry en-GB\" data-reveal=\"bottom:no\"><a class=\"ct-media-container\" href=\"https:\/\/www.sassi-llc.eu\/class\/m-ii-2-ageizmus-a-stereotypy\/\" aria-label=\"M II.2 &#8211; Ageizmus a stereotypy\"><img decoding=\"async\" width=\"768\" height=\"768\" src=\"https:\/\/www.sassi-llc.eu\/wp-content\/uploads\/2022\/12\/birds-view-on-a-desk-with-a-computer-and-a-keyboard-hands-of-a-older-persons-typing-768x768.jpeg\" class=\"attachment-medium_large size-medium_large wp-post-image\" alt=\"birds view on a desk with a computer and a keyboard, hands of a older persons typing\" loading=\"lazy\" srcset=\"https:\/\/www.sassi-llc.eu\/wp-content\/uploads\/2022\/12\/birds-view-on-a-desk-with-a-computer-and-a-keyboard-hands-of-a-older-persons-typing-768x768.jpeg 768w, https:\/\/www.sassi-llc.eu\/wp-content\/uploads\/2022\/12\/birds-view-on-a-desk-with-a-computer-and-a-keyboard-hands-of-a-older-persons-typing-300x300.jpeg 300w, https:\/\/www.sassi-llc.eu\/wp-content\/uploads\/2022\/12\/birds-view-on-a-desk-with-a-computer-and-a-keyboard-hands-of-a-older-persons-typing-150x150.jpeg 150w, https:\/\/www.sassi-llc.eu\/wp-content\/uploads\/2022\/12\/birds-view-on-a-desk-with-a-computer-and-a-keyboard-hands-of-a-older-persons-typing.jpeg 1024w\" sizes=\"auto, (max-width: 768px) 100vw, 768px\" itemprop=\"image\" style=\"aspect-ratio: 4\/3;\" \/><\/a><h2 class=\"entry-title\"><a href=\"https:\/\/www.sassi-llc.eu\/class\/m-ii-2-ageizmus-a-stereotypy\/\" rel=\"bookmark\">M II.2 &#8211; Ageizmus a stereotypy<\/a><\/h2><div class=\"entry-excerpt\"><p>Pom\u00f4\u017ete star\u0161\u00edm \u013eu\u010fom rozv\u00edja\u0165 strat\u00e9gie proti ageizmu a vlastn\u00fdm stereotypom vo\u010di nim sam\u00fdm.<\/p>\n<\/div><a class=\"entry-button\" href=\"https:\/\/www.sassi-llc.eu\/class\/m-ii-2-ageizmus-a-stereotypy\/\">Read More<svg width=\"17px\" height=\"17px\" viewBox=\"0 0 32 32\" fill=\"currentColor\"><path d=\"M 21.1875 9.28125 L 19.78125 10.71875 L 24.0625 15 L 4 15 L 4 17 L 24.0625 17 L 19.78125 21.28125 L 21.1875 22.71875 L 27.90625 16 Z \"><\/path><\/svg><span class=\"screen-reader-text\">M II.2 &#8211; Ageizmus a stereotypy<\/span><\/a><\/article><article class=\"entry-card card-content post-4825 class type-class status-publish format-standard has-post-thumbnail hentry en-GB\" data-reveal=\"bottom:no\"><a class=\"ct-media-container\" href=\"https:\/\/www.sassi-llc.eu\/class\/m-ii-3-zmena-kariery-vo-vyssom-veku\/\" aria-label=\"M II.3 &#8211; Zmena kari\u00e9ry vo vy\u0161\u0161om veku\"><img decoding=\"async\" width=\"768\" height=\"768\" src=\"https:\/\/www.sassi-llc.eu\/wp-content\/uploads\/2023\/05\/couple-in-their-sixties-business-casual-discovering-their-superpowers-768x768.jpeg\" class=\"attachment-medium_large size-medium_large wp-post-image\" alt=\"couple in their sixties, business casual, discovering their superpowers\" loading=\"lazy\" srcset=\"https:\/\/www.sassi-llc.eu\/wp-content\/uploads\/2023\/05\/couple-in-their-sixties-business-casual-discovering-their-superpowers-768x768.jpeg 768w, https:\/\/www.sassi-llc.eu\/wp-content\/uploads\/2023\/05\/couple-in-their-sixties-business-casual-discovering-their-superpowers-300x300.jpeg 300w, https:\/\/www.sassi-llc.eu\/wp-content\/uploads\/2023\/05\/couple-in-their-sixties-business-casual-discovering-their-superpowers-150x150.jpeg 150w, https:\/\/www.sassi-llc.eu\/wp-content\/uploads\/2023\/05\/couple-in-their-sixties-business-casual-discovering-their-superpowers.jpeg 1024w\" sizes=\"auto, (max-width: 768px) 100vw, 768px\" itemprop=\"image\" style=\"aspect-ratio: 4\/3;\" \/><\/a><h2 class=\"entry-title\"><a href=\"https:\/\/www.sassi-llc.eu\/class\/m-ii-3-zmena-kariery-vo-vyssom-veku\/\" rel=\"bookmark\">M II.3 &#8211; Zmena kari\u00e9ry vo vy\u0161\u0161om veku<\/a><\/h2><div class=\"entry-excerpt\"><p>Ako a pre\u010do star\u0161\u00ed dospel\u00ed menia svoju kari\u00e9ru? Zozn\u00e1mte sa s alternat\u00edvnymi modelmi kari\u00e9rneho rozvoja a povahou rozhodovania star\u0161\u00edch pracovn\u00edkov v neskorej f\u00e1ze kari\u00e9ry.<\/p>\n<\/div><a class=\"entry-button\" href=\"https:\/\/www.sassi-llc.eu\/class\/m-ii-3-zmena-kariery-vo-vyssom-veku\/\">Read More<svg width=\"17px\" height=\"17px\" viewBox=\"0 0 32 32\" fill=\"currentColor\"><path d=\"M 21.1875 9.28125 L 19.78125 10.71875 L 24.0625 15 L 4 15 L 4 17 L 24.0625 17 L 19.78125 21.28125 L 21.1875 22.71875 L 27.90625 16 Z \"><\/path><\/svg><span class=\"screen-reader-text\">M II.3 &#8211; Zmena kari\u00e9ry vo vy\u0161\u0161om veku<\/span><\/a><\/article><article class=\"entry-card card-content post-4826 class type-class status-publish format-standard has-post-thumbnail hentry en-GB\" data-reveal=\"bottom:no\"><a class=\"ct-media-container\" href=\"https:\/\/www.sassi-llc.eu\/class\/m-ii-4-ucenie-vo-vyssom-veku\/\" aria-label=\"M II.4 &#8211; U\u010denie vo vy\u0161\u0161om veku\"><img decoding=\"async\" width=\"768\" height=\"768\" src=\"https:\/\/www.sassi-llc.eu\/wp-content\/uploads\/2023\/09\/age-sensitive-approach-to-learning-and-development-older-person-in-a-library-1-768x768.jpeg\" class=\"attachment-medium_large size-medium_large wp-post-image\" alt=\"age-sensitive approach to learning and development - older person in a library\" loading=\"lazy\" srcset=\"https:\/\/www.sassi-llc.eu\/wp-content\/uploads\/2023\/09\/age-sensitive-approach-to-learning-and-development-older-person-in-a-library-1-768x768.jpeg 768w, https:\/\/www.sassi-llc.eu\/wp-content\/uploads\/2023\/09\/age-sensitive-approach-to-learning-and-development-older-person-in-a-library-1-300x300.jpeg 300w, https:\/\/www.sassi-llc.eu\/wp-content\/uploads\/2023\/09\/age-sensitive-approach-to-learning-and-development-older-person-in-a-library-1-150x150.jpeg 150w, https:\/\/www.sassi-llc.eu\/wp-content\/uploads\/2023\/09\/age-sensitive-approach-to-learning-and-development-older-person-in-a-library-1.jpeg 1024w\" sizes=\"auto, (max-width: 768px) 100vw, 768px\" itemprop=\"image\" style=\"aspect-ratio: 4\/3;\" \/><\/a><h2 class=\"entry-title\"><a href=\"https:\/\/www.sassi-llc.eu\/class\/m-ii-4-ucenie-vo-vyssom-veku\/\" rel=\"bookmark\">M II.4 &#8211; U\u010denie vo vy\u0161\u0161om veku<\/a><\/h2><div class=\"entry-excerpt\"><p>\u010co je u\u010denie - vplyv veku na pozn\u00e1vanie: Neurovedeck\u00e9 poznatky o u\u010den\u00ed \/ Neuroplasticita mozgu<\/p>\n<\/div><a class=\"entry-button\" href=\"https:\/\/www.sassi-llc.eu\/class\/m-ii-4-ucenie-vo-vyssom-veku\/\">Read More<svg width=\"17px\" height=\"17px\" viewBox=\"0 0 32 32\" fill=\"currentColor\"><path d=\"M 21.1875 9.28125 L 19.78125 10.71875 L 24.0625 15 L 4 15 L 4 17 L 24.0625 17 L 19.78125 21.28125 L 21.1875 22.71875 L 27.90625 16 Z \"><\/path><\/svg><span class=\"screen-reader-text\">M II.4 &#8211; U\u010denie vo vy\u0161\u0161om veku<\/span><\/a><\/article><\/div><\/div>\n\n<div style=\"height:100px\" aria-hidden=\"true\" class=\"wp-block-spacer\"><\/div>\n\n<hr class=\"wp-block-separator has-alpha-channel-opacity\">\n<\/div>\n\n","protected":false},"excerpt":{"rendered":"<p>Modul II \u2013 Kari\u00e9rne poradenstvo pod\u013ea veku<\/p>\n","protected":false},"author":4,"featured_media":2778,"parent":4842,"menu_order":2,"comment_status":"closed","ping_status":"closed","template":"","meta":{"inline_featured_image":false,"_locale":"sk_SK","_original_post":"https:\/\/www.sassi-llc.eu\/?page_id=3788","footnotes":""},"class_list":["post-4844","page","type-page","status-publish","has-post-thumbnail","hentry","sk-SK"],"blocksy_meta":[],"_links":{"self":[{"href":"https:\/\/www.sassi-llc.eu\/wp-json\/wp\/v2\/pages\/4844","targetHints":{"allow":["GET"]}}],"collection":[{"href":"https:\/\/www.sassi-llc.eu\/wp-json\/wp\/v2\/pages"}],"about":[{"href":"https:\/\/www.sassi-llc.eu\/wp-json\/wp\/v2\/types\/page"}],"author":[{"embeddable":true,"href":"https:\/\/www.sassi-llc.eu\/wp-json\/wp\/v2\/users\/4"}],"replies":[{"embeddable":true,"href":"https:\/\/www.sassi-llc.eu\/wp-json\/wp\/v2\/comments?post=4844"}],"version-history":[{"count":1,"href":"https:\/\/www.sassi-llc.eu\/wp-json\/wp\/v2\/pages\/4844\/revisions"}],"predecessor-version":[{"id":4850,"href":"https:\/\/www.sassi-llc.eu\/wp-json\/wp\/v2\/pages\/4844\/revisions\/4850"}],"up":[{"embeddable":true,"href":"https:\/\/www.sassi-llc.eu\/wp-json\/wp\/v2\/pages\/4842"}],"wp:featuredmedia":[{"embeddable":true,"href":"https:\/\/www.sassi-llc.eu\/wp-json\/wp\/v2\/media\/2778"}],"wp:attachment":[{"href":"https:\/\/www.sassi-llc.eu\/wp-json\/wp\/v2\/media?parent=4844"}],"curies":[{"name":"wp","href":"https:\/\/api.w.org\/{rel}","templated":true}]}}