{"id":4845,"date":"2024-09-11T09:29:12","date_gmt":"2024-09-11T09:29:12","guid":{"rendered":"https:\/\/www.sassi-llc.eu\/?page_id=4845"},"modified":"2024-09-11T09:29:13","modified_gmt":"2024-09-11T09:29:13","slug":"module-iii-managing-later-life-careers","status":"publish","type":"page","link":"https:\/\/www.sassi-llc.eu\/sk\/courses\/training-for-supporting-later-life-career-choices\/module-iii-managing-later-life-careers\/","title":{"rendered":"Modul III \u2013 Riadenie kari\u00e9ry v neskor\u0161om veku"},"content":{"rendered":"\n<div class=\"wp-block-group is-layout-constrained wp-block-group-is-layout-constrained\">\n<h3 class=\"wp-block-heading\">Modul III \u2013 Riadenie kari\u00e9ry v neskor\u0161om veku<\/h3>\n\n<div class=\"ct-posts-shortcode\" data-prefix=\"class_archive\"><div class=\"entries\" data-archive=\"default\" data-layout=\"grid\" data-cards=\"simple\"><article class=\"entry-card card-content post-4827 class type-class status-publish format-standard has-post-thumbnail hentry en-GB\" data-reveal=\"bottom:no\"><a class=\"ct-media-container\" href=\"https:\/\/www.sassi-llc.eu\/class\/m-iii-1-vypracovanie-prehladu-o-kariere\/\" aria-label=\"M III.1 &#8211; Vypracovanie preh\u013eadu o kari\u00e9re\"><img decoding=\"async\" width=\"768\" height=\"768\" src=\"https:\/\/www.sassi-llc.eu\/wp-content\/uploads\/2024\/03\/70-year-old-man-sitting-at-a-table-in-front-of-a-computer-profile-view-and-plain-light-background-3-768x768.jpeg\" class=\"attachment-medium_large size-medium_large wp-post-image\" alt=\"\" loading=\"lazy\" srcset=\"https:\/\/www.sassi-llc.eu\/wp-content\/uploads\/2024\/03\/70-year-old-man-sitting-at-a-table-in-front-of-a-computer-profile-view-and-plain-light-background-3-768x768.jpeg 768w, https:\/\/www.sassi-llc.eu\/wp-content\/uploads\/2024\/03\/70-year-old-man-sitting-at-a-table-in-front-of-a-computer-profile-view-and-plain-light-background-3-300x300.jpeg 300w, https:\/\/www.sassi-llc.eu\/wp-content\/uploads\/2024\/03\/70-year-old-man-sitting-at-a-table-in-front-of-a-computer-profile-view-and-plain-light-background-3-150x150.jpeg 150w, https:\/\/www.sassi-llc.eu\/wp-content\/uploads\/2024\/03\/70-year-old-man-sitting-at-a-table-in-front-of-a-computer-profile-view-and-plain-light-background-3.jpeg 1024w\" sizes=\"auto, (max-width: 768px) 100vw, 768px\" itemprop=\"image\" style=\"aspect-ratio: 4\/3;\" \/><\/a><h2 class=\"entry-title\"><a href=\"https:\/\/www.sassi-llc.eu\/class\/m-iii-1-vypracovanie-prehladu-o-kariere\/\" rel=\"bookmark\">M III.1 &#8211; Vypracovanie preh\u013eadu o kari\u00e9re<\/a><\/h2><div class=\"entry-excerpt\"><p>Ak\u00e9 s\u00fa v\u00fdhody kari\u00e9ry v neskor\u0161om veku? Nieko\u013eko ot\u00e1zok na zamyslenie: \u00fa\u010del a v\u00fdhody.<\/p>\n<\/div><a class=\"entry-button\" href=\"https:\/\/www.sassi-llc.eu\/class\/m-iii-1-vypracovanie-prehladu-o-kariere\/\">Read More<svg width=\"17px\" height=\"17px\" viewBox=\"0 0 32 32\" fill=\"currentColor\"><path d=\"M 21.1875 9.28125 L 19.78125 10.71875 L 24.0625 15 L 4 15 L 4 17 L 24.0625 17 L 19.78125 21.28125 L 21.1875 22.71875 L 27.90625 16 Z \"><\/path><\/svg><span class=\"screen-reader-text\">M III.1 &#8211; Vypracovanie preh\u013eadu o kari\u00e9re<\/span><\/a><\/article><article class=\"entry-card card-content post-4828 class type-class status-publish format-standard has-post-thumbnail hentry en-GB\" data-reveal=\"bottom:no\"><a class=\"ct-media-container\" href=\"https:\/\/www.sassi-llc.eu\/class\/m-iii-2-zmena-kariery\/\" aria-label=\"M III.2 &#8211; Zmena kari\u00e9ry\"><img decoding=\"async\" width=\"768\" height=\"768\" src=\"https:\/\/www.sassi-llc.eu\/wp-content\/uploads\/2023\/05\/lady-with-very-short-grey-hair-and-bold-glasses-points-in-two-different-directions-business-casual-768x768.jpeg\" class=\"attachment-medium_large size-medium_large wp-post-image\" alt=\"lady with very short grey hair and bold glasses points in two different directions, business casual\" loading=\"lazy\" srcset=\"https:\/\/www.sassi-llc.eu\/wp-content\/uploads\/2023\/05\/lady-with-very-short-grey-hair-and-bold-glasses-points-in-two-different-directions-business-casual-768x768.jpeg 768w, https:\/\/www.sassi-llc.eu\/wp-content\/uploads\/2023\/05\/lady-with-very-short-grey-hair-and-bold-glasses-points-in-two-different-directions-business-casual-300x300.jpeg 300w, https:\/\/www.sassi-llc.eu\/wp-content\/uploads\/2023\/05\/lady-with-very-short-grey-hair-and-bold-glasses-points-in-two-different-directions-business-casual-150x150.jpeg 150w, https:\/\/www.sassi-llc.eu\/wp-content\/uploads\/2023\/05\/lady-with-very-short-grey-hair-and-bold-glasses-points-in-two-different-directions-business-casual.jpeg 1024w\" sizes=\"auto, (max-width: 768px) 100vw, 768px\" itemprop=\"image\" style=\"aspect-ratio: 4\/3;\" \/><\/a><h2 class=\"entry-title\"><a href=\"https:\/\/www.sassi-llc.eu\/class\/m-iii-2-zmena-kariery\/\" rel=\"bookmark\">M III.2 &#8211; Zmena kari\u00e9ry<\/a><\/h2><div class=\"entry-excerpt\"><p>Mo\u017enosti kari\u00e9rneho rastu pre star\u0161\u00edch \u013eud\u00ed - ak\u00e9 s\u00fa mo\u017enosti? Na ceste k \u010fal\u0161ej kari\u00e9re - pr\u00edstup \"dedi\u010dn\u00e9ho vzorca\".<\/p>\n<\/div><a class=\"entry-button\" href=\"https:\/\/www.sassi-llc.eu\/class\/m-iii-2-zmena-kariery\/\">Read More<svg width=\"17px\" height=\"17px\" viewBox=\"0 0 32 32\" fill=\"currentColor\"><path d=\"M 21.1875 9.28125 L 19.78125 10.71875 L 24.0625 15 L 4 15 L 4 17 L 24.0625 17 L 19.78125 21.28125 L 21.1875 22.71875 L 27.90625 16 Z \"><\/path><\/svg><span class=\"screen-reader-text\">M III.2 &#8211; Zmena kari\u00e9ry<\/span><\/a><\/article><article class=\"entry-card card-content post-4829 class type-class status-publish format-standard has-post-thumbnail hentry en-GB\" data-reveal=\"bottom:no\"><a class=\"ct-media-container\" href=\"https:\/\/www.sassi-llc.eu\/class\/m-iii-3-rozvijanie-osobneho-pribehu\/\" aria-label=\"M III.3 &#8211; Rozv\u00edjanie osobn\u00e9ho pr\u00edbehu\"><img decoding=\"async\" width=\"768\" height=\"768\" src=\"https:\/\/www.sassi-llc.eu\/wp-content\/uploads\/2023\/10\/bald-man-in-his-sixties-with-beard-is-thinking-dark-background-768x768.jpeg\" class=\"attachment-medium_large size-medium_large wp-post-image\" alt=\"bald man in his sixties with beard is thinking dark background\" loading=\"lazy\" srcset=\"https:\/\/www.sassi-llc.eu\/wp-content\/uploads\/2023\/10\/bald-man-in-his-sixties-with-beard-is-thinking-dark-background-768x768.jpeg 768w, https:\/\/www.sassi-llc.eu\/wp-content\/uploads\/2023\/10\/bald-man-in-his-sixties-with-beard-is-thinking-dark-background-300x300.jpeg 300w, https:\/\/www.sassi-llc.eu\/wp-content\/uploads\/2023\/10\/bald-man-in-his-sixties-with-beard-is-thinking-dark-background-150x150.jpeg 150w, https:\/\/www.sassi-llc.eu\/wp-content\/uploads\/2023\/10\/bald-man-in-his-sixties-with-beard-is-thinking-dark-background.jpeg 1024w\" sizes=\"auto, (max-width: 768px) 100vw, 768px\" itemprop=\"image\" style=\"aspect-ratio: 4\/3;\" \/><\/a><h2 class=\"entry-title\"><a href=\"https:\/\/www.sassi-llc.eu\/class\/m-iii-3-rozvijanie-osobneho-pribehu\/\" rel=\"bookmark\">M III.3 &#8211; Rozv\u00edjanie osobn\u00e9ho pr\u00edbehu<\/a><\/h2><div class=\"entry-excerpt\"><p>Rozpr\u00e1vanie pr\u00edbehov ako n\u00e1stroj na ur\u010denie kari\u00e9rnej cesty v neskor\u0161om veku + met\u00f3da Cesta hrdinu<\/p>\n<\/div><a class=\"entry-button\" href=\"https:\/\/www.sassi-llc.eu\/class\/m-iii-3-rozvijanie-osobneho-pribehu\/\">Read More<svg width=\"17px\" height=\"17px\" viewBox=\"0 0 32 32\" fill=\"currentColor\"><path d=\"M 21.1875 9.28125 L 19.78125 10.71875 L 24.0625 15 L 4 15 L 4 17 L 24.0625 17 L 19.78125 21.28125 L 21.1875 22.71875 L 27.90625 16 Z \"><\/path><\/svg><span class=\"screen-reader-text\">M III.3 &#8211; Rozv\u00edjanie osobn\u00e9ho pr\u00edbehu<\/span><\/a><\/article><\/div><\/div>\n\n<div style=\"height:100px\" aria-hidden=\"true\" class=\"wp-block-spacer\"><\/div>\n\n<hr class=\"wp-block-separator has-alpha-channel-opacity\">\n<\/div>\n\n","protected":false},"excerpt":{"rendered":"<p>Modul III \u2013 Riadenie kari\u00e9ry v neskor\u0161om veku<\/p>\n","protected":false},"author":4,"featured_media":3473,"parent":4842,"menu_order":3,"comment_status":"closed","ping_status":"closed","template":"","meta":{"inline_featured_image":false,"_locale":"sk_SK","_original_post":"https:\/\/www.sassi-llc.eu\/?page_id=3790","footnotes":""},"class_list":["post-4845","page","type-page","status-publish","has-post-thumbnail","hentry","sk-SK"],"blocksy_meta":[],"_links":{"self":[{"href":"https:\/\/www.sassi-llc.eu\/wp-json\/wp\/v2\/pages\/4845","targetHints":{"allow":["GET"]}}],"collection":[{"href":"https:\/\/www.sassi-llc.eu\/wp-json\/wp\/v2\/pages"}],"about":[{"href":"https:\/\/www.sassi-llc.eu\/wp-json\/wp\/v2\/types\/page"}],"author":[{"embeddable":true,"href":"https:\/\/www.sassi-llc.eu\/wp-json\/wp\/v2\/users\/4"}],"replies":[{"embeddable":true,"href":"https:\/\/www.sassi-llc.eu\/wp-json\/wp\/v2\/comments?post=4845"}],"version-history":[{"count":1,"href":"https:\/\/www.sassi-llc.eu\/wp-json\/wp\/v2\/pages\/4845\/revisions"}],"predecessor-version":[{"id":4851,"href":"https:\/\/www.sassi-llc.eu\/wp-json\/wp\/v2\/pages\/4845\/revisions\/4851"}],"up":[{"embeddable":true,"href":"https:\/\/www.sassi-llc.eu\/wp-json\/wp\/v2\/pages\/4842"}],"wp:featuredmedia":[{"embeddable":true,"href":"https:\/\/www.sassi-llc.eu\/wp-json\/wp\/v2\/media\/3473"}],"wp:attachment":[{"href":"https:\/\/www.sassi-llc.eu\/wp-json\/wp\/v2\/media?parent=4845"}],"curies":[{"name":"wp","href":"https:\/\/api.w.org\/{rel}","templated":true}]}}