{"id":4846,"date":"2024-09-11T09:31:12","date_gmt":"2024-09-11T09:31:12","guid":{"rendered":"https:\/\/www.sassi-llc.eu\/?page_id=4846"},"modified":"2024-09-11T09:31:12","modified_gmt":"2024-09-11T09:31:12","slug":"module-iv-ambassadors-for-mobility-in-later-life","status":"publish","type":"page","link":"https:\/\/www.sassi-llc.eu\/sk\/courses\/training-for-supporting-later-life-career-choices\/module-iv-ambassadors-for-mobility-in-later-life\/","title":{"rendered":"Modul IV \u2013 Ve\u013evyslanci pre mobilitu v neskor\u0161om veku"},"content":{"rendered":"\n<div class=\"wp-block-group is-layout-constrained wp-block-group-is-layout-constrained\">\n<h3 class=\"wp-block-heading\">Modul IV \u2013 Ve\u013evyslanci pre mobilitu v neskor\u0161om veku\/h3>\n\n<div class=\"ct-posts-shortcode\" data-prefix=\"class_archive\"><div class=\"entries\" data-archive=\"default\" data-layout=\"grid\" data-cards=\"simple\"><article class=\"entry-card card-content post-4830 class type-class status-publish format-standard has-post-thumbnail hentry en-GB\" data-reveal=\"bottom:no\"><a class=\"ct-media-container\" href=\"https:\/\/www.sassi-llc.eu\/class\/m-iv-1-vyhody-prace-a-studia-v-zahranici\/\" aria-label=\"M IV.1 &#8211; V\u00fdhody pr\u00e1ce a \u0161t\u00fadia v zahrani\u010d\u00ed\"><img decoding=\"async\" width=\"768\" height=\"768\" src=\"https:\/\/www.sassi-llc.eu\/wp-content\/uploads\/2023\/11\/group-of-older-people-with-diverse-intercultural-background-chatting-business-casual-2-768x768.jpeg\" class=\"attachment-medium_large size-medium_large wp-post-image\" alt=\"group of older people, with diverse intercultural background, chatting, business casual\" loading=\"lazy\" srcset=\"https:\/\/www.sassi-llc.eu\/wp-content\/uploads\/2023\/11\/group-of-older-people-with-diverse-intercultural-background-chatting-business-casual-2-768x768.jpeg 768w, https:\/\/www.sassi-llc.eu\/wp-content\/uploads\/2023\/11\/group-of-older-people-with-diverse-intercultural-background-chatting-business-casual-2-300x300.jpeg 300w, https:\/\/www.sassi-llc.eu\/wp-content\/uploads\/2023\/11\/group-of-older-people-with-diverse-intercultural-background-chatting-business-casual-2-150x150.jpeg 150w, https:\/\/www.sassi-llc.eu\/wp-content\/uploads\/2023\/11\/group-of-older-people-with-diverse-intercultural-background-chatting-business-casual-2.jpeg 1024w\" sizes=\"auto, (max-width: 768px) 100vw, 768px\" itemprop=\"image\" style=\"aspect-ratio: 4\/3;\" \/><\/a><h2 class=\"entry-title\"><a href=\"https:\/\/www.sassi-llc.eu\/class\/m-iv-1-vyhody-prace-a-studia-v-zahranici\/\" rel=\"bookmark\">M IV.1 &#8211; V\u00fdhody pr\u00e1ce a \u0161t\u00fadia v zahrani\u010d\u00ed<\/a><\/h2><div class=\"entry-excerpt\"><p>Podporte motiv\u00e1ciu svojich \u0161tudentov, aby sa stali ve\u013evyslancami mobility v neskor\u0161om veku, a sprostredkujte im v\u00fdhody pr\u00e1ce a \u0161t\u00fadia v zahrani\u010d\u00ed.<\/p>\n<\/div><a class=\"entry-button\" href=\"https:\/\/www.sassi-llc.eu\/class\/m-iv-1-vyhody-prace-a-studia-v-zahranici\/\">Read More<svg width=\"17px\" height=\"17px\" viewBox=\"0 0 32 32\" fill=\"currentColor\"><path d=\"M 21.1875 9.28125 L 19.78125 10.71875 L 24.0625 15 L 4 15 L 4 17 L 24.0625 17 L 19.78125 21.28125 L 21.1875 22.71875 L 27.90625 16 Z \"><\/path><\/svg><span class=\"screen-reader-text\">M IV.1 &#8211; V\u00fdhody pr\u00e1ce a \u0161t\u00fadia v zahrani\u010d\u00ed<\/span><\/a><\/article><article class=\"entry-card card-content post-4831 class type-class status-publish format-standard has-post-thumbnail hentry en-GB\" data-reveal=\"bottom:no\"><a class=\"ct-media-container\" href=\"https:\/\/www.sassi-llc.eu\/class\/m-iv-2-typy-mobilit\/\" aria-label=\"M IV.2 &#8211; Typy mobil\u00edt\"><img decoding=\"async\" width=\"768\" height=\"768\" src=\"https:\/\/www.sassi-llc.eu\/wp-content\/uploads\/2023\/11\/swedish-forester-who-is-60-years-old-going-with-italian-students-on-fieldtrip-into-a-forest-768x768.jpeg\" class=\"attachment-medium_large size-medium_large wp-post-image\" alt=\"swedish forester who is 60 years old going with italian students on fieldtrip into a forest\" loading=\"lazy\" srcset=\"https:\/\/www.sassi-llc.eu\/wp-content\/uploads\/2023\/11\/swedish-forester-who-is-60-years-old-going-with-italian-students-on-fieldtrip-into-a-forest-768x768.jpeg 768w, https:\/\/www.sassi-llc.eu\/wp-content\/uploads\/2023\/11\/swedish-forester-who-is-60-years-old-going-with-italian-students-on-fieldtrip-into-a-forest-300x300.jpeg 300w, https:\/\/www.sassi-llc.eu\/wp-content\/uploads\/2023\/11\/swedish-forester-who-is-60-years-old-going-with-italian-students-on-fieldtrip-into-a-forest-150x150.jpeg 150w, https:\/\/www.sassi-llc.eu\/wp-content\/uploads\/2023\/11\/swedish-forester-who-is-60-years-old-going-with-italian-students-on-fieldtrip-into-a-forest.jpeg 1024w\" sizes=\"auto, (max-width: 768px) 100vw, 768px\" itemprop=\"image\" style=\"aspect-ratio: 4\/3;\" \/><\/a><h2 class=\"entry-title\"><a href=\"https:\/\/www.sassi-llc.eu\/class\/m-iv-2-typy-mobilit\/\" rel=\"bookmark\">M IV.2 &#8211; Typy mobil\u00edt<\/a><\/h2><div class=\"entry-excerpt\"><p>Existuje mnoho druhov vzdel\u00e1vac\u00edch mobil\u00edt a neznal\u00ed sa \u013eahko stratia vo v\u0161etk\u00fdch mo\u017enostiach. Ktor\u00fd z nich by si mal \u010dlovek vybra\u0165?<\/p>\n<\/div><a class=\"entry-button\" href=\"https:\/\/www.sassi-llc.eu\/class\/m-iv-2-typy-mobilit\/\">Read More<svg width=\"17px\" height=\"17px\" viewBox=\"0 0 32 32\" fill=\"currentColor\"><path d=\"M 21.1875 9.28125 L 19.78125 10.71875 L 24.0625 15 L 4 15 L 4 17 L 24.0625 17 L 19.78125 21.28125 L 21.1875 22.71875 L 27.90625 16 Z \"><\/path><\/svg><span class=\"screen-reader-text\">M IV.2 &#8211; Typy mobil\u00edt<\/span><\/a><\/article><article class=\"entry-card card-content post-4832 class type-class status-publish format-standard has-post-thumbnail hentry en-GB\" data-reveal=\"bottom:no\"><a class=\"ct-media-container\" href=\"https:\/\/www.sassi-llc.eu\/class\/m-iv-3-uloha-a-kompetencie-ambasadora\/\" aria-label=\"M IV.3 &#8211; \u00daloha a kompetencie ambas\u00e1dora\"><img decoding=\"async\" width=\"768\" height=\"768\" src=\"https:\/\/www.sassi-llc.eu\/wp-content\/uploads\/2023\/05\/two-ladies-in-their-60ies-with-one-lady-explaining-her-friend-something-on-a-whiteboard-business-casual-no-text-768x768.jpeg\" class=\"attachment-medium_large size-medium_large wp-post-image\" alt=\"two ladies in their 60ies with one lady explaining her friend something on a whiteboard business casual no text\" loading=\"lazy\" srcset=\"https:\/\/www.sassi-llc.eu\/wp-content\/uploads\/2023\/05\/two-ladies-in-their-60ies-with-one-lady-explaining-her-friend-something-on-a-whiteboard-business-casual-no-text-768x768.jpeg 768w, https:\/\/www.sassi-llc.eu\/wp-content\/uploads\/2023\/05\/two-ladies-in-their-60ies-with-one-lady-explaining-her-friend-something-on-a-whiteboard-business-casual-no-text-300x300.jpeg 300w, https:\/\/www.sassi-llc.eu\/wp-content\/uploads\/2023\/05\/two-ladies-in-their-60ies-with-one-lady-explaining-her-friend-something-on-a-whiteboard-business-casual-no-text-150x150.jpeg 150w, https:\/\/www.sassi-llc.eu\/wp-content\/uploads\/2023\/05\/two-ladies-in-their-60ies-with-one-lady-explaining-her-friend-something-on-a-whiteboard-business-casual-no-text.jpeg 1024w\" sizes=\"auto, (max-width: 768px) 100vw, 768px\" itemprop=\"image\" style=\"aspect-ratio: 4\/3;\" \/><\/a><h2 class=\"entry-title\"><a href=\"https:\/\/www.sassi-llc.eu\/class\/m-iv-3-uloha-a-kompetencie-ambasadora\/\" rel=\"bookmark\">M IV.3 &#8211; \u00daloha a kompetencie ambas\u00e1dora<\/a><\/h2><div class=\"entry-excerpt\"><p>Ak chcete umo\u017eni\u0165 \u013eu\u010fom, aby propagovali v\u00fdhody vzdel\u00e1vacej mobility medzi star\u0161\u00edmi pracovn\u00edkmi, mali by ste d\u00f4verne pozna\u0165 \u00falohu ambas\u00e1dora u\u010diacich sa.<\/p>\n<\/div><a class=\"entry-button\" href=\"https:\/\/www.sassi-llc.eu\/class\/m-iv-3-uloha-a-kompetencie-ambasadora\/\">Read More<svg width=\"17px\" height=\"17px\" viewBox=\"0 0 32 32\" fill=\"currentColor\"><path d=\"M 21.1875 9.28125 L 19.78125 10.71875 L 24.0625 15 L 4 15 L 4 17 L 24.0625 17 L 19.78125 21.28125 L 21.1875 22.71875 L 27.90625 16 Z \"><\/path><\/svg><span class=\"screen-reader-text\">M IV.3 &#8211; \u00daloha a kompetencie ambas\u00e1dora<\/span><\/a><\/article><article class=\"entry-card card-content post-4833 class type-class status-publish format-standard has-post-thumbnail hentry en-GB\" data-reveal=\"bottom:no\"><a class=\"ct-media-container\" href=\"https:\/\/www.sassi-llc.eu\/class\/m-iv-4-mobilita-v-praxi\/\" aria-label=\"M IV.4 &#8211; Mobilita v praxi\"><img decoding=\"async\" width=\"768\" height=\"768\" src=\"https:\/\/www.sassi-llc.eu\/wp-content\/uploads\/2023\/10\/one-person-coaches-about-legal-aspects-with-coachee-about-60-years-old-business-casual-look-768x768.jpeg\" class=\"attachment-medium_large size-medium_large wp-post-image\" alt=\"one person coaches about legal aspects with coachee about 60 years old business casual look\" loading=\"lazy\" srcset=\"https:\/\/www.sassi-llc.eu\/wp-content\/uploads\/2023\/10\/one-person-coaches-about-legal-aspects-with-coachee-about-60-years-old-business-casual-look-768x768.jpeg 768w, https:\/\/www.sassi-llc.eu\/wp-content\/uploads\/2023\/10\/one-person-coaches-about-legal-aspects-with-coachee-about-60-years-old-business-casual-look-300x300.jpeg 300w, https:\/\/www.sassi-llc.eu\/wp-content\/uploads\/2023\/10\/one-person-coaches-about-legal-aspects-with-coachee-about-60-years-old-business-casual-look-150x150.jpeg 150w, https:\/\/www.sassi-llc.eu\/wp-content\/uploads\/2023\/10\/one-person-coaches-about-legal-aspects-with-coachee-about-60-years-old-business-casual-look.jpeg 1024w\" sizes=\"auto, (max-width: 768px) 100vw, 768px\" itemprop=\"image\" style=\"aspect-ratio: 4\/3;\" \/><\/a><h2 class=\"entry-title\"><a href=\"https:\/\/www.sassi-llc.eu\/class\/m-iv-4-mobilita-v-praxi\/\" rel=\"bookmark\">M IV.4 &#8211; Mobilita v praxi<\/a><\/h2><div class=\"entry-excerpt\"><p>Vedie\u0165 pom\u00f4c\u0165 pri v\u00fdbere vhodnej mobility na z\u00e1klade potrieb star\u0161\u00edch zamestnancov a nau\u010di\u0165 sa vyh\u013ead\u00e1va\u0165 inform\u00e1cie o pr\u00e1vnych po\u017eiadavk\u00e1ch na mobilitu.<\/p>\n<\/div><a class=\"entry-button\" href=\"https:\/\/www.sassi-llc.eu\/class\/m-iv-4-mobilita-v-praxi\/\">Read More<svg width=\"17px\" height=\"17px\" viewBox=\"0 0 32 32\" fill=\"currentColor\"><path d=\"M 21.1875 9.28125 L 19.78125 10.71875 L 24.0625 15 L 4 15 L 4 17 L 24.0625 17 L 19.78125 21.28125 L 21.1875 22.71875 L 27.90625 16 Z \"><\/path><\/svg><span class=\"screen-reader-text\">M IV.4 &#8211; Mobilita v praxi<\/span><\/a><\/article><article class=\"entry-card card-content post-4834 class type-class status-publish format-standard has-post-thumbnail hentry en-GB\" data-reveal=\"bottom:no\"><a class=\"ct-media-container\" href=\"https:\/\/www.sassi-llc.eu\/class\/m-iv-5-hladanie-mobility\/\" aria-label=\"M IV.5 &#8211; H\u013eadanie mobility\"><img decoding=\"async\" width=\"768\" height=\"768\" src=\"https:\/\/www.sassi-llc.eu\/wp-content\/uploads\/2023\/08\/happy-couple-in-their-midfifties-reading-on-one-tablet-business-casual-768x768.jpeg\" class=\"attachment-medium_large size-medium_large wp-post-image\" alt=\"happy couple in their midfifties reading on one tablet, business casual\" loading=\"lazy\" srcset=\"https:\/\/www.sassi-llc.eu\/wp-content\/uploads\/2023\/08\/happy-couple-in-their-midfifties-reading-on-one-tablet-business-casual-768x768.jpeg 768w, https:\/\/www.sassi-llc.eu\/wp-content\/uploads\/2023\/08\/happy-couple-in-their-midfifties-reading-on-one-tablet-business-casual-300x300.jpeg 300w, https:\/\/www.sassi-llc.eu\/wp-content\/uploads\/2023\/08\/happy-couple-in-their-midfifties-reading-on-one-tablet-business-casual-150x150.jpeg 150w, https:\/\/www.sassi-llc.eu\/wp-content\/uploads\/2023\/08\/happy-couple-in-their-midfifties-reading-on-one-tablet-business-casual.jpeg 1024w\" sizes=\"auto, (max-width: 768px) 100vw, 768px\" itemprop=\"image\" style=\"aspect-ratio: 4\/3;\" \/><\/a><h2 class=\"entry-title\"><a href=\"https:\/\/www.sassi-llc.eu\/class\/m-iv-5-hladanie-mobility\/\" rel=\"bookmark\">M IV.5 &#8211; H\u013eadanie mobility<\/a><\/h2><div class=\"entry-excerpt\"><p>Kde n\u00e1js\u0165 mobilitu a ako ju financova\u0165? T\u00e1to \u010das\u0165 poskytuje preh\u013ead dostupn\u00fdch programov a organiz\u00e1ci\u00ed vr\u00e1tane datab\u00e1zy mobil\u00edt SASSI.<\/p>\n<\/div><a class=\"entry-button\" href=\"https:\/\/www.sassi-llc.eu\/class\/m-iv-5-hladanie-mobility\/\">Read More<svg width=\"17px\" height=\"17px\" viewBox=\"0 0 32 32\" fill=\"currentColor\"><path d=\"M 21.1875 9.28125 L 19.78125 10.71875 L 24.0625 15 L 4 15 L 4 17 L 24.0625 17 L 19.78125 21.28125 L 21.1875 22.71875 L 27.90625 16 Z \"><\/path><\/svg><span class=\"screen-reader-text\">M IV.5 &#8211; H\u013eadanie mobility<\/span><\/a><\/article><\/div><\/div>\n\n<div style=\"height:100px\" aria-hidden=\"true\" class=\"wp-block-spacer\"><\/div>\n\n<hr class=\"wp-block-separator has-alpha-channel-opacity\">\n<\/div>\n\n","protected":false},"excerpt":{"rendered":"<p>Modul IV \u2013 Ve\u013evyslanci pre mobilitu v neskor\u0161om veku\/h3><\/p>\n","protected":false},"author":4,"featured_media":2759,"parent":4842,"menu_order":4,"comment_status":"closed","ping_status":"closed","template":"","meta":{"inline_featured_image":false,"_locale":"sk_SK","_original_post":"https:\/\/www.sassi-llc.eu\/?page_id=3792","footnotes":""},"class_list":["post-4846","page","type-page","status-publish","has-post-thumbnail","hentry","sk-SK"],"blocksy_meta":[],"_links":{"self":[{"href":"https:\/\/www.sassi-llc.eu\/wp-json\/wp\/v2\/pages\/4846","targetHints":{"allow":["GET"]}}],"collection":[{"href":"https:\/\/www.sassi-llc.eu\/wp-json\/wp\/v2\/pages"}],"about":[{"href":"https:\/\/www.sassi-llc.eu\/wp-json\/wp\/v2\/types\/page"}],"author":[{"embeddable":true,"href":"https:\/\/www.sassi-llc.eu\/wp-json\/wp\/v2\/users\/4"}],"replies":[{"embeddable":true,"href":"https:\/\/www.sassi-llc.eu\/wp-json\/wp\/v2\/comments?post=4846"}],"version-history":[{"count":1,"href":"https:\/\/www.sassi-llc.eu\/wp-json\/wp\/v2\/pages\/4846\/revisions"}],"predecessor-version":[{"id":4852,"href":"https:\/\/www.sassi-llc.eu\/wp-json\/wp\/v2\/pages\/4846\/revisions\/4852"}],"up":[{"embeddable":true,"href":"https:\/\/www.sassi-llc.eu\/wp-json\/wp\/v2\/pages\/4842"}],"wp:featuredmedia":[{"embeddable":true,"href":"https:\/\/www.sassi-llc.eu\/wp-json\/wp\/v2\/media\/2759"}],"wp:attachment":[{"href":"https:\/\/www.sassi-llc.eu\/wp-json\/wp\/v2\/media?parent=4846"}],"curies":[{"name":"wp","href":"https:\/\/api.w.org\/{rel}","templated":true}]}}