{"id":4847,"date":"2024-09-11T09:32:12","date_gmt":"2024-09-11T09:32:12","guid":{"rendered":"https:\/\/www.sassi-llc.eu\/?page_id=4847"},"modified":"2024-09-11T09:32:12","modified_gmt":"2024-09-11T09:32:12","slug":"module-v-becoming-an-olderpreneur","status":"publish","type":"page","link":"https:\/\/www.sassi-llc.eu\/sk\/courses\/training-for-supporting-later-life-career-choices\/module-v-becoming-an-olderpreneur\/","title":{"rendered":"Modul V \u2013 Sta\u0165 sa star\u0161\u00edm podnikate\u013eom"},"content":{"rendered":"\n<div class=\"wp-block-group is-layout-constrained wp-block-group-is-layout-constrained\">\n<h3 class=\"wp-block-heading\">Modul V \u2013 Sta\u0165 sa star\u0161\u00edm podnikate\u013eom<\/h3>\n\n<div class=\"ct-posts-shortcode\" data-prefix=\"class_archive\"><div class=\"entries\" data-archive=\"default\" data-layout=\"grid\" data-cards=\"simple\"><article class=\"entry-card card-content post-4835 class type-class status-publish format-standard has-post-thumbnail hentry en-GB\" data-reveal=\"bottom:no\"><a class=\"ct-media-container\" href=\"https:\/\/www.sassi-llc.eu\/class\/m-v-1-starsie-podnikanie-vychadzajte-z-rastu-inovacii-a-dedicstva-v-neskorsom-veku\/\" aria-label=\"M V.1 &#8211; Star\u0161ie podnikanie: Vych\u00e1dzajte z rastu, inov\u00e1ci\u00ed a dedi\u010dstva v neskor\u0161om veku\"><img decoding=\"async\" width=\"768\" height=\"768\" src=\"https:\/\/www.sassi-llc.eu\/wp-content\/uploads\/2022\/12\/evaluationg-soft-skills-old-person-i60-years-business-casual-in-cafe-768x768.jpeg\" class=\"attachment-medium_large size-medium_large wp-post-image\" alt=\"evaluationg soft skills old person i60 years business casual in cafe\" loading=\"lazy\" srcset=\"https:\/\/www.sassi-llc.eu\/wp-content\/uploads\/2022\/12\/evaluationg-soft-skills-old-person-i60-years-business-casual-in-cafe-768x768.jpeg 768w, https:\/\/www.sassi-llc.eu\/wp-content\/uploads\/2022\/12\/evaluationg-soft-skills-old-person-i60-years-business-casual-in-cafe-300x300.jpeg 300w, https:\/\/www.sassi-llc.eu\/wp-content\/uploads\/2022\/12\/evaluationg-soft-skills-old-person-i60-years-business-casual-in-cafe-150x150.jpeg 150w, https:\/\/www.sassi-llc.eu\/wp-content\/uploads\/2022\/12\/evaluationg-soft-skills-old-person-i60-years-business-casual-in-cafe.jpeg 1024w\" sizes=\"auto, (max-width: 768px) 100vw, 768px\" itemprop=\"image\" style=\"aspect-ratio: 4\/3;\" \/><\/a><h2 class=\"entry-title\"><a href=\"https:\/\/www.sassi-llc.eu\/class\/m-v-1-starsie-podnikanie-vychadzajte-z-rastu-inovacii-a-dedicstva-v-neskorsom-veku\/\" rel=\"bookmark\">M V.1 &#8211; Star\u0161ie podnikanie: Vych\u00e1dzajte z rastu, inov\u00e1ci\u00ed a dedi\u010dstva v neskor\u0161om veku<\/a><\/h2><div class=\"entry-excerpt\"><p>V tomto module sa dozviete viac o tom, \u010do znamen\u00e1 sta\u0165 sa star\u0161\u00edm podnikate\u013eom (nemus\u00ed \u00eds\u0165 nevyhnutne o zalo\u017eenie vlastn\u00e9ho podniku).<\/p>\n<\/div><a class=\"entry-button\" href=\"https:\/\/www.sassi-llc.eu\/class\/m-v-1-starsie-podnikanie-vychadzajte-z-rastu-inovacii-a-dedicstva-v-neskorsom-veku\/\">Read More<svg width=\"17px\" height=\"17px\" viewBox=\"0 0 32 32\" fill=\"currentColor\"><path d=\"M 21.1875 9.28125 L 19.78125 10.71875 L 24.0625 15 L 4 15 L 4 17 L 24.0625 17 L 19.78125 21.28125 L 21.1875 22.71875 L 27.90625 16 Z \"><\/path><\/svg><span class=\"screen-reader-text\">M V.1 &#8211; Star\u0161ie podnikanie: Vych\u00e1dzajte z rastu, inov\u00e1ci\u00ed a dedi\u010dstva v neskor\u0161om veku<\/span><\/a><\/article><article class=\"entry-card card-content post-4836 class type-class status-publish format-standard has-post-thumbnail hentry en-GB\" data-reveal=\"bottom:no\"><a class=\"ct-media-container\" href=\"https:\/\/www.sassi-llc.eu\/class\/m-v-2-dpostup-od-makkych-k-tvrdym-zrucnosti-starsieho-podnikatela\/\" aria-label=\"M V.2 &#8211; Postup od m\u00e4kk\u00fdch k tvrd\u00fdm: zru\u010dnosti star\u0161ieho podnikate\u013ea\"><img decoding=\"async\" width=\"768\" height=\"768\" src=\"https:\/\/www.sassi-llc.eu\/wp-content\/uploads\/2024\/04\/8a5ffbe4-470d-48bb-95bc-03ab8a7565b8-768x768.jpeg\" class=\"attachment-medium_large size-medium_large wp-post-image\" alt=\"case studies\" loading=\"lazy\" srcset=\"https:\/\/www.sassi-llc.eu\/wp-content\/uploads\/2024\/04\/8a5ffbe4-470d-48bb-95bc-03ab8a7565b8-768x768.jpeg 768w, https:\/\/www.sassi-llc.eu\/wp-content\/uploads\/2024\/04\/8a5ffbe4-470d-48bb-95bc-03ab8a7565b8-300x300.jpeg 300w, https:\/\/www.sassi-llc.eu\/wp-content\/uploads\/2024\/04\/8a5ffbe4-470d-48bb-95bc-03ab8a7565b8-150x150.jpeg 150w, https:\/\/www.sassi-llc.eu\/wp-content\/uploads\/2024\/04\/8a5ffbe4-470d-48bb-95bc-03ab8a7565b8.jpeg 1024w\" sizes=\"auto, (max-width: 768px) 100vw, 768px\" itemprop=\"image\" style=\"aspect-ratio: 4\/3;\" \/><\/a><h2 class=\"entry-title\"><a href=\"https:\/\/www.sassi-llc.eu\/class\/m-v-2-dpostup-od-makkych-k-tvrdym-zrucnosti-starsieho-podnikatela\/\" rel=\"bookmark\">M V.2 &#8211; Postup od m\u00e4kk\u00fdch k tvrd\u00fdm: zru\u010dnosti star\u0161ieho podnikate\u013ea<\/a><\/h2><div class=\"entry-excerpt\"><p>V tejto \u010dasti sa budeme venova\u0165 z\u00e1kladn\u00fdm zru\u010dnostiam potrebn\u00fdm na dosiahnutie podnikate\u013esk\u00e9ho \u00faspechu, od pochopenia vplyvu \u013eudsk\u00e9ho mozgu na rozhodovanie a\u017e po praktick\u00e9 obchodn\u00e9 strat\u00e9gie.<\/p>\n<\/div><a class=\"entry-button\" href=\"https:\/\/www.sassi-llc.eu\/class\/m-v-2-dpostup-od-makkych-k-tvrdym-zrucnosti-starsieho-podnikatela\/\">Read More<svg width=\"17px\" height=\"17px\" viewBox=\"0 0 32 32\" fill=\"currentColor\"><path d=\"M 21.1875 9.28125 L 19.78125 10.71875 L 24.0625 15 L 4 15 L 4 17 L 24.0625 17 L 19.78125 21.28125 L 21.1875 22.71875 L 27.90625 16 Z \"><\/path><\/svg><span class=\"screen-reader-text\">M V.2 &#8211; Postup od m\u00e4kk\u00fdch k tvrd\u00fdm: zru\u010dnosti star\u0161ieho podnikate\u013ea<\/span><\/a><\/article><article class=\"entry-card card-content post-4837 class type-class status-publish format-standard has-post-thumbnail hentry en-GB\" data-reveal=\"bottom:no\"><a class=\"ct-media-container\" href=\"https:\/\/www.sassi-llc.eu\/class\/m-v-3-odomykanie-prilezitosti-od-dobrovolnictva-k-digitalnemu-podnikaniu\/\" aria-label=\"M V.3 &#8211; Odomykanie pr\u00edle\u017eitost\u00ed: Od dobrovo\u013en\u00edctva k digit\u00e1lnemu podnikaniu\"><img decoding=\"async\" width=\"768\" height=\"768\" src=\"https:\/\/www.sassi-llc.eu\/wp-content\/uploads\/2023\/05\/70-year-old-lady-sitting-on-a-sofa-and-a-laptop-in-her-lap-profile-view-and-plain-light-background-768x768.jpeg\" class=\"attachment-medium_large size-medium_large wp-post-image\" alt=\"70 year old lady sitting on a sofa and a laptop in her lap, profile view and plain light\" loading=\"lazy\" srcset=\"https:\/\/www.sassi-llc.eu\/wp-content\/uploads\/2023\/05\/70-year-old-lady-sitting-on-a-sofa-and-a-laptop-in-her-lap-profile-view-and-plain-light-background-768x768.jpeg 768w, https:\/\/www.sassi-llc.eu\/wp-content\/uploads\/2023\/05\/70-year-old-lady-sitting-on-a-sofa-and-a-laptop-in-her-lap-profile-view-and-plain-light-background-300x300.jpeg 300w, https:\/\/www.sassi-llc.eu\/wp-content\/uploads\/2023\/05\/70-year-old-lady-sitting-on-a-sofa-and-a-laptop-in-her-lap-profile-view-and-plain-light-background-150x150.jpeg 150w, https:\/\/www.sassi-llc.eu\/wp-content\/uploads\/2023\/05\/70-year-old-lady-sitting-on-a-sofa-and-a-laptop-in-her-lap-profile-view-and-plain-light-background.jpeg 1024w\" sizes=\"auto, (max-width: 768px) 100vw, 768px\" itemprop=\"image\" style=\"aspect-ratio: 4\/3;\" \/><\/a><h2 class=\"entry-title\"><a href=\"https:\/\/www.sassi-llc.eu\/class\/m-v-3-odomykanie-prilezitosti-od-dobrovolnictva-k-digitalnemu-podnikaniu\/\" rel=\"bookmark\">M V.3 &#8211; Odomykanie pr\u00edle\u017eitost\u00ed: Od dobrovo\u013en\u00edctva k digit\u00e1lnemu podnikaniu<\/a><\/h2><div class=\"entry-excerpt\"><p>Cie\u013eom  tejto \u010dasti je prenikn\u00fa\u0165 do r\u00f4znych ciest podnikania a inov\u00e1ci\u00ed s cie\u013eom umo\u017eni\u0165 jednotlivcom orientova\u0165 sa v dynamickom prostred\u00ed modernej kari\u00e9ry.<\/p>\n<\/div><a class=\"entry-button\" href=\"https:\/\/www.sassi-llc.eu\/class\/m-v-3-odomykanie-prilezitosti-od-dobrovolnictva-k-digitalnemu-podnikaniu\/\">Read More<svg width=\"17px\" height=\"17px\" viewBox=\"0 0 32 32\" fill=\"currentColor\"><path d=\"M 21.1875 9.28125 L 19.78125 10.71875 L 24.0625 15 L 4 15 L 4 17 L 24.0625 17 L 19.78125 21.28125 L 21.1875 22.71875 L 27.90625 16 Z \"><\/path><\/svg><span class=\"screen-reader-text\">M V.3 &#8211; Odomykanie pr\u00edle\u017eitost\u00ed: Od dobrovo\u013en\u00edctva k digit\u00e1lnemu podnikaniu<\/span><\/a><\/article><\/div><\/div>\n\n<div style=\"height:100px\" aria-hidden=\"true\" class=\"wp-block-spacer\"><\/div>\n\n<hr class=\"wp-block-separator has-alpha-channel-opacity\">\n<\/div>\n\n","protected":false},"excerpt":{"rendered":"<p>Modul V \u2013 Sta\u0165 sa star\u0161\u00edm podnikate\u013eom<\/p>\n","protected":false},"author":4,"featured_media":967,"parent":4842,"menu_order":5,"comment_status":"closed","ping_status":"closed","template":"","meta":{"inline_featured_image":false,"_locale":"sk_SK","_original_post":"https:\/\/www.sassi-llc.eu\/?page_id=3794","footnotes":""},"class_list":["post-4847","page","type-page","status-publish","has-post-thumbnail","hentry","sk-SK"],"blocksy_meta":[],"_links":{"self":[{"href":"https:\/\/www.sassi-llc.eu\/wp-json\/wp\/v2\/pages\/4847","targetHints":{"allow":["GET"]}}],"collection":[{"href":"https:\/\/www.sassi-llc.eu\/wp-json\/wp\/v2\/pages"}],"about":[{"href":"https:\/\/www.sassi-llc.eu\/wp-json\/wp\/v2\/types\/page"}],"author":[{"embeddable":true,"href":"https:\/\/www.sassi-llc.eu\/wp-json\/wp\/v2\/users\/4"}],"replies":[{"embeddable":true,"href":"https:\/\/www.sassi-llc.eu\/wp-json\/wp\/v2\/comments?post=4847"}],"version-history":[{"count":1,"href":"https:\/\/www.sassi-llc.eu\/wp-json\/wp\/v2\/pages\/4847\/revisions"}],"predecessor-version":[{"id":4853,"href":"https:\/\/www.sassi-llc.eu\/wp-json\/wp\/v2\/pages\/4847\/revisions\/4853"}],"up":[{"embeddable":true,"href":"https:\/\/www.sassi-llc.eu\/wp-json\/wp\/v2\/pages\/4842"}],"wp:featuredmedia":[{"embeddable":true,"href":"https:\/\/www.sassi-llc.eu\/wp-json\/wp\/v2\/media\/967"}],"wp:attachment":[{"href":"https:\/\/www.sassi-llc.eu\/wp-json\/wp\/v2\/media?parent=4847"}],"curies":[{"name":"wp","href":"https:\/\/api.w.org\/{rel}","templated":true}]}}