{"id":4848,"date":"2024-09-11T09:33:15","date_gmt":"2024-09-11T09:33:15","guid":{"rendered":"https:\/\/www.sassi-llc.eu\/?page_id=4848"},"modified":"2024-09-11T09:33:16","modified_gmt":"2024-09-11T09:33:16","slug":"module-iv-competence-assessment","status":"publish","type":"page","link":"https:\/\/www.sassi-llc.eu\/sk\/courses\/training-for-supporting-later-life-career-choices\/module-iv-competence-assessment\/","title":{"rendered":"Modul VI \u2013 Hodnotenie kompetenci\u00ed"},"content":{"rendered":"\n<div class=\"wp-block-group is-layout-constrained wp-block-group-is-layout-constrained\">\n<h3 class=\"wp-block-heading\">Modul VI \u2013 Hodnotenie kompetenci\u00ed<\/h3>\n\n<div class=\"ct-posts-shortcode\" data-prefix=\"class_archive\"><div class=\"entries\" data-archive=\"default\" data-layout=\"grid\" data-cards=\"simple\"><article class=\"entry-card card-content post-4838 class type-class status-publish format-standard has-post-thumbnail hentry en-GB\" data-reveal=\"bottom:no\"><a class=\"ct-media-container\" href=\"https:\/\/www.sassi-llc.eu\/class\/m-vi-1-kompetencie-a-teoria-kompetencii\/\" aria-label=\"M VI.1 &#8211; Kompetencie a te\u00f3ria kompetenci\u00ed\"><img decoding=\"async\" width=\"768\" height=\"768\" src=\"https:\/\/www.sassi-llc.eu\/wp-content\/uploads\/2023\/05\/Turning-your-knowledge-and-expertise-into-consulting-mentoring-gentleman-in-his-sixties-business-casual-768x768.jpeg\" class=\"attachment-medium_large size-medium_large wp-post-image\" alt=\"Turning your knowledge and expertise into consulting mentoring - gentleman in his sixties, business casual\" loading=\"lazy\" srcset=\"https:\/\/www.sassi-llc.eu\/wp-content\/uploads\/2023\/05\/Turning-your-knowledge-and-expertise-into-consulting-mentoring-gentleman-in-his-sixties-business-casual-768x768.jpeg 768w, https:\/\/www.sassi-llc.eu\/wp-content\/uploads\/2023\/05\/Turning-your-knowledge-and-expertise-into-consulting-mentoring-gentleman-in-his-sixties-business-casual-300x300.jpeg 300w, https:\/\/www.sassi-llc.eu\/wp-content\/uploads\/2023\/05\/Turning-your-knowledge-and-expertise-into-consulting-mentoring-gentleman-in-his-sixties-business-casual-150x150.jpeg 150w, https:\/\/www.sassi-llc.eu\/wp-content\/uploads\/2023\/05\/Turning-your-knowledge-and-expertise-into-consulting-mentoring-gentleman-in-his-sixties-business-casual.jpeg 1024w\" sizes=\"auto, (max-width: 768px) 100vw, 768px\" itemprop=\"image\" style=\"aspect-ratio: 4\/3;\" \/><\/a><h2 class=\"entry-title\"><a href=\"https:\/\/www.sassi-llc.eu\/class\/m-vi-1-kompetencie-a-teoria-kompetencii\/\" rel=\"bookmark\">M VI.1 &#8211; Kompetencie a te\u00f3ria kompetenci\u00ed<\/a><\/h2><div class=\"entry-excerpt\"><p>Pochopenie pojmu \"kompetencia\" a zavedenie konkr\u00e9tneho modelu v\u0161etk\u00fdch zlo\u017eiek kompetencie<\/p>\n<\/div><a class=\"entry-button\" href=\"https:\/\/www.sassi-llc.eu\/class\/m-vi-1-kompetencie-a-teoria-kompetencii\/\">Read More<svg width=\"17px\" height=\"17px\" viewBox=\"0 0 32 32\" fill=\"currentColor\"><path d=\"M 21.1875 9.28125 L 19.78125 10.71875 L 24.0625 15 L 4 15 L 4 17 L 24.0625 17 L 19.78125 21.28125 L 21.1875 22.71875 L 27.90625 16 Z \"><\/path><\/svg><span class=\"screen-reader-text\">M VI.1 &#8211; Kompetencie a te\u00f3ria kompetenci\u00ed<\/span><\/a><\/article><article class=\"entry-card card-content post-4839 class type-class status-publish format-standard has-post-thumbnail hentry en-GB\" data-reveal=\"bottom:no\"><a class=\"ct-media-container\" href=\"https:\/\/www.sassi-llc.eu\/class\/m-vi-2-hodnotenie-kompetencii-na-level-5\/\" aria-label=\"M VI.2 &#8211; Hodnotenie kompetenci\u00ed na LEVEL 5\"><img decoding=\"async\" width=\"768\" height=\"768\" src=\"https:\/\/www.sassi-llc.eu\/wp-content\/uploads\/2022\/12\/70-year-old-lady-sitting-on-a-sofa-and-a-laptop-in-her-lap-profile-view-and-plain-light-background-2-768x768.jpeg\" class=\"attachment-medium_large size-medium_large wp-post-image\" alt=\"\" loading=\"lazy\" srcset=\"https:\/\/www.sassi-llc.eu\/wp-content\/uploads\/2022\/12\/70-year-old-lady-sitting-on-a-sofa-and-a-laptop-in-her-lap-profile-view-and-plain-light-background-2-768x768.jpeg 768w, https:\/\/www.sassi-llc.eu\/wp-content\/uploads\/2022\/12\/70-year-old-lady-sitting-on-a-sofa-and-a-laptop-in-her-lap-profile-view-and-plain-light-background-2-300x300.jpeg 300w, https:\/\/www.sassi-llc.eu\/wp-content\/uploads\/2022\/12\/70-year-old-lady-sitting-on-a-sofa-and-a-laptop-in-her-lap-profile-view-and-plain-light-background-2-150x150.jpeg 150w, https:\/\/www.sassi-llc.eu\/wp-content\/uploads\/2022\/12\/70-year-old-lady-sitting-on-a-sofa-and-a-laptop-in-her-lap-profile-view-and-plain-light-background-2.jpeg 1024w\" sizes=\"auto, (max-width: 768px) 100vw, 768px\" itemprop=\"image\" style=\"aspect-ratio: 4\/3;\" \/><\/a><h2 class=\"entry-title\"><a href=\"https:\/\/www.sassi-llc.eu\/class\/m-vi-2-hodnotenie-kompetencii-na-level-5\/\" rel=\"bookmark\">M VI.2 &#8211; Hodnotenie kompetenci\u00ed na LEVEL 5<\/a><\/h2><div class=\"entry-excerpt\"><p>V tejto jednotke sa nau\u010d\u00edte porozumie\u0165 5 \u00farovniam hodnotenia kompetenci\u00ed a zozn\u00e1mite sa s pr\u00edstupom \"napl\u00e1nuj, urob, skontroluj, konaj\".<\/p>\n<\/div><a class=\"entry-button\" href=\"https:\/\/www.sassi-llc.eu\/class\/m-vi-2-hodnotenie-kompetencii-na-level-5\/\">Read More<svg width=\"17px\" height=\"17px\" viewBox=\"0 0 32 32\" fill=\"currentColor\"><path d=\"M 21.1875 9.28125 L 19.78125 10.71875 L 24.0625 15 L 4 15 L 4 17 L 24.0625 17 L 19.78125 21.28125 L 21.1875 22.71875 L 27.90625 16 Z \"><\/path><\/svg><span class=\"screen-reader-text\">M VI.2 &#8211; Hodnotenie kompetenci\u00ed na LEVEL 5<\/span><\/a><\/article><article class=\"entry-card card-content post-4840 class type-class status-publish format-standard has-post-thumbnail hentry en-GB\" data-reveal=\"bottom:no\"><a class=\"ct-media-container\" href=\"https:\/\/www.sassi-llc.eu\/class\/m-vi-3-sebareflexia-a-prepojenie-s-myslenim\/\" aria-label=\"M VI.3 &#8211; Sebareflexia a prepojenie s myslen\u00edm\"><img decoding=\"async\" width=\"768\" height=\"768\" src=\"https:\/\/www.sassi-llc.eu\/wp-content\/uploads\/2022\/12\/man-in-his-sixties-business-casual-sitting-on-a-modern-couch-reading-a-sports-bike-in-the-background-768x768.jpeg\" class=\"attachment-medium_large size-medium_large wp-post-image\" alt=\"man in his sixties, business casual, sitting on a modern couch, reading, a sports bike in the background\" loading=\"lazy\" srcset=\"https:\/\/www.sassi-llc.eu\/wp-content\/uploads\/2022\/12\/man-in-his-sixties-business-casual-sitting-on-a-modern-couch-reading-a-sports-bike-in-the-background-768x768.jpeg 768w, https:\/\/www.sassi-llc.eu\/wp-content\/uploads\/2022\/12\/man-in-his-sixties-business-casual-sitting-on-a-modern-couch-reading-a-sports-bike-in-the-background-300x300.jpeg 300w, https:\/\/www.sassi-llc.eu\/wp-content\/uploads\/2022\/12\/man-in-his-sixties-business-casual-sitting-on-a-modern-couch-reading-a-sports-bike-in-the-background-150x150.jpeg 150w, https:\/\/www.sassi-llc.eu\/wp-content\/uploads\/2022\/12\/man-in-his-sixties-business-casual-sitting-on-a-modern-couch-reading-a-sports-bike-in-the-background.jpeg 1024w\" sizes=\"auto, (max-width: 768px) 100vw, 768px\" itemprop=\"image\" style=\"aspect-ratio: 4\/3;\" \/><\/a><h2 class=\"entry-title\"><a href=\"https:\/\/www.sassi-llc.eu\/class\/m-vi-3-sebareflexia-a-prepojenie-s-myslenim\/\" rel=\"bookmark\">M VI.3 &#8211; Sebareflexia a prepojenie s myslen\u00edm<\/a><\/h2><div class=\"entry-excerpt\"><p>Uvedomte si v\u00fdhody sebareflexie a pochopte, ak\u00fd siln\u00fd vplyv m\u00e1 va\u0161e myslenie na sp\u00f4sob, ak\u00fdm sa u\u010d\u00edte a rozv\u00edjate svoje kompetencie.<\/p>\n<\/div><a class=\"entry-button\" href=\"https:\/\/www.sassi-llc.eu\/class\/m-vi-3-sebareflexia-a-prepojenie-s-myslenim\/\">Read More<svg width=\"17px\" height=\"17px\" viewBox=\"0 0 32 32\" fill=\"currentColor\"><path d=\"M 21.1875 9.28125 L 19.78125 10.71875 L 24.0625 15 L 4 15 L 4 17 L 24.0625 17 L 19.78125 21.28125 L 21.1875 22.71875 L 27.90625 16 Z \"><\/path><\/svg><span class=\"screen-reader-text\">M VI.3 &#8211; Sebareflexia a prepojenie s myslen\u00edm<\/span><\/a><\/article><\/div><\/div>\n\n<div style=\"height:100px\" aria-hidden=\"true\" class=\"wp-block-spacer\"><\/div>\n\n<hr class=\"wp-block-separator has-alpha-channel-opacity\">\n<\/div>\n","protected":false},"excerpt":{"rendered":"<p>Modul VI \u2013 Hodnotenie kompetenci\u00ed<\/p>\n","protected":false},"author":4,"featured_media":1048,"parent":4842,"menu_order":6,"comment_status":"closed","ping_status":"closed","template":"","meta":{"inline_featured_image":false,"_locale":"sk_SK","_original_post":"https:\/\/www.sassi-llc.eu\/?page_id=3797","footnotes":""},"class_list":["post-4848","page","type-page","status-publish","has-post-thumbnail","hentry","sk-SK"],"blocksy_meta":[],"_links":{"self":[{"href":"https:\/\/www.sassi-llc.eu\/wp-json\/wp\/v2\/pages\/4848","targetHints":{"allow":["GET"]}}],"collection":[{"href":"https:\/\/www.sassi-llc.eu\/wp-json\/wp\/v2\/pages"}],"about":[{"href":"https:\/\/www.sassi-llc.eu\/wp-json\/wp\/v2\/types\/page"}],"author":[{"embeddable":true,"href":"https:\/\/www.sassi-llc.eu\/wp-json\/wp\/v2\/users\/4"}],"replies":[{"embeddable":true,"href":"https:\/\/www.sassi-llc.eu\/wp-json\/wp\/v2\/comments?post=4848"}],"version-history":[{"count":1,"href":"https:\/\/www.sassi-llc.eu\/wp-json\/wp\/v2\/pages\/4848\/revisions"}],"predecessor-version":[{"id":4854,"href":"https:\/\/www.sassi-llc.eu\/wp-json\/wp\/v2\/pages\/4848\/revisions\/4854"}],"up":[{"embeddable":true,"href":"https:\/\/www.sassi-llc.eu\/wp-json\/wp\/v2\/pages\/4842"}],"wp:featuredmedia":[{"embeddable":true,"href":"https:\/\/www.sassi-llc.eu\/wp-json\/wp\/v2\/media\/1048"}],"wp:attachment":[{"href":"https:\/\/www.sassi-llc.eu\/wp-json\/wp\/v2\/media?parent=4848"}],"curies":[{"name":"wp","href":"https:\/\/api.w.org\/{rel}","templated":true}]}}