{"id":5208,"date":"2024-09-16T06:52:55","date_gmt":"2024-09-16T06:52:55","guid":{"rendered":"https:\/\/www.sassi-llc.eu\/?page_id=5208"},"modified":"2024-09-16T06:52:56","modified_gmt":"2024-09-16T06:52:56","slug":"chapter-v-finding-the-mobility","status":"publish","type":"page","link":"https:\/\/www.sassi-llc.eu\/sk\/courses\/ambassadors-for-mobility-in-later-life\/chapter-v-finding-the-mobility\/","title":{"rendered":"Kapitola 5 &#8211; H\u013eadanie mobility"},"content":{"rendered":"\n<div class=\"wp-block-group is-layout-constrained wp-block-group-is-layout-constrained\">\n<h3 class=\"wp-block-heading\">Kapitola 5 &#8211; H\u013eadanie mobility<\/h3>\n\n<div class=\"ct-posts-shortcode\" data-prefix=\"class_archive\"><div class=\"entries\" data-archive=\"default\" data-layout=\"grid\" data-cards=\"simple\"><article class=\"entry-card card-content post-5154 class type-class status-publish format-standard has-post-thumbnail hentry en-GB\" data-reveal=\"bottom:no\"><a class=\"ct-media-container\" href=\"https:\/\/www.sassi-llc.eu\/class\/v-1-skumanie-moznosti-mobility-v-europskej-unii\/\" aria-label=\"V. 1 &#8211; Sk\u00famanie mo\u017enost\u00ed mobility v Eur\u00f3pskej \u00fanii\"><img decoding=\"async\" width=\"768\" height=\"768\" src=\"https:\/\/www.sassi-llc.eu\/wp-content\/uploads\/2023\/05\/two-ladies-in-their-60ies-with-one-lady-explaining-her-friend-something-on-a-whiteboard-business-casual-no-text-768x768.jpeg\" class=\"attachment-medium_large size-medium_large wp-post-image\" alt=\"two ladies in their 60ies with one lady explaining her friend something on a whiteboard business casual no text\" loading=\"lazy\" srcset=\"https:\/\/www.sassi-llc.eu\/wp-content\/uploads\/2023\/05\/two-ladies-in-their-60ies-with-one-lady-explaining-her-friend-something-on-a-whiteboard-business-casual-no-text-768x768.jpeg 768w, https:\/\/www.sassi-llc.eu\/wp-content\/uploads\/2023\/05\/two-ladies-in-their-60ies-with-one-lady-explaining-her-friend-something-on-a-whiteboard-business-casual-no-text-300x300.jpeg 300w, https:\/\/www.sassi-llc.eu\/wp-content\/uploads\/2023\/05\/two-ladies-in-their-60ies-with-one-lady-explaining-her-friend-something-on-a-whiteboard-business-casual-no-text-150x150.jpeg 150w, https:\/\/www.sassi-llc.eu\/wp-content\/uploads\/2023\/05\/two-ladies-in-their-60ies-with-one-lady-explaining-her-friend-something-on-a-whiteboard-business-casual-no-text.jpeg 1024w\" sizes=\"auto, (max-width: 768px) 100vw, 768px\" itemprop=\"image\" style=\"aspect-ratio: 4\/3;\" \/><\/a><h2 class=\"entry-title\"><a href=\"https:\/\/www.sassi-llc.eu\/class\/v-1-skumanie-moznosti-mobility-v-europskej-unii\/\" rel=\"bookmark\">V. 1 &#8211; Sk\u00famanie mo\u017enost\u00ed mobility v Eur\u00f3pskej \u00fanii<\/a><\/h2><div class=\"entry-excerpt\"><p>Ak\u00e9 mo\u017enosti mobility s\u00fa k dispoz\u00edcii v E\u00da? Ak\u00e9 kroky by mali star\u0161\u00ed podnikatelia podnikn\u00fa\u0165, aby sa mohli \u00fa\u010dinne uch\u00e1dza\u0165 o sk\u00fasenosti v oblasti mobility?<\/p>\n<\/div><a class=\"entry-button\" href=\"https:\/\/www.sassi-llc.eu\/class\/v-1-skumanie-moznosti-mobility-v-europskej-unii\/\">Read More<svg width=\"17px\" height=\"17px\" viewBox=\"0 0 32 32\" fill=\"currentColor\"><path d=\"M 21.1875 9.28125 L 19.78125 10.71875 L 24.0625 15 L 4 15 L 4 17 L 24.0625 17 L 19.78125 21.28125 L 21.1875 22.71875 L 27.90625 16 Z \"><\/path><\/svg><span class=\"screen-reader-text\">V. 1 &#8211; Sk\u00famanie mo\u017enost\u00ed mobility v Eur\u00f3pskej \u00fanii<\/span><\/a><\/article><article class=\"entry-card card-content post-5155 class type-class status-publish format-standard has-post-thumbnail hentry en-GB\" data-reveal=\"bottom:no\"><a class=\"ct-media-container\" href=\"https:\/\/www.sassi-llc.eu\/class\/v-2-skumanie-a-ucast-v-databaze-medzinarodnej-mobility\/\" aria-label=\"V. 2 &#8211; Sk\u00famanie a \u00fa\u010das\u0165 v datab\u00e1ze medzin\u00e1rodnej mobility\"><img decoding=\"async\" width=\"768\" height=\"768\" src=\"https:\/\/www.sassi-llc.eu\/wp-content\/uploads\/2023\/09\/grandma-working-at-a-computer-in-a-library-768x768.jpeg\" class=\"attachment-medium_large size-medium_large wp-post-image\" alt=\"grandma working at a computer in a library\" loading=\"lazy\" srcset=\"https:\/\/www.sassi-llc.eu\/wp-content\/uploads\/2023\/09\/grandma-working-at-a-computer-in-a-library-768x768.jpeg 768w, https:\/\/www.sassi-llc.eu\/wp-content\/uploads\/2023\/09\/grandma-working-at-a-computer-in-a-library-300x300.jpeg 300w, https:\/\/www.sassi-llc.eu\/wp-content\/uploads\/2023\/09\/grandma-working-at-a-computer-in-a-library-150x150.jpeg 150w, https:\/\/www.sassi-llc.eu\/wp-content\/uploads\/2023\/09\/grandma-working-at-a-computer-in-a-library.jpeg 1024w\" sizes=\"auto, (max-width: 768px) 100vw, 768px\" itemprop=\"image\" style=\"aspect-ratio: 4\/3;\" \/><\/a><h2 class=\"entry-title\"><a href=\"https:\/\/www.sassi-llc.eu\/class\/v-2-skumanie-a-ucast-v-databaze-medzinarodnej-mobility\/\" rel=\"bookmark\">V. 2 &#8211; Sk\u00famanie a \u00fa\u010das\u0165 v datab\u00e1ze medzin\u00e1rodnej mobility<\/a><\/h2><div class=\"entry-excerpt\"><p>Pochopte, \u010do je to datab\u00e1za, v tomto pr\u00edpade s\u00favisiaca s mobilitami spolo\u010dnosti SASSI LLC. Rozpozna\u0165 d\u00f4vody, \u00fa\u010del a ciele datab\u00e1zy mobil\u00edt SASSI LLC<\/p>\n<\/div><a class=\"entry-button\" href=\"https:\/\/www.sassi-llc.eu\/class\/v-2-skumanie-a-ucast-v-databaze-medzinarodnej-mobility\/\">Read More<svg width=\"17px\" height=\"17px\" viewBox=\"0 0 32 32\" fill=\"currentColor\"><path d=\"M 21.1875 9.28125 L 19.78125 10.71875 L 24.0625 15 L 4 15 L 4 17 L 24.0625 17 L 19.78125 21.28125 L 21.1875 22.71875 L 27.90625 16 Z \"><\/path><\/svg><span class=\"screen-reader-text\">V. 2 &#8211; Sk\u00famanie a \u00fa\u010das\u0165 v datab\u00e1ze medzin\u00e1rodnej mobility<\/span><\/a><\/article><article class=\"entry-card card-content post-5157 class type-class status-publish format-standard has-post-thumbnail hentry en-GB\" data-reveal=\"bottom:no\"><a class=\"ct-media-container\" href=\"https:\/\/www.sassi-llc.eu\/class\/v-3-sprievodca-na-ceste-komunikacna-strategia-ambasadorov-pre-starsich-pracovnikov\/\" aria-label=\"V. 3 &#8211; Sprievodca na ceste: Komunika\u010dn\u00e1 strat\u00e9gia ambas\u00e1dorov pre star\u0161\u00edch pracovn\u00edkov\"><img decoding=\"async\" width=\"768\" height=\"768\" src=\"https:\/\/www.sassi-llc.eu\/wp-content\/uploads\/2023\/11\/swedish-forester-who-is-60-years-old-going-with-italian-students-on-fieldtrip-into-a-forest-768x768.jpeg\" class=\"attachment-medium_large size-medium_large wp-post-image\" alt=\"swedish forester who is 60 years old going with italian students on fieldtrip into a forest\" loading=\"lazy\" srcset=\"https:\/\/www.sassi-llc.eu\/wp-content\/uploads\/2023\/11\/swedish-forester-who-is-60-years-old-going-with-italian-students-on-fieldtrip-into-a-forest-768x768.jpeg 768w, https:\/\/www.sassi-llc.eu\/wp-content\/uploads\/2023\/11\/swedish-forester-who-is-60-years-old-going-with-italian-students-on-fieldtrip-into-a-forest-300x300.jpeg 300w, https:\/\/www.sassi-llc.eu\/wp-content\/uploads\/2023\/11\/swedish-forester-who-is-60-years-old-going-with-italian-students-on-fieldtrip-into-a-forest-150x150.jpeg 150w, https:\/\/www.sassi-llc.eu\/wp-content\/uploads\/2023\/11\/swedish-forester-who-is-60-years-old-going-with-italian-students-on-fieldtrip-into-a-forest.jpeg 1024w\" sizes=\"auto, (max-width: 768px) 100vw, 768px\" itemprop=\"image\" style=\"aspect-ratio: 4\/3;\" \/><\/a><h2 class=\"entry-title\"><a href=\"https:\/\/www.sassi-llc.eu\/class\/v-3-sprievodca-na-ceste-komunikacna-strategia-ambasadorov-pre-starsich-pracovnikov\/\" rel=\"bookmark\">V. 3 &#8211; Sprievodca na ceste: Komunika\u010dn\u00e1 strat\u00e9gia ambas\u00e1dorov pre star\u0161\u00edch pracovn\u00edkov<\/a><\/h2><div class=\"entry-excerpt\"><p>Pochopte, \u010do je to komunika\u010dn\u00fd pl\u00e1n, a uvedomte si jeho ciele. Nau\u010dte sa navrhn\u00fa\u0165 komplexn\u00fa a spo\u013eahliv\u00fa komunika\u010dn\u00fa strat\u00e9giu.<\/p>\n<\/div><a class=\"entry-button\" href=\"https:\/\/www.sassi-llc.eu\/class\/v-3-sprievodca-na-ceste-komunikacna-strategia-ambasadorov-pre-starsich-pracovnikov\/\">Read More<svg width=\"17px\" height=\"17px\" viewBox=\"0 0 32 32\" fill=\"currentColor\"><path d=\"M 21.1875 9.28125 L 19.78125 10.71875 L 24.0625 15 L 4 15 L 4 17 L 24.0625 17 L 19.78125 21.28125 L 21.1875 22.71875 L 27.90625 16 Z \"><\/path><\/svg><span class=\"screen-reader-text\">V. 3 &#8211; Sprievodca na ceste: Komunika\u010dn\u00e1 strat\u00e9gia ambas\u00e1dorov pre star\u0161\u00edch pracovn\u00edkov<\/span><\/a><\/article><\/div><\/div>\n\n<div style=\"height:100px\" aria-hidden=\"true\" class=\"wp-block-spacer\"><\/div>\n\n<hr class=\"wp-block-separator has-alpha-channel-opacity\">\n<\/div>\n\n\n\n\n<div style=\"height:100px\" aria-hidden=\"true\" class=\"wp-block-spacer\"><\/div>\n","protected":false},"excerpt":{"rendered":"<p>Exploring Mobility Possibilities in the European Union: Cultural Exchange Programms, Volunteering, Courses and Workshops, Exchange Programs<\/p>\n","protected":false},"author":4,"featured_media":923,"parent":2944,"menu_order":5,"comment_status":"closed","ping_status":"closed","template":"","meta":{"inline_featured_image":false,"_locale":"sk_SK","_original_post":"https:\/\/www.sassi-llc.eu\/?page_id=3580","footnotes":""},"class_list":["post-5208","page","type-page","status-publish","has-post-thumbnail","hentry","sk-SK"],"blocksy_meta":[],"_links":{"self":[{"href":"https:\/\/www.sassi-llc.eu\/wp-json\/wp\/v2\/pages\/5208","targetHints":{"allow":["GET"]}}],"collection":[{"href":"https:\/\/www.sassi-llc.eu\/wp-json\/wp\/v2\/pages"}],"about":[{"href":"https:\/\/www.sassi-llc.eu\/wp-json\/wp\/v2\/types\/page"}],"author":[{"embeddable":true,"href":"https:\/\/www.sassi-llc.eu\/wp-json\/wp\/v2\/users\/4"}],"replies":[{"embeddable":true,"href":"https:\/\/www.sassi-llc.eu\/wp-json\/wp\/v2\/comments?post=5208"}],"version-history":[{"count":1,"href":"https:\/\/www.sassi-llc.eu\/wp-json\/wp\/v2\/pages\/5208\/revisions"}],"predecessor-version":[{"id":5209,"href":"https:\/\/www.sassi-llc.eu\/wp-json\/wp\/v2\/pages\/5208\/revisions\/5209"}],"up":[{"embeddable":true,"href":"https:\/\/www.sassi-llc.eu\/wp-json\/wp\/v2\/pages\/2944"}],"wp:featuredmedia":[{"embeddable":true,"href":"https:\/\/www.sassi-llc.eu\/wp-json\/wp\/v2\/media\/923"}],"wp:attachment":[{"href":"https:\/\/www.sassi-llc.eu\/wp-json\/wp\/v2\/media?parent=5208"}],"curies":[{"name":"wp","href":"https:\/\/api.w.org\/{rel}","templated":true}]}}