{"id":5450,"date":"2024-09-17T09:38:08","date_gmt":"2024-09-17T09:38:08","guid":{"rendered":"https:\/\/www.sassi-llc.eu\/?page_id=5450"},"modified":"2024-09-17T09:38:08","modified_gmt":"2024-09-17T09:38:08","slug":"good-practice","status":"publish","type":"page","link":"https:\/\/www.sassi-llc.eu\/sk\/toolbox\/good-practice\/","title":{"rendered":"Spr\u00e1vna prax"},"content":{"rendered":"\n<div class=\"wp-block-columns is-layout-flex wp-container-core-columns-is-layout-28f84493 wp-block-columns-is-layout-flex\">\n<div class=\"wp-block-column is-layout-flow wp-block-column-is-layout-flow\">\n<div class=\"wp-block-cover\"><span aria-hidden=\"true\" class=\"wp-block-cover__background has-background-dim\" style=\"background-color:#636870\"><\/span><img loading=\"lazy\" decoding=\"async\" width=\"1024\" height=\"1024\" class=\"wp-block-cover__image-background wp-image-3646\" alt=\"videos\" src=\"https:\/\/www.sassi-llc.eu\/wp-content\/uploads\/2024\/04\/0f5cceb3-1d14-4b94-b50a-f6d2122426db.jpeg\" data-object-fit=\"cover\" srcset=\"https:\/\/www.sassi-llc.eu\/wp-content\/uploads\/2024\/04\/0f5cceb3-1d14-4b94-b50a-f6d2122426db.jpeg 1024w, https:\/\/www.sassi-llc.eu\/wp-content\/uploads\/2024\/04\/0f5cceb3-1d14-4b94-b50a-f6d2122426db-300x300.jpeg 300w, https:\/\/www.sassi-llc.eu\/wp-content\/uploads\/2024\/04\/0f5cceb3-1d14-4b94-b50a-f6d2122426db-150x150.jpeg 150w, https:\/\/www.sassi-llc.eu\/wp-content\/uploads\/2024\/04\/0f5cceb3-1d14-4b94-b50a-f6d2122426db-768x768.jpeg 768w\" sizes=\"auto, (max-width: 1024px) 100vw, 1024px\" \/><div class=\"wp-block-cover__inner-container is-layout-constrained wp-block-cover-is-layout-constrained\">\n<p class=\"has-text-align-center has-white-color has-text-color has-link-color has-large-font-size wp-elements-0f26ea0995b6ac6334f3a24e06ecb246\"><strong><a href=\"https:\/\/www.sassi-llc.eu\/sk\/toolbox\/good-practice\/sassi-videos\/\">Vide\u00e1 ve\u013evyslancov<\/a><\/strong><\/p>\n<\/div><\/div>\n<\/div>\n\n\n\n<div class=\"wp-block-column is-layout-flow wp-block-column-is-layout-flow\">\n<div class=\"wp-block-cover is-light\"><span aria-hidden=\"true\" class=\"wp-block-cover__background has-background-dim\" style=\"background-color:#8f8d8c\"><\/span><img loading=\"lazy\" decoding=\"async\" width=\"1024\" height=\"1024\" class=\"wp-block-cover__image-background wp-image-3656\" alt=\"case studies\" src=\"https:\/\/www.sassi-llc.eu\/wp-content\/uploads\/2024\/04\/8a5ffbe4-470d-48bb-95bc-03ab8a7565b8.jpeg\" data-object-fit=\"cover\" srcset=\"https:\/\/www.sassi-llc.eu\/wp-content\/uploads\/2024\/04\/8a5ffbe4-470d-48bb-95bc-03ab8a7565b8.jpeg 1024w, https:\/\/www.sassi-llc.eu\/wp-content\/uploads\/2024\/04\/8a5ffbe4-470d-48bb-95bc-03ab8a7565b8-300x300.jpeg 300w, https:\/\/www.sassi-llc.eu\/wp-content\/uploads\/2024\/04\/8a5ffbe4-470d-48bb-95bc-03ab8a7565b8-150x150.jpeg 150w, https:\/\/www.sassi-llc.eu\/wp-content\/uploads\/2024\/04\/8a5ffbe4-470d-48bb-95bc-03ab8a7565b8-768x768.jpeg 768w\" sizes=\"auto, (max-width: 1024px) 100vw, 1024px\" \/><div class=\"wp-block-cover__inner-container is-layout-constrained wp-block-cover-is-layout-constrained\">\n<p class=\"has-text-align-center has-white-color has-text-color has-link-color has-large-font-size wp-elements-2d620720d140e5d9bb22f1430680adbd\"><strong><a href=\"https:\/\/www.sassi-llc.eu\/sk\/toolbox\/good-practice\/sassi-case-studies\/\">Pr\u00edpadov\u00e9 \u0161t\u00fadie<\/a><\/strong><\/p>\n<\/div><\/div>\n<\/div>\n\n\n\n<div class=\"wp-block-column is-layout-flow wp-block-column-is-layout-flow\">\n<div class=\"wp-block-cover\"><span aria-hidden=\"true\" class=\"wp-block-cover__background has-background-dim\" style=\"background-color:#636870\"><\/span><img loading=\"lazy\" decoding=\"async\" width=\"1024\" height=\"1024\" class=\"wp-block-cover__image-background wp-image-3646\" alt=\"videos\" src=\"https:\/\/www.sassi-llc.eu\/wp-content\/uploads\/2024\/04\/0f5cceb3-1d14-4b94-b50a-f6d2122426db.jpeg\" data-object-fit=\"cover\" srcset=\"https:\/\/www.sassi-llc.eu\/wp-content\/uploads\/2024\/04\/0f5cceb3-1d14-4b94-b50a-f6d2122426db.jpeg 1024w, https:\/\/www.sassi-llc.eu\/wp-content\/uploads\/2024\/04\/0f5cceb3-1d14-4b94-b50a-f6d2122426db-300x300.jpeg 300w, https:\/\/www.sassi-llc.eu\/wp-content\/uploads\/2024\/04\/0f5cceb3-1d14-4b94-b50a-f6d2122426db-150x150.jpeg 150w, https:\/\/www.sassi-llc.eu\/wp-content\/uploads\/2024\/04\/0f5cceb3-1d14-4b94-b50a-f6d2122426db-768x768.jpeg 768w\" sizes=\"auto, (max-width: 1024px) 100vw, 1024px\" \/><div class=\"wp-block-cover__inner-container is-layout-constrained wp-block-cover-is-layout-constrained\">\n<p class=\"has-text-align-center has-white-color has-text-color has-link-color has-large-font-size wp-elements-7f58fce671f4cb81b0d094c7e1658696\"><a href=\"https:\/\/www.sassi-llc.eu\/sk\/toolbox\/good-practice\/external-videos\/\"><strong>Vide\u00e1 prototypov dizajnov\u00e9ho myslenia<\/strong><\/a><\/p>\n<\/div><\/div>\n<\/div>\n<\/div>\n","protected":false},"excerpt":{"rendered":"","protected":false},"author":4,"featured_media":3635,"parent":2040,"menu_order":923,"comment_status":"closed","ping_status":"closed","template":"","meta":{"inline_featured_image":false,"_locale":"sk_SK","_original_post":"https:\/\/www.sassi-llc.eu\/toolbox\/good-practice\/","footnotes":""},"class_list":["post-5450","page","type-page","status-publish","has-post-thumbnail","hentry","sk-SK"],"blocksy_meta":[],"_links":{"self":[{"href":"https:\/\/www.sassi-llc.eu\/wp-json\/wp\/v2\/pages\/5450","targetHints":{"allow":["GET"]}}],"collection":[{"href":"https:\/\/www.sassi-llc.eu\/wp-json\/wp\/v2\/pages"}],"about":[{"href":"https:\/\/www.sassi-llc.eu\/wp-json\/wp\/v2\/types\/page"}],"author":[{"embeddable":true,"href":"https:\/\/www.sassi-llc.eu\/wp-json\/wp\/v2\/users\/4"}],"replies":[{"embeddable":true,"href":"https:\/\/www.sassi-llc.eu\/wp-json\/wp\/v2\/comments?post=5450"}],"version-history":[{"count":1,"href":"https:\/\/www.sassi-llc.eu\/wp-json\/wp\/v2\/pages\/5450\/revisions"}],"predecessor-version":[{"id":5457,"href":"https:\/\/www.sassi-llc.eu\/wp-json\/wp\/v2\/pages\/5450\/revisions\/5457"}],"up":[{"embeddable":true,"href":"https:\/\/www.sassi-llc.eu\/wp-json\/wp\/v2\/pages\/2040"}],"wp:featuredmedia":[{"embeddable":true,"href":"https:\/\/www.sassi-llc.eu\/wp-json\/wp\/v2\/media\/3635"}],"wp:attachment":[{"href":"https:\/\/www.sassi-llc.eu\/wp-json\/wp\/v2\/media?parent=5450"}],"curies":[{"name":"wp","href":"https:\/\/api.w.org\/{rel}","templated":true}]}}