{"id":5451,"date":"2024-09-17T09:35:52","date_gmt":"2024-09-17T09:35:52","guid":{"rendered":"https:\/\/www.sassi-llc.eu\/?page_id=5451"},"modified":"2024-10-10T09:16:56","modified_gmt":"2024-10-10T09:16:56","slug":"sassi-videos","status":"publish","type":"page","link":"https:\/\/www.sassi-llc.eu\/sk\/toolbox\/good-practice\/sassi-videos\/","title":{"rendered":"Vide\u00e1 ve\u013evyslancov"},"content":{"rendered":"\n<p>Zozn\u00e1mte sa so sk\u00fasenos\u0165ami prv\u00fdch \u013eud\u00ed, ktor\u00ed testovali metodiku SASSI.<\/p>\n\n\n\n<div class=\"wp-block-stackable-columns stk-block-columns stk-block stk-6403080\" data-block-id=\"6403080\"><div class=\"stk-row stk-inner-blocks stk-block-content stk-content-align stk-6403080-column\">\n<div class=\"wp-block-stackable-column stk-block-column stk-column stk-block stk-195bb73 sassi-video-wrapper\" data-v=\"4\" data-block-id=\"195bb73\"><style>.stk-195bb73-inner-blocks{align-items:flex-start !important;justify-content:center !important;row-gap:16px !important}<\/style><div class=\"stk-column-wrapper stk-block-column__content stk-container stk-195bb73-container stk--no-background stk--no-padding\"><div class=\"stk--column-flex stk-block-content stk-inner-blocks stk-195bb73-inner-blocks\">\n<div class=\"sassi-video-card\">\n<div class=\"sassi-iframe-sizer-wrapper\">\n<div class=\"sassi-iframe-sizer\">\n<iframe src=\"https:\/\/www.youtube-nocookie.com\/embed\/nCHY4D5Gsa0?si=O5j9tDTYMboxG4uZ\" title=\"YouTube video player\" frameborder=\"0\" allow=\"accelerometer; autoplay; clipboard-write; encrypted-media; gyroscope; picture-in-picture; web-share\" referrerpolicy=\"strict-origin-when-cross-origin\" allowfullscreen><\/iframe>\n<\/div>\n<\/div>\n<a href=\"\"><button class=\"button wp-element-button\">Ambassador Updates<\/button><\/a>\n<\/div>\n\n\n\n<div class=\"sassi-video-card\">\n<div class=\"sassi-iframe-sizer-wrapper\">\n<div class=\"sassi-iframe-sizer\">\n<iframe src=\"https:\/\/www.youtube-nocookie.com\/embed\/Q651AbVQNEc?si=bLu4RX_-Zoi964qz\" title=\"YouTube video player\" frameborder=\"0\" allow=\"accelerometer; autoplay; clipboard-write; encrypted-media; gyroscope; picture-in-picture; web-share\" referrerpolicy=\"strict-origin-when-cross-origin\" allowfullscreen><\/iframe>\n<\/div>\n<\/div>\n<a href=\"\"><button class=\"button wp-element-button\">Ambassador Updates<\/button><\/a>\n<\/div>\n\n\n\n<div class=\"sassi-video-card\">\n<div class=\"sassi-iframe-sizer-wrapper\">\n<div class=\"sassi-iframe-sizer\">\n<iframe src=\"https:\/\/www.youtube-nocookie.com\/embed\/064b-V3tK5c?si=1bM7huALDKuEmbzm\" title=\"YouTube video player\" frameborder=\"0\" allow=\"accelerometer; autoplay; clipboard-write; encrypted-media; gyroscope; picture-in-picture; web-share\" referrerpolicy=\"strict-origin-when-cross-origin\" allowfullscreen><\/iframe>\n<\/div>\n<\/div>\n<a href=\"\"><button class=\"button wp-element-button\">Ambassador Updates<\/button><\/a>\n<\/div>\n\n\n\n<div class=\"sassi-video-card\">\n<div class=\"sassi-iframe-sizer-wrapper\">\n<div class=\"sassi-iframe-sizer\">\n<iframe src=\"https:\/\/www.youtube-nocookie.com\/embed\/1PIH8TLgPhs?si=jzcTDiNWe0VgVcrF\" title=\"YouTube video player\" frameborder=\"0\" allow=\"accelerometer; autoplay; clipboard-write; encrypted-media; gyroscope; picture-in-picture; web-share\" referrerpolicy=\"strict-origin-when-cross-origin\" allowfullscreen><\/iframe>\n<\/div>\n<\/div>\n<\/div>\n\n\n\n<div class=\"sassi-video-card\">\n<div class=\"sassi-iframe-sizer-wrapper\">\n<div class=\"sassi-iframe-sizer\">\n<iframe src=\"https:\/\/www.youtube-nocookie.com\/embed\/t_2AHtAKlZw?si=wzD9I3GsyDAkRPSW\" title=\"YouTube video player\" frameborder=\"0\" allow=\"accelerometer; autoplay; clipboard-write; encrypted-media; gyroscope; picture-in-picture; web-share\" referrerpolicy=\"strict-origin-when-cross-origin\" allowfullscreen><\/iframe>\n<\/div>\n<\/div>\n<a href=\"\"><button class=\"button wp-element-button\">Ambassador Updates<\/button><\/a>\n<\/div>\n\n\n\n<div class=\"sassi-video-card\">\n<div class=\"sassi-iframe-sizer-wrapper\">\n<div class=\"sassi-iframe-sizer\">\n<iframe src=\"https:\/\/www.youtube-nocookie.com\/embed\/kd3iboY8gDg?si=n1vVvi2vEilacD7M\" title=\"YouTube video player\" frameborder=\"0\" allow=\"accelerometer; autoplay; clipboard-write; encrypted-media; gyroscope; picture-in-picture; web-share\" referrerpolicy=\"strict-origin-when-cross-origin\" allowfullscreen><\/iframe>\n<\/div>\n<\/div>\n<a href=\"\"><button class=\"button wp-element-button\">Ambassador Updates<\/button><\/a>\n<\/div>\n\n\n\n<div class=\"sassi-video-card\">\n<div class=\"sassi-iframe-sizer-wrapper\">\n<div class=\"sassi-iframe-sizer\">\n<iframe src=\"https:\/\/www.youtube-nocookie.com\/embed\/V58UFT841FU?si=928m-e0WFAqpQx4Y\" title=\"YouTube video player\" frameborder=\"0\" allow=\"accelerometer; autoplay; clipboard-write; encrypted-media; gyroscope; picture-in-picture; web-share\" referrerpolicy=\"strict-origin-when-cross-origin\" allowfullscreen><\/iframe>\n<\/div>\n<\/div>\n<a href=\"\"><button class=\"button wp-element-button\">Ambassador Updates<\/button><\/a>\n<\/div>\n\n\n\n<div class=\"sassi-video-card\">\n<div class=\"sassi-iframe-sizer-wrapper\">\n<div class=\"sassi-iframe-sizer\">\n<iframe src=\"https:\/\/www.youtube-nocookie.com\/embed\/CP2Fgm81U2o?si=rbLLTvQW85PJus3J\" title=\"YouTube video player\" frameborder=\"0\" allow=\"accelerometer; autoplay; clipboard-write; encrypted-media; gyroscope; picture-in-picture; web-share\" referrerpolicy=\"strict-origin-when-cross-origin\" allowfullscreen><\/iframe>\n<\/div>\n<\/div>\n<a href=\"\"><button class=\"button wp-element-button\">Ambassador Updates<\/button><\/a>\n<\/div>\n\n\n\n<div class=\"sassi-video-card\">\n<div class=\"sassi-iframe-sizer-wrapper\">\n<div class=\"sassi-iframe-sizer\">\n<iframe src=\"https:\/\/www.youtube-nocookie.com\/embed\/C2c23nWw2B8?si=d7b7RD1B-kh5pdwB\" title=\"YouTube video player\" frameborder=\"0\" allow=\"accelerometer; autoplay; clipboard-write; encrypted-media; gyroscope; picture-in-picture; web-share\" referrerpolicy=\"strict-origin-when-cross-origin\" allowfullscreen><\/iframe>\n<\/div>\n<\/div>\n<a href=\"\"><button class=\"button wp-element-button\">Ambassador Updates<\/button><\/a>\n<\/div>\n<\/div><\/div><\/div>\n<\/div><\/div>\n","protected":false},"excerpt":{"rendered":"<p>Zozn\u00e1mte sa so sk\u00fasenos\u0165ami prv\u00fdch \u013eud\u00ed, ktor\u00ed testovali metodiku SASSI.<\/p>\n","protected":false},"author":4,"featured_media":3646,"parent":5450,"menu_order":924,"comment_status":"closed","ping_status":"closed","template":"","meta":{"inline_featured_image":false,"_locale":"sk_SK","_original_post":"https:\/\/www.sassi-llc.eu\/toolbox\/good-practice\/sassi-videos\/","footnotes":""},"class_list":["post-5451","page","type-page","status-publish","has-post-thumbnail","hentry","sk-SK"],"blocksy_meta":[],"_links":{"self":[{"href":"https:\/\/www.sassi-llc.eu\/wp-json\/wp\/v2\/pages\/5451","targetHints":{"allow":["GET"]}}],"collection":[{"href":"https:\/\/www.sassi-llc.eu\/wp-json\/wp\/v2\/pages"}],"about":[{"href":"https:\/\/www.sassi-llc.eu\/wp-json\/wp\/v2\/types\/page"}],"author":[{"embeddable":true,"href":"https:\/\/www.sassi-llc.eu\/wp-json\/wp\/v2\/users\/4"}],"replies":[{"embeddable":true,"href":"https:\/\/www.sassi-llc.eu\/wp-json\/wp\/v2\/comments?post=5451"}],"version-history":[{"count":2,"href":"https:\/\/www.sassi-llc.eu\/wp-json\/wp\/v2\/pages\/5451\/revisions"}],"predecessor-version":[{"id":5939,"href":"https:\/\/www.sassi-llc.eu\/wp-json\/wp\/v2\/pages\/5451\/revisions\/5939"}],"up":[{"embeddable":true,"href":"https:\/\/www.sassi-llc.eu\/wp-json\/wp\/v2\/pages\/5450"}],"wp:featuredmedia":[{"embeddable":true,"href":"https:\/\/www.sassi-llc.eu\/wp-json\/wp\/v2\/media\/3646"}],"wp:attachment":[{"href":"https:\/\/www.sassi-llc.eu\/wp-json\/wp\/v2\/media?parent=5451"}],"curies":[{"name":"wp","href":"https:\/\/api.w.org\/{rel}","templated":true}]}}