{"id":5452,"date":"2024-09-17T09:36:19","date_gmt":"2024-09-17T09:36:19","guid":{"rendered":"https:\/\/www.sassi-llc.eu\/?page_id=5452"},"modified":"2024-09-17T09:36:19","modified_gmt":"2024-09-17T09:36:19","slug":"sassi-case-studies","status":"publish","type":"page","link":"https:\/\/www.sassi-llc.eu\/sk\/toolbox\/good-practice\/sassi-case-studies\/","title":{"rendered":"Pr\u00edpadov\u00e9 \u0161t\u00fadie"},"content":{"rendered":"\n<p>Zistite, ako \u0161kolitelia aplikovali metodiku SASSI LLC v praxi.<\/p>\n","protected":false},"excerpt":{"rendered":"<p>Zistite, ako \u0161kolitelia aplikovali metodiku SASSI LLC v praxi.<\/p>\n","protected":false},"author":4,"featured_media":3656,"parent":5450,"menu_order":925,"comment_status":"closed","ping_status":"closed","template":"","meta":{"inline_featured_image":false,"_locale":"sk_SK","_original_post":"https:\/\/www.sassi-llc.eu\/toolbox\/good-practice\/sassi-case-studies\/","footnotes":""},"class_list":["post-5452","page","type-page","status-publish","has-post-thumbnail","hentry","sk-SK"],"blocksy_meta":[],"_links":{"self":[{"href":"https:\/\/www.sassi-llc.eu\/wp-json\/wp\/v2\/pages\/5452","targetHints":{"allow":["GET"]}}],"collection":[{"href":"https:\/\/www.sassi-llc.eu\/wp-json\/wp\/v2\/pages"}],"about":[{"href":"https:\/\/www.sassi-llc.eu\/wp-json\/wp\/v2\/types\/page"}],"author":[{"embeddable":true,"href":"https:\/\/www.sassi-llc.eu\/wp-json\/wp\/v2\/users\/4"}],"replies":[{"embeddable":true,"href":"https:\/\/www.sassi-llc.eu\/wp-json\/wp\/v2\/comments?post=5452"}],"version-history":[{"count":1,"href":"https:\/\/www.sassi-llc.eu\/wp-json\/wp\/v2\/pages\/5452\/revisions"}],"predecessor-version":[{"id":5455,"href":"https:\/\/www.sassi-llc.eu\/wp-json\/wp\/v2\/pages\/5452\/revisions\/5455"}],"up":[{"embeddable":true,"href":"https:\/\/www.sassi-llc.eu\/wp-json\/wp\/v2\/pages\/5450"}],"wp:featuredmedia":[{"embeddable":true,"href":"https:\/\/www.sassi-llc.eu\/wp-json\/wp\/v2\/media\/3656"}],"wp:attachment":[{"href":"https:\/\/www.sassi-llc.eu\/wp-json\/wp\/v2\/media?parent=5452"}],"curies":[{"name":"wp","href":"https:\/\/api.w.org\/{rel}","templated":true}]}}