{"id":5509,"date":"2024-09-17T10:33:55","date_gmt":"2024-09-17T10:33:55","guid":{"rendered":"https:\/\/www.sassi-llc.eu\/?page_id=5509"},"modified":"2024-09-17T10:33:56","modified_gmt":"2024-09-17T10:33:56","slug":"podcasts","status":"publish","type":"page","link":"https:\/\/www.sassi-llc.eu\/sk\/toolbox\/library\/podcasts\/","title":{"rendered":"Podcasty"},"content":{"rendered":"\n<p>Po\u010d\u00favajte podcasty o starnut\u00ed a udr\u017eiavan\u00ed akt\u00edvneho \u017eivotn\u00e9ho \u0161t\u00fdlu v r\u00f4znych jazykoch.<\/p>\n\n\n\n<div class=\"wp-block-stackable-columns stk-block-columns stk-block stk-5a9e720\" data-block-id=\"5a9e720\"><div class=\"stk-row stk-inner-blocks stk-block-content stk-content-align stk-5a9e720-column\">\n<div class=\"wp-block-stackable-column stk-block-column stk-column stk-block stk-ef41211\" data-v=\"4\" data-block-id=\"ef41211\"><div class=\"stk-column-wrapper stk-block-column__content stk-container stk-ef41211-container stk--no-background stk--no-padding\"><div class=\"stk-block-content stk-inner-blocks stk-ef41211-inner-blocks\">\n<figure class=\"wp-block-table\"><table class=\"has-fixed-layout\"><tbody><tr><td><strong>Jazyk<\/strong><\/td><td><strong>N\u00e1zov<\/strong><\/td><td><strong>Popis<\/strong><\/td><td><strong>Odkaz<\/strong><\/td><\/tr><tr><td>Angli\u010dtina<\/td><td>Dr. David Sinclair: The Biology of Slowing &amp; Reversing Aging<\/td><td>V tomto rozhovore hovor\u00edme o bunkov\u00fdch a molekul\u00e1rnych mechanizmoch starnutia a o tom, \u010do m\u00f4\u017eeme v\u0161etci urobi\u0165, aby sme spomalili alebo zvr\u00e1tili proces starnutia. Hovor\u00edme o p\u00f4ste a suplement\u00e1cii resveratrolom, NAD, metform\u00ednom a NMN. Diskutujeme aj o u\u017e\u00edvan\u00ed kofe\u00ednu, cvi\u010den\u00ed,<\/td><td><a href=\"https:\/\/www.youtube.com\/watch?v=n9IxomBusuw\">https:\/\/www.youtube.com\/watch?v=n9IxomBusuw<\/a><\/td><\/tr><tr><td>Angli\u010dtina<\/td><td>Second Act Success Career Podcast<\/td><td>Vitajte v podcaste Second Act Success Career, ktor\u00fd je va\u0161\u00edm zdrojom in\u0161pir\u00e1cie a r\u00e1d, ako zvl\u00e1dnu\u0165 kari\u00e9rne zmeny pri zakladan\u00ed vlastn\u00e9ho podniku. Tento podcast, ktor\u00fd vedie Shannon Russellov\u00e1, b\u00fdval\u00e1 telev\u00edzna producentka, ktor\u00e1 sa stala podnikate\u013ekou a tr\u00e9nerkou prechodu na in\u00fa kari\u00e9ru, je navrhnut\u00fd tak, aby v\u00e1s viedol a in\u0161piroval na ceste prechodu na in\u00fa kari\u00e9ru a za\u010datia podnikania, aby ste mohli pokra\u010dova\u0165 vo svojom druhom \u017eivotnom kroku.<\/td><td><a href=\"https:\/\/open.spotify.com\/show\/2bQTkm7ZjuvEa6JGLc48xi\">https:\/\/open.spotify.com\/show\/2bQTkm7ZjuvEa6JGLc48xi<\/a><\/td><\/tr><tr><td>Angli\u010dtina<\/td><td>The Over 50 Entrepreneur<\/td><td>Kto povedal, \u017ee sme skon\u010dili po p\u00e4\u0165desiatke? The Over 50 Entrepreneur je podcast venovan\u00fd sk\u00fasen\u00fdm aj za\u010d\u00ednaj\u00facim podnikate\u013eom, ktor\u00ed buduj\u00fa firmy v \u010dase, ke\u010f v\u00e4\u010d\u0161ina \u013eud\u00ed kon\u010d\u00ed. Zdie\u013eame pr\u00edbehy, n\u00e1pady a skuto\u010dn\u00e9 techniky \u00faspe\u0161n\u00fdch podnikate\u013eov v snahe pom\u00f4c\u0165 v\u00e1m budova\u0165 podniky, ktor\u00e9 pre v\u00e1s m\u00f4\u017eu vytvori\u0165 v\u00e4\u010d\u0161iu hodnotu a slobodu. Ste pripraven\u00ed vyst\u00fapi\u0165 z ka\u017edodennej rutiny, kone\u010dne ma\u0165 \u010das na na\u010derpanie energie, prem\u00fd\u0161\u013eanie a dosahovanie e\u0161te v\u00e4\u010d\u0161\u00edch cie\u013eov\u2026? Toto je to spr\u00e1vne miesto.Kto povedal, \u017ee sme skon\u010dili po p\u00e4\u0165desiatke? The Over 50 Entrepreneur je podcast venovan\u00fd sk\u00fasen\u00fdm aj za\u010d\u00ednaj\u00facim podnikate\u013eom, ktor\u00ed buduj\u00fa firmy v \u010dase, ke\u010f v\u00e4\u010d\u0161ina \u013eud\u00ed kon\u010d\u00ed. Zdie\u013eame pr\u00edbehy, n\u00e1pady a skuto\u010dn\u00e9 techniky \u00faspe\u0161n\u00fdch podnikate\u013eov v snahe pom\u00f4c\u0165 v\u00e1m budova\u0165 podniky, ktor\u00e9 pre v\u00e1s m\u00f4\u017eu vytvori\u0165 v\u00e4\u010d\u0161iu hodnotu a slobodu. Ste pripraven\u00ed vyst\u00fapi\u0165 z ka\u017edodennej rutiny, kone\u010dne ma\u0165 \u010das na na\u010derpanie energie, prem\u00fd\u0161\u013eanie a dosahovanie e\u0161te v\u00e4\u010d\u0161\u00edch cie\u013eov&#8230;? Toto je to spr\u00e1vne miesto.<\/td><td><a href=\"https:\/\/open.spotify.com\/show\/3gj4U8BtmNwGemrdZi7sgi\">https:\/\/open.spotify.com\/show\/3gj4U8BtmNwGemrdZi7sgi<\/a><\/td><\/tr><tr><td>Bulharsk\u00fd<\/td><td>\u041f\u0420\u0415\u0414\u041f\u0420\u0418\u0415\u041c\u0410\u0427\u0415\u0421\u0422\u0412\u041e \u0417\u0410 \u041c\u0410\u041b\u041a\u0418 \u0418 \u0413\u041e\u041b\u0415\u041c\u0418 &#8211; \u0434\u0438\u0441\u043a\u0443\u0441\u0438\u044f<\/td><td>Panelov\u00e1 diskusia &#8222;Podnikatelia v triede&#8220; s Mirou Krastevou, Inou Ton\u010devovou, \u013dubom\u00edrom Nokovom a Borjanou Gerasimovou<\/td><td><a href=\"https:\/\/www.youtube.com\/watch?v=4qGfomZW72c\">https:\/\/www.youtube.com\/watch?v=4qGfomZW72c<\/a><\/td><\/tr><tr><td>Nem\u010dina<\/td><td>Gelassen \u00e4lter werden<\/td><td>Vitajte v podcaste &#8222;Gelassen \u00e4lter werden&#8220; &#8211; zasv\u00e4tenom zvukovom magaz\u00edne od a pre \u013eud\u00ed v najlep\u0161om veku, v striebornom veku a v obdob\u00ed baby boomu, ktor\u00fd uv\u00e1dzaj\u00fa va\u0161i hostitelia Bertram Kasper a Catharina Maria Klein. Tento podcast je in\u0161pirat\u00edvnym zdrojom inform\u00e1ci\u00ed o v\u0161etk\u00fdch aspektoch starnutia, \u0161peci\u00e1lne prisp\u00f4soben\u00fdch t\u00e9mam, ktor\u00e9 \u013eud\u00ed v tretej f\u00e1ze \u017eivota pos\u00favaj\u00fa a obohacuj\u00fa. So zauj\u00edmav\u00fdmi hos\u0165ami, ako s\u00fa Tamara Dietl, Anselm Gr\u00fcn a Gerald H\u00fcther, hovor\u00edme o v\u00fdzvach a radostiach starnutia. Budeme sk\u00fama\u0165 kvalitu \u017eivota v starobe, l\u00e1skypln\u00e9 vz\u0165ahy a zdrav\u00e9 starnutie. Dozviete sa tie\u017e, ako m\u00f4\u017eete prija\u0165 kone\u010dnos\u0165, prekona\u0165 kr\u00edzy a u\u017ei\u0165 si d\u00f4chodok. Nehovor\u00edme v\u0161ak len o pokojnej str\u00e1nke staroby: \u010di u\u017e je to behanie marat\u00f3nu v 66 rokoch, dobrovo\u013en\u00edctvo v potravinovej banke alebo cestovanie po svete v 70 rokoch &#8211; tento zvukov\u00fd \u010dasopis oslavuje akt\u00edvnu str\u00e1nku \u017eivota seniorov! Tento spolo\u010denskovedn\u00fd podcast v\u00e1s u\u010d\u00ed pokoji, vn\u00fatornej spokojnosti a pon\u00faka v\u00e1m mno\u017estvo tipov na podporu fyzick\u00e9ho a du\u0161evn\u00e9ho zdravia v starobe. Jeho cie\u013eom je vytvori\u0165 kult\u00faru podporuj\u00facu starnutie a uk\u00e1za\u0165, \u017ee ka\u017ed\u00e1 etapa \u017eivota m\u00e1 svoju jedine\u010dn\u00fa kr\u00e1su a m\u00fadros\u0165. &#8222;Pokojn\u00e9 starnutie&#8220; &#8211; preto\u017ee zvy\u0161n\u00e1 tretina \u017eivota by mala by\u0165 jedn\u00fdm z najkraj\u0161\u00edch obdob\u00ed!<\/td><td><a href=\"https:\/\/open.spotify.com\/show\/1u4Zi4j2DdzGWUpWOQtHFa\">https:\/\/open.spotify.com\/show\/1u4Zi4j2DdzGWUpWOQtHFa<\/a><\/td><\/tr><tr><td>Portugal\u010dina<\/td><td>Gera\u00e7\u00e3o 70<\/td><td>Nie je to podcast o politike, ekonomike, umen\u00ed alebo vede. Je to vo\u013en\u00fd rozhovor s dne\u0161n\u00fdmi protagonistami, ktor\u00ed sa narodili v 70. rokoch. Gener\u00e1cia, ktor\u00e1 je na \u010dele krajiny alebo na jej ceste. Tu hovor\u00edme o o\u010dak\u00e1vaniach a frustr\u00e1ci\u00e1ch. O splnen\u00fdch a straten\u00fdch snoch. Portr\u00e9t Bernarda Ferraa z prvej osoby o nezmazate\u013enom plynut\u00ed \u010dasu, cesta od 70. rokov minul\u00e9ho storo\u010dia a\u017e po s\u00fa\u010dasnos\u0165.<\/td><td><a href=\"https:\/\/open.spotify.com\/show\/3G705i14N8bwWoyB0h0OmH\">https:\/\/open.spotify.com\/show\/3G705i14N8bwWoyB0h0OmH<\/a><\/td><\/tr><tr><td>sloven\u010dina<\/td><td>Podcast: Family Business E10: Mlad\u00ed vs. star\u00ed<\/td><td>Po prv\u00fdkr\u00e1t m\u00e1me na trhu pr\u00e1ce 4 gener\u00e1cie. \u010co s t\u00fdm? Pre\u010do je mlad\u00fd dynamick\u00fd kolekt\u00edv probl\u00e9mom? Kde je hranica medzi star\u00fdmi a mlad\u00fdmi? Te\u0161\u00ed n\u00e1s, \u017ee sa v\u00e1m na\u0161e pokriven\u00e9 medzigenera\u010dn\u00e9 rozhovory p\u00e1\u010dia. Pros\u00edm, posielajte n\u00e1m n\u00e1vrhy na \u010fal\u0161ie t\u00e9my, nov\u00fdch host\u00ed a pripomienky, aby sme sa mohli neust\u00e1le zlep\u0161ova\u0165. V\u0161etko si pre\u010d\u00edtame a zapracujeme.<\/td><td><a href=\"https:\/\/podmaz.sk\/podcast\/family-business\/5296532902-e10-mladi-vs-stari\">https:\/\/podmaz.sk\/podcast\/family-business\/5296532902-e10-mladi-vs-stari<\/a><\/td><\/tr><\/tbody><\/table><\/figure>\n<\/div><\/div><\/div>\n<\/div><\/div>\n","protected":false},"excerpt":{"rendered":"<p>Po\u010d\u00favajte podcasty o starnut\u00ed a udr\u017eiavan\u00ed akt\u00edvneho \u017eivotn\u00e9ho \u0161t\u00fdlu v r\u00f4znych jazykoch. Jazyk N\u00e1zov Popis Odkaz Angli\u010dtina Dr. David Sinclair: The Biology of Slowing &amp; Reversing Aging V tomto rozhovore hovor\u00edme o bunkov\u00fdch a molekul\u00e1rnych mechanizmoch starnutia a o tom, \u010do m\u00f4\u017eeme v\u0161etci urobi\u0165, aby sme spomalili alebo zvr\u00e1tili proces starnutia. Hovor\u00edme o p\u00f4ste a [&hellip;]<\/p>\n","protected":false},"author":4,"featured_media":3648,"parent":5507,"menu_order":919,"comment_status":"closed","ping_status":"closed","template":"","meta":{"inline_featured_image":false,"_locale":"sk_SK","_original_post":"https:\/\/www.sassi-llc.eu\/toolbox\/library\/podcasts\/","footnotes":""},"class_list":["post-5509","page","type-page","status-publish","has-post-thumbnail","hentry","sk-SK"],"blocksy_meta":[],"_links":{"self":[{"href":"https:\/\/www.sassi-llc.eu\/wp-json\/wp\/v2\/pages\/5509","targetHints":{"allow":["GET"]}}],"collection":[{"href":"https:\/\/www.sassi-llc.eu\/wp-json\/wp\/v2\/pages"}],"about":[{"href":"https:\/\/www.sassi-llc.eu\/wp-json\/wp\/v2\/types\/page"}],"author":[{"embeddable":true,"href":"https:\/\/www.sassi-llc.eu\/wp-json\/wp\/v2\/users\/4"}],"replies":[{"embeddable":true,"href":"https:\/\/www.sassi-llc.eu\/wp-json\/wp\/v2\/comments?post=5509"}],"version-history":[{"count":1,"href":"https:\/\/www.sassi-llc.eu\/wp-json\/wp\/v2\/pages\/5509\/revisions"}],"predecessor-version":[{"id":5515,"href":"https:\/\/www.sassi-llc.eu\/wp-json\/wp\/v2\/pages\/5509\/revisions\/5515"}],"up":[{"embeddable":true,"href":"https:\/\/www.sassi-llc.eu\/wp-json\/wp\/v2\/pages\/5507"}],"wp:featuredmedia":[{"embeddable":true,"href":"https:\/\/www.sassi-llc.eu\/wp-json\/wp\/v2\/media\/3648"}],"wp:attachment":[{"href":"https:\/\/www.sassi-llc.eu\/wp-json\/wp\/v2\/media?parent=5509"}],"curies":[{"name":"wp","href":"https:\/\/api.w.org\/{rel}","templated":true}]}}