{"id":5511,"date":"2024-09-17T10:36:48","date_gmt":"2024-09-17T10:36:48","guid":{"rendered":"https:\/\/www.sassi-llc.eu\/?page_id=5511"},"modified":"2024-09-17T10:36:48","modified_gmt":"2024-09-17T10:36:48","slug":"books","status":"publish","type":"page","link":"https:\/\/www.sassi-llc.eu\/sk\/toolbox\/library\/books\/","title":{"rendered":"Knihy"},"content":{"rendered":"\n<p>N\u00e1jdite in\u0161pirat\u00edvny materi\u00e1l na \u010d\u00edtanie o prij\u00edman\u00ed nov\u00fdch v\u00fdziev v neskor\u0161om veku.<\/p>\n\n\n\n<figure class=\"wp-block-table\"><table class=\"has-fixed-layout\"><tbody><tr><td><strong>N\u00e1zov<\/strong><\/td><td><strong>Autor<\/strong><\/td><td><strong>Popis<\/strong><\/td><td><strong>N\u00e1js\u0165 na Goodreads:<\/strong><\/td><\/tr><tr><td>Druh\u00e9 dejstvo: Vytv\u00e1ranie \u017eivota, po ktorom skuto\u010dne t\u00fa\u017eite, budovanie kari\u00e9ry, po ktorej skuto\u010dne t\u00fa\u017eite<\/td><td>Stephen M. Pollan and Mark Levine<\/td><td>T\u00e1to kniha sa zaober\u00e1 my\u0161lienkou druh\u00fdch \u017eivotn\u00fdch krokov, ke\u010f \u013eudia prech\u00e1dzaj\u00fa na nov\u00e9 povolania alebo \u010dinnosti. Poskytuje praktick\u00e9 rady a skuto\u010dn\u00e9 pr\u00edklady jednotlivcov, ktor\u00ed sa \u00faspe\u0161ne presadili v neskor\u0161om veku.<\/td><td><a href=\"https:\/\/www.goodreads.com\/book\/show\/222600.Second_Acts?ac=1&amp;from_search=true&amp;qid=rgatHJIrYk&amp;rank=1\">https:\/\/www.goodreads.com\/book\/show\/222600.Second_Acts?ac=1&amp;from_search=true&amp;qid=rgatHJIrYk&amp;rank=1<br><\/a><\/td><\/tr><tr><td>Kari\u00e9rna pr\u00edru\u010dka Encore: Ako sa u\u017eivi\u0165 a zmeni\u0165 v druhej polovici \u017eivota<\/td><td>Marci Alboher<\/td><td>Marci Alboherov\u00e1 sk\u00fama koncept pr\u00eddavn\u00fdch kari\u00e9r, ktor\u00e9 s\u00fa druh\u00fdmi \u010dinmi v podobe naplnenej pr\u00e1ce, ktor\u00e1 m\u00e1 \u010dasto soci\u00e1lny alebo environment\u00e1lny vplyv. Kniha pon\u00faka usmernenia a zdroje pre t\u00fdch, ktor\u00ed chc\u00fa v neskor\u0161om veku zmeni\u0165 zmyslupln\u00fa kari\u00e9ru.<\/td><td><a href=\"https:\/\/www.goodreads.com\/book\/show\/14841560-the-encore-career-handbook?ref=nav_sb_ss_1_93\">https:\/\/www.goodreads.com\/book\/show\/14841560-the-encore-career-handbook?ref=nav_sb_ss_1_93<br><\/a><\/td><\/tr><tr><td>Nikdy nie je neskoro: V\u00e1\u0161 pl\u00e1n na znovuzrodenie<\/td><td>Claire Cook<\/td><td>Kniha Claire Cookovej je osobn\u00fdm a in\u0161pirat\u00edvnym sprievodcom pre \u013eud\u00ed po p\u00e4\u0165desiatke, ktor\u00ed chc\u00fa za\u010da\u0165 odznova, \u010di u\u017e v kari\u00e9re, alebo v osobnom \u017eivote. Povzbudzuje \u010ditate\u013eov, aby sa venovali svojim v\u00e1\u0161\u0148am a nanovo si definovali \u00faspech.<\/td><td><a href=\"https:\/\/www.goodreads.com\/book\/show\/22733727-never-too-late?from_search=true&amp;from_srp=true&amp;qid=Zb7afpaHN6&amp;rank=13\">https:\/\/www.goodreads.com\/book\/show\/22733727-never-too-late?from_search=true&amp;from_srp=true&amp;qid=Zb7afpaHN6&amp;rank=13<br><\/a><\/td><\/tr><tr><td>\u010co \u010falej? Nasledujte svoju v\u00e1\u0161e\u0148 a n\u00e1jdite si pr\u00e1cu snov<\/td><td>Kerry Hannon<\/td><td>T\u00e1to kniha sa zameriava na zmeny v kari\u00e9re a poskytuje inform\u00e1cie o tom, ako nasledova\u0165 svoje v\u00e1\u0161ne a n\u00e1js\u0165 si ide\u00e1lnu pr\u00e1cu, aj ke\u010f to znamen\u00e1 za\u010da\u0165 nesk\u00f4r v \u017eivote odznova v inej oblasti.<\/td><td><a href=\"https:\/\/www.goodreads.com\/book\/show\/7958704-what-s-next?from_search=true&amp;from_srp=true&amp;qid=ldcyg2HMJl&amp;rank=1\">https:\/\/www.goodreads.com\/book\/show\/7958704-what-s-next?from_search=true&amp;from_srp=true&amp;qid=ldcyg2HMJl&amp;rank=1<br><\/a><\/td><\/tr><tr><td>Tretia kapitola: V\u00e1\u0161e\u0148, riziko a dobrodru\u017estvo v obdob\u00ed 25 rokov po p\u00e4\u0165desiatke<\/td><td>Sara Lawrence-Lightfoot<\/td><td>V tejto knihe autor sk\u00fama &#8222;tretiu kapitolu&#8220; \u017eivota a zameriava sa na obdobie po p\u00e4\u0165desiatke. Del\u00ed sa o pr\u00edbehy jednotlivcov, ktor\u00ed znovu objavili sam\u00fdch seba a prijali nov\u00e9 v\u00fdzvy v r\u00f4znych oblastiach.<\/td><td><a href=\"https:\/\/www.goodreads.com\/book\/show\/4955444-the-third-chapter?ref=nav_sb_ss_1_73\">https:\/\/www.goodreads.com\/book\/show\/4955444-the-third-chapter?ref=nav_sb_ss_1_73<br><\/a><\/td><\/tr><tr><td>Sila cie\u013ea: Cie\u013e: N\u00e1jdite zmysel, \u017eite dlh\u0161ie a lep\u0161ie<\/td><td>Richard J. Leider<\/td><td>Richard Leider sk\u00fama v\u00fdznam h\u013eadania cie\u013ea a zmyslu pr\u00e1ce a \u017eivota, najm\u00e4 v neskor\u0161om veku. Kniha pon\u00faka postrehy, cvi\u010denia a pr\u00edbehy, ktor\u00e9 \u010ditate\u013eom pom\u00f4\u017eu identifikova\u0165 ich v\u00e1\u0161ne, hodnoty a siln\u00e9 str\u00e1nky a zos\u00faladi\u0165 ich s ich kari\u00e9rnymi cie\u013emi.<\/td><td><a href=\"https:\/\/www.goodreads.com\/book\/show\/26512893-the-power-of-purpose?from_search=true&amp;from_srp=true&amp;qid=JPLvne8goA&amp;rank=1\">https:\/\/www.goodreads.com\/book\/show\/26512893-the-power-of-purpose?from_search=true&amp;from_srp=true&amp;qid=JPLvne8goA&amp;rank=1<br><\/a><\/td><\/tr><tr><td>Ak\u00fa farbu m\u00e1 tvoj pad\u00e1k? Na d\u00f4chodok: Pl\u00e1novanie pre \u017eivot, po ktorom t\u00fa\u017eite, u\u017e teraz<\/td><td>John E. Nelson and Richard N. Bolles<\/td><td>T\u00e1to kniha pon\u00faka praktick\u00e9 rady a cvi\u010denia na pl\u00e1novanie spokojn\u00e9ho odchodu do d\u00f4chodku vr\u00e1tane \u00favah o kari\u00e9rnych zmen\u00e1ch, vo\u013ebe \u017eivotn\u00e9ho \u0161t\u00fdlu a osobnom rozvoji. Pom\u00e1ha \u010ditate\u013eom zorientova\u0165 sa v emocion\u00e1lnych a logistick\u00fdch aspektoch pl\u00e1novania odchodu do d\u00f4chodku a presk\u00fama\u0165 nov\u00e9 mo\u017enosti rastu a naplnenia.<\/td><td><a href=\"https:\/\/www.goodreads.com\/book\/show\/56686.What_Color_Is_Your_Parachute_for_Retirement?ref=nav_sb_ss_1_80\">https:\/\/www.goodreads.com\/book\/show\/56686.What_Color_Is_Your_Parachute_for_Retirement?ref=nav_sb_ss_1_80<br><\/a><\/td><\/tr><tr><td>50 sp\u00f4sobov, ako z\u00edska\u0165 pr\u00e1cu: Netradi\u010dn\u00fd sprievodca h\u013eadan\u00edm pr\u00e1ce pod\u013ea va\u0161ich podmienok<\/td><td>Dev Aujla<\/td><td>Hoci t\u00e1to kniha nie je \u0161pecificky zameran\u00e1 na star\u0161\u00edch dospel\u00fdch, pon\u00faka kreat\u00edvne a netradi\u010dn\u00e9 strat\u00e9gie na n\u00e1jdenie zmysluplnej pr\u00e1ce na dne\u0161nom trhu pr\u00e1ce. Povzbudzuje \u010ditate\u013eov, aby vyu\u017eili svoje siln\u00e9 str\u00e1nky, efekt\u00edvne nadv\u00e4zovali kontakty a prijali inovat\u00edvne pr\u00edstupy k rozvoju kari\u00e9ry.<\/td><td><a href=\"https:\/\/www.goodreads.com\/book\/show\/35456677-50-ways-to-get-a-job?ref=nav_sb_ss_1_76\">https:\/\/www.goodreads.com\/book\/show\/35456677-50-ways-to-get-a-job?ref=nav_sb_ss_1_76<br><\/a><\/td><\/tr><tr><td>Falling Short: Prich\u00e1dzaj\u00faca kr\u00edza odchodu do d\u00f4chodku a \u010do s \u0148ou robi\u0165<\/td><td>Charles D. Ellis, Alicia H. Munnell and Andrew Eschtruth<\/td><td>Autori nap\u00edsali t\u00fato stru\u010dn\u00fa pr\u00edru\u010dku pre v\u0161etk\u00fdch, ktor\u00ed sa zauj\u00edmaj\u00fa o svoje vlastn\u00e9 d\u00f4chodkov\u00e9 zabezpe\u010denie a zabezpe\u010denie n\u00e1roda. Kniha Falling Short je zalo\u017een\u00e1 na d\u00f4kladnom v\u00fdskume a z\u00e1rove\u0148 nap\u00edsan\u00e1 ve\u013emi pr\u00edstupn\u00fdm \u0161t\u00fdlom. Autori poskytuj\u00fa \u017eiv\u00fd obraz o kr\u00edze odchodu do d\u00f4chodku v Amerike.<\/td><td><a href=\"https:\/\/www.goodreads.com\/book\/show\/23635241-falling-short?ref=nav_sb_ss_1_67\">https:\/\/www.goodreads.com\/book\/show\/23635241-falling-short?ref=nav_sb_ss_1_67<\/a><br><a href=\"https:\/\/www.goodreads.com\/book\/show\/23635241-falling-short?ref=nav_sb_ss_1_67\"><br><\/a><\/td><\/tr><tr><td>Kari\u00e9ra v druhom akte: 50+ sp\u00f4sobov, ako profitova\u0165 zo svojich v\u00e1\u0161n\u00ed po\u010das polod\u00f4chodku<\/td><td>Nancy Collamer<\/td><td>T\u00e1to pr\u00edru\u010dka, ktor\u00e1 prehodnocuje kari\u00e9ru v zlat\u00fdch rokoch, pon\u00faka viac ako 50 modelov pr\u00edjmov na vytvorenie flexibilnej, uspokojuj\u00facej a ziskovej pr\u00e1ce v \u010fal\u0161ej f\u00e1ze kari\u00e9ry.<\/td><td><a href=\"https:\/\/www.goodreads.com\/book\/show\/13641924-second-act-careers?ref=nav_sb_ss_1_80\">https:\/\/www.goodreads.com\/book\/show\/13641924-second-act-careers?ref=nav_sb_ss_1_80<br><\/a><\/td><\/tr><tr><td>Z\u00e1sady \u00faspechu: Ako sa dosta\u0165 z miesta, kde ste, tam, kde chcete by\u0165<\/td><td>Jack Canfield<\/td><td>Princ\u00edpy \u00faspechu v\u00e1s nau\u010dia, ako si zv\u00fd\u0161i\u0165 sebad\u00f4veru, zvl\u00e1da\u0165 ka\u017edodenn\u00e9 v\u00fdzvy, \u017ei\u0165 s v\u00e1\u0161\u0148ou a cie\u013eom a realizova\u0165 v\u0161etky svoje amb\u00edcie. T\u00e1to kniha nie je len zbierkou dobr\u00fdch n\u00e1padov, ale uv\u00e1dza 64 nad\u010dasov\u00fdch princ\u00edpov, ktor\u00e9 pou\u017e\u00edvali \u00faspe\u0161n\u00ed mu\u017ei a \u017eeny v celej hist\u00f3rii.<\/td><td><a href=\"https:\/\/www.goodreads.com\/book\/show\/96593.The_Success_Principles?ref=nav_sb_ss_1_77\">https:\/\/www.goodreads.com\/book\/show\/96593.The_Success_Principles?ref=nav_sb_ss_1_77<br><\/a><\/td><\/tr><tr><td>Umenie pr\u00e1ce: Osved\u010den\u00e1 cesta k objaveniu toho, k \u010domu ste boli stvoren\u00ed.<\/td><td>Jeff Goins<\/td><td>Cesta k v\u00e1\u0161mu \u017eivotn\u00e9mu cie\u013eu je n\u00e1ro\u010dn\u00e1 a riskantn\u00e1, dokonca desiv\u00e1, a preto ju len m\u00e1lokto dokon\u010d\u00ed. Toto je kniha o objavovan\u00ed svojej \u017eivotnej pr\u00e1ce, toho pokladu nevy\u010d\u00edslite\u013enej hodnoty, po ktorom v\u0161etci t\u00fa\u017eime. Je o \u00falohe, pre ktor\u00fa ste sa narodili.<\/td><td><a href=\"https:\/\/www.goodreads.com\/book\/show\/25050124-the-art-of-work?ref=nav_sb_ss_1_71\">https:\/\/www.goodreads.com\/book\/show\/25050124-the-art-of-work?ref=nav_sb_ss_1_71<br><\/a><\/td><\/tr><tr><td>Ve\u013ek\u00fd skok: Prekonajte svoj skryt\u00fd strach a posu\u0148te svoj \u017eivot na vy\u0161\u0161iu \u00farove\u0148<\/td><td>Gay Hendricks<\/td><td>V knihe Ve\u013ek\u00fd skok Gay Hendricks, autor bestselleru New York Times P\u00e4\u0165 \u017eelan\u00ed, ukazuje, ako prekonan\u00edm falo\u0161n\u00fdch ob\u00e1v a presved\u010den\u00ed odstr\u00e1ni\u0165 prek\u00e1\u017eky na ceste k \u00faspechu.<\/td><td><a href=\"https:\/\/www.goodreads.com\/book\/show\/6391876-the-big-leap?from_search=true&amp;from_srp=true&amp;qid=dDhKJRNQFJ&amp;rank=1\">https:\/\/www.goodreads.com\/book\/show\/6391876-the-big-leap?from_search=true&amp;from_srp=true&amp;qid=dDhKJRNQFJ&amp;rank=1<br><\/a><\/td><\/tr><tr><td>Star\u00fd mu\u017e a more<\/td><td>Ernest Hemingway<\/td><td>Toto Hemingwayovo majstrovsk\u00e9 dielo rozpr\u00e1va pr\u00edbeh Santiaga, star\u00e9ho kub\u00e1nskeho ryb\u00e1ra, ktor\u00e9ho \u010dak\u00e1 epick\u00fd boj s obrovsk\u00fdm marlinom.<br>V\u00fdhody: In\u0161piruje odhodlan\u00edm, odvahou a h\u00fa\u017eevnatos\u0165ou hlavn\u00e9ho hrdinu, ktor\u00fd ukazuje, \u017ee vek neobmedzuje silu v\u00f4le a schopnos\u0165 \u010deli\u0165 v\u00fdzvam.<\/td><td><a href=\"https:\/\/www.goodreads.com\/book\/show\/2165.The_Old_Man_and_the_Sea?from_search=true&amp;from_srp=true&amp;qid=cwgnOtXsdy&amp;rank=1\">https:\/\/www.goodreads.com\/book\/show\/2165.The_Old_Man_and_the_Sea?from_search=true&amp;from_srp=true&amp;qid=cwgnOtXsdy&amp;rank=1<br><\/a><\/td><\/tr><tr><td>Rok \u00c1no<\/td><td>Shonda Rhimes<\/td><td>Memo\u00e1re tvorkyne seri\u00e1lov Grey&#8217;s Anatomy a Scandal Shondy Rhimes, ktor\u00e1 sa rozhodla na rok poveda\u0165 &#8222;\u00e1no&#8220; v\u0161etk\u00e9mu, \u010do ju des\u00ed.<br>Benefits: In\u0161piruje ka\u017ed\u00e9ho, najm\u00e4 t\u00fdch, ktor\u00ed si myslia, \u017ee na z\u00e1sadn\u00e9 \u017eivotn\u00e9 zmeny je u\u017e neskoro.<\/td><td><a href=\"https:\/\/www.goodreads.com\/book\/show\/29540318-year-of-yes?ref=nav_sb_ss_1_11\">https:\/\/www.goodreads.com\/book\/show\/29540318-year-of-yes?ref=nav_sb_ss_1_11<br><\/a><\/td><\/tr><tr><td>Elegancia je\u017eka<\/td><td>Muriel Barbery<\/td><td>Popis: Pr\u00edbeh sa to\u010d\u00ed okolo Ren\u00e9e, 54-ro\u010dnej opatrovate\u013eky, ktor\u00e1 skr\u00fdva svoju skuto\u010dn\u00fa inteligenciu a l\u00e1sku k literat\u00fare a filozofii. Jej \u017eivot sa zmen\u00ed, ke\u010f stretne nov\u00e9ho japonsk\u00e9ho n\u00e1jomn\u00edka, ktor\u00fd v nej spozn\u00e1 spriaznen\u00fa du\u0161u.<br>V\u00fdhody: Oslavuje m\u00fadros\u0165 a h\u013abku, ktor\u00e9 prich\u00e1dzaj\u00fa s vekom, ako aj zd\u00f4raz\u0148uje d\u00f4le\u017eitos\u0165 neo\u010dak\u00e1van\u00fdch \u013eudsk\u00fdch vz\u0165ahov.<\/td><td><a href=\"https:\/\/www.goodreads.com\/book\/show\/2967752-the-elegance-of-the-hedgehog?ref=nav_sb_ss_1_28\">https:\/\/www.goodreads.com\/book\/show\/2967752-the-elegance-of-the-hedgehog?ref=nav_sb_ss_1_28<br><\/a><\/td><\/tr><tr><td>Mal\u00e9 spomienky<\/td><td>Jos\u00e9 Saramago<\/td><td>Zbierka spomienok portugalsk\u00e9ho nosite\u013ea Nobelovej ceny, ktor\u00e1 sk\u00fama jeho detstvo a mlados\u0165, ale obsahuje aj hlbok\u00e9 \u00favahy, ktor\u00e9 rozv\u00edjal po\u010das cel\u00e9ho \u017eivota.<br>V\u00fdhody: Pon\u00faka poh\u013ead na to, ako \u017eivotn\u00e9 sk\u00fasenosti formuj\u00fa m\u00fadros\u0165 a perspekt\u00edvu \u010dloveka, oslavuje h\u013abku a bohatstvo \u017eivota pre\u017eit\u00e9ho naplno.<\/td><td><a href=\"https:\/\/www.goodreads.com\/book\/show\/6482681-small-memories?ref=nav_sb_ss_1_14\">https:\/\/www.goodreads.com\/book\/show\/6482681-small-memories?ref=nav_sb_ss_1_14<br><\/a><\/td><\/tr><\/tbody><\/table><\/figure>\n","protected":false},"excerpt":{"rendered":"<p>N\u00e1jdite in\u0161pirat\u00edvny materi\u00e1l na \u010d\u00edtanie o prij\u00edman\u00ed nov\u00fdch v\u00fdziev v neskor\u0161om veku. N\u00e1zov Autor Popis N\u00e1js\u0165 na Goodreads: Druh\u00e9 dejstvo: Vytv\u00e1ranie \u017eivota, po ktorom skuto\u010dne t\u00fa\u017eite, budovanie kari\u00e9ry, po ktorej skuto\u010dne t\u00fa\u017eite Stephen M. Pollan and Mark Levine T\u00e1to kniha sa zaober\u00e1 my\u0161lienkou druh\u00fdch \u017eivotn\u00fdch krokov, ke\u010f \u013eudia prech\u00e1dzaj\u00fa na nov\u00e9 povolania alebo \u010dinnosti. Poskytuje [&hellip;]<\/p>\n","protected":false},"author":4,"featured_media":3634,"parent":5507,"menu_order":921,"comment_status":"closed","ping_status":"closed","template":"","meta":{"inline_featured_image":false,"_locale":"sk_SK","_original_post":"https:\/\/www.sassi-llc.eu\/toolbox\/library\/books\/","footnotes":""},"class_list":["post-5511","page","type-page","status-publish","has-post-thumbnail","hentry","sk-SK"],"blocksy_meta":[],"_links":{"self":[{"href":"https:\/\/www.sassi-llc.eu\/wp-json\/wp\/v2\/pages\/5511","targetHints":{"allow":["GET"]}}],"collection":[{"href":"https:\/\/www.sassi-llc.eu\/wp-json\/wp\/v2\/pages"}],"about":[{"href":"https:\/\/www.sassi-llc.eu\/wp-json\/wp\/v2\/types\/page"}],"author":[{"embeddable":true,"href":"https:\/\/www.sassi-llc.eu\/wp-json\/wp\/v2\/users\/4"}],"replies":[{"embeddable":true,"href":"https:\/\/www.sassi-llc.eu\/wp-json\/wp\/v2\/comments?post=5511"}],"version-history":[{"count":1,"href":"https:\/\/www.sassi-llc.eu\/wp-json\/wp\/v2\/pages\/5511\/revisions"}],"predecessor-version":[{"id":5517,"href":"https:\/\/www.sassi-llc.eu\/wp-json\/wp\/v2\/pages\/5511\/revisions\/5517"}],"up":[{"embeddable":true,"href":"https:\/\/www.sassi-llc.eu\/wp-json\/wp\/v2\/pages\/5507"}],"wp:featuredmedia":[{"embeddable":true,"href":"https:\/\/www.sassi-llc.eu\/wp-json\/wp\/v2\/media\/3634"}],"wp:attachment":[{"href":"https:\/\/www.sassi-llc.eu\/wp-json\/wp\/v2\/media?parent=5511"}],"curies":[{"name":"wp","href":"https:\/\/api.w.org\/{rel}","templated":true}]}}