{"id":5512,"date":"2024-09-17T10:39:44","date_gmt":"2024-09-17T10:39:44","guid":{"rendered":"https:\/\/www.sassi-llc.eu\/?page_id=5512"},"modified":"2024-09-17T10:39:45","modified_gmt":"2024-09-17T10:39:45","slug":"games","status":"publish","type":"page","link":"https:\/\/www.sassi-llc.eu\/sk\/toolbox\/library\/games\/","title":{"rendered":"Hry"},"content":{"rendered":"\n<p>Objavte hry, ktor\u00e9 v\u00e1m umo\u017enia zosta\u0165 v strehu!<\/p>\n\n\n\n<figure class=\"wp-block-table\"><table class=\"has-fixed-layout\"><tbody><tr><td><strong>N\u00e1zov<\/strong><\/td><td><strong>Popis<\/strong><\/td><td><strong>Odkaz<\/strong><\/td><\/tr><tr><td>DIXIT<\/td><td>pom\u00e1ha pri asociat\u00edvnom a kreat\u00edvnom myslen\u00ed<\/td><td><a href=\"https:\/\/boardgamegeek.com\/boardgame\/39856\/dixit\">https:\/\/boardgamegeek.com\/boardgame\/39856\/dixit<\/a><\/td><\/tr><tr><td>UNO<\/td><td>pom\u00e1ha s pam\u00e4\u0165ou a socializ\u00e1ciou<\/td><td><a href=\"https:\/\/www.letsplayuno.com\/\">https:\/\/www.letsplayuno.com\/<\/a><\/td><\/tr><tr><td>Scrabble<\/td><td>vynikaj\u00face na stimul\u00e1ciu kognit\u00edvnych funkci\u00ed a poskytovanie soci\u00e1lnej interakcie<\/td><td><a href=\"https:\/\/playscrabble.com\/\">https:\/\/playscrabble.com\/<br><\/a><\/td><\/tr><tr><td>Chess<\/td><td>vynikaj\u00face na stimul\u00e1ciu kognit\u00edvnych funkci\u00ed a poskytovanie soci\u00e1lnej interakcie<\/td><td><a href=\"https:\/\/www.chess.com\/\">https:\/\/www.chess.com\/<br><\/a><\/td><\/tr><tr><td>Sudoku<\/td><td>vynikaj\u00face na stimul\u00e1ciu kognit\u00edvnych funkci\u00ed a poskytovanie soci\u00e1lnej interakcie<\/td><td><a href=\"https:\/\/sudoku.com\/\">https:\/\/sudoku.com\/<br><\/a><\/td><\/tr><tr><td>Nintendo&#8217;s Brain Age series<\/td><td>pon\u00faka mno\u017estvo h\u00e1daniek a aktiv\u00edt na stimul\u00e1ciu mozgu<\/td><td><a href=\"https:\/\/nintendo.fandom.com\/wiki\/Brain_Age_(series)\">https:\/\/nintendo.fandom.com\/wiki\/Brain_Age_(series)<br><\/a><\/td><\/tr><tr><td>Lumosity<\/td><td>aplik\u00e1cia na tr\u00e9novanie mozgu navrhnut\u00e1 na zlep\u0161enie kognit\u00edvnych funkci\u00ed prostredn\u00edctvom s\u00e9rie p\u00fatav\u00fdch hier a h\u00e1daniek<\/td><td><a href=\"https:\/\/www.lumosity.com\/de\/\">https:\/\/www.lumosity.com\/de\/ <br><\/a><\/td><\/tr><tr><td>Braingymmer<\/td><td>desa\u0165 min\u00fat denne sta\u010d\u00ed na to, aby ste si udr\u017eali mozog vo forme<\/td><td><a href=\"https:\/\/www.braingymmer.com\/en\/\">https:\/\/www.braingymmer.com\/en\/<br><\/a><\/td><\/tr><tr><td>Gognifit<\/td><td>vyzvite svoj mozog a zistite, ako \u010faleko to m\u00f4\u017ee z\u00e1js\u0165 s mozgov\u00fdmi hrami<\/td><td><a href=\"https:\/\/www.cognifit.com\/cv\/en\/brain-games\">https:\/\/www.cognifit.com\/cv\/en\/brain-games<br><\/a><\/td><\/tr><\/tbody><\/table><\/figure>\n","protected":false},"excerpt":{"rendered":"<p>Objavte hry, ktor\u00e9 v\u00e1m umo\u017enia zosta\u0165 v strehu! N\u00e1zov Popis Odkaz DIXIT pom\u00e1ha pri asociat\u00edvnom a kreat\u00edvnom myslen\u00ed https:\/\/boardgamegeek.com\/boardgame\/39856\/dixit UNO pom\u00e1ha s pam\u00e4\u0165ou a socializ\u00e1ciou https:\/\/www.letsplayuno.com\/ Scrabble vynikaj\u00face na stimul\u00e1ciu kognit\u00edvnych funkci\u00ed a poskytovanie soci\u00e1lnej interakcie https:\/\/playscrabble.com\/ Chess vynikaj\u00face na stimul\u00e1ciu kognit\u00edvnych funkci\u00ed a poskytovanie soci\u00e1lnej interakcie https:\/\/www.chess.com\/ Sudoku vynikaj\u00face na stimul\u00e1ciu kognit\u00edvnych funkci\u00ed a [&hellip;]<\/p>\n","protected":false},"author":4,"featured_media":3652,"parent":5507,"menu_order":922,"comment_status":"closed","ping_status":"closed","template":"","meta":{"inline_featured_image":false,"_locale":"sk_SK","_original_post":"https:\/\/www.sassi-llc.eu\/toolbox\/library\/games\/","footnotes":""},"class_list":["post-5512","page","type-page","status-publish","has-post-thumbnail","hentry","sk-SK"],"blocksy_meta":[],"_links":{"self":[{"href":"https:\/\/www.sassi-llc.eu\/wp-json\/wp\/v2\/pages\/5512","targetHints":{"allow":["GET"]}}],"collection":[{"href":"https:\/\/www.sassi-llc.eu\/wp-json\/wp\/v2\/pages"}],"about":[{"href":"https:\/\/www.sassi-llc.eu\/wp-json\/wp\/v2\/types\/page"}],"author":[{"embeddable":true,"href":"https:\/\/www.sassi-llc.eu\/wp-json\/wp\/v2\/users\/4"}],"replies":[{"embeddable":true,"href":"https:\/\/www.sassi-llc.eu\/wp-json\/wp\/v2\/comments?post=5512"}],"version-history":[{"count":1,"href":"https:\/\/www.sassi-llc.eu\/wp-json\/wp\/v2\/pages\/5512\/revisions"}],"predecessor-version":[{"id":5518,"href":"https:\/\/www.sassi-llc.eu\/wp-json\/wp\/v2\/pages\/5512\/revisions\/5518"}],"up":[{"embeddable":true,"href":"https:\/\/www.sassi-llc.eu\/wp-json\/wp\/v2\/pages\/5507"}],"wp:featuredmedia":[{"embeddable":true,"href":"https:\/\/www.sassi-llc.eu\/wp-json\/wp\/v2\/media\/3652"}],"wp:attachment":[{"href":"https:\/\/www.sassi-llc.eu\/wp-json\/wp\/v2\/media?parent=5512"}],"curies":[{"name":"wp","href":"https:\/\/api.w.org\/{rel}","templated":true}]}}