{"id":5760,"date":"2024-09-27T12:42:01","date_gmt":"2024-09-27T12:42:01","guid":{"rendered":"https:\/\/www.sassi-llc.eu\/?page_id=5760"},"modified":"2024-09-27T12:42:01","modified_gmt":"2024-09-27T12:42:01","slug":"national-resources","status":"publish","type":"page","link":"https:\/\/www.sassi-llc.eu\/sk\/toolbox\/national-resources\/","title":{"rendered":"N\u00e1rodn\u00e9 zdroje"},"content":{"rendered":"\n<p>N\u00e1jdite kontakty na miestne organiz\u00e1cie.<\/p>\n\n\n\n<p><strong><a href=\"https:\/\/rozvojkariery.sk\/\">Zdru\u017eenie pre kari\u00e9rov\u00e9 poradenstvo a\u00a0rozvoj kari\u00e9ry<\/a><\/strong>. Cie\u013emi zdri\u017eenia je:<\/p>\n\n\n\n<p>1)<a href=\"https:\/\/rozvojkariery.sk\/ciele-a-poslanie\/#a64e5b6c3cdef1377\">Zdru\u017eova\u0165 a sie\u0165ova\u0165&nbsp;odborn\u00edkov a podporova\u0165 spolupr\u00e1cu a v\u00fdmenu inform\u00e1ci\u00ed, sk\u00fasenost\u00ed a dobr\u00fdch prakt\u00edk z domova a zo zahrani\u010dia<\/a>, facilitovanie komunik\u00e1cie medzi r\u00f4znymi akt\u00e9rmi kari\u00e9rov\u00e9ho poradenstva, vytv\u00e1ranie odborn\u00fdch pracovn\u00fdch skup\u00edn<\/p>\n\n\n\n<p>2)<a href=\"https:\/\/rozvojkariery.sk\/ciele-a-poslanie\/#69bfc5774447fe805\">Podporova\u0165 odborn\u00fd rast a vzdel\u00e1vanie&nbsp;odborn\u00edkov z oblasti kari\u00e9rov\u00e9ho poradenstva a rozvoja kari\u00e9ry.<\/a> organizovanie semin\u00e1rov, konferenci\u00ed, pracovn\u00fdch stretnut\u00ed, vzdel\u00e1vac\u00edch aktiv\u00edt, zap\u00e1janie sa do v\u00fdskumn\u00fdch aktiv\u00edt v oblasti kari\u00e9rov\u00e9ho rozvoja a&nbsp;poradenstva<\/p>\n\n\n\n<p>3)<a href=\"https:\/\/rozvojkariery.sk\/ciele-a-poslanie\/#065b01773c7cdeddd\">\u0160\u00edri\u0165 povedomie&nbsp;o kari\u00e9rovom poradenstve a rozvoji kari\u00e9ry a zlep\u0161ova\u0165 pr\u00edstup k poradenstvu pre v\u0161etk\u00fdch \u013eud\u00ed v akomko\u013evek okamihu a situ\u00e1cii ich \u017eivota<\/a>, zabezpe\u010dovanie \u0161\u00edrenia aktu\u00e1lnych inform\u00e1ci\u00ed a trendov zo zahrani\u010dia, prev\u00e1dzkovanie webovej str\u00e1nky, podpora publika\u010dnej \u010dinnosti, komunika\u010dn\u00e1 a osvetov\u00e1 \u010dinnos\u0165 v oblasti kari\u00e9rov\u00e9ho poradenstva<\/p>\n\n\n\n<p>4)<a href=\"https:\/\/rozvojkariery.sk\/ciele-a-poslanie\/#c69ce6ca355f42d2e\">Presadzova\u0165 z\u00e1ujmy&nbsp;kari\u00e9rov\u00e9ho poradenstva a rozvoja kari\u00e9ry<\/a>, podie\u013eanie sa na tvorbe a implement\u00e1cii nov\u00fdch postupov kari\u00e9rov\u00e9ho poradenstva, particip\u00e1cia na aktivit\u00e1ch a projektoch v oblasti kari\u00e9rov\u00e9ho poradenstva a rozvoja kari\u00e9ry, komunik\u00e1cia s odborn\u00fdmi partnermi a verejn\u00fdmi autoritami<\/p>\n\n\n\n<p><strong><a href=\"https:\/\/www.kabaslovensko.sk\/\">K.A.B.A. Slovensko.<\/a><\/strong> Z\u00e1ujmov\u00e9 zdru\u017eenie pr\u00e1vnick\u00fdch os\u00f4b neziskov\u00e9ho charakteru so s\u00eddlom v Martine. P\u00f4sob\u00ed v oblasti kari\u00e9rov\u00e9ho poradenstva a vzdel\u00e1vania \u017eiakov a dospel\u00fdch pre r\u00f4zne cie\u013eov\u00e9 skupiny , organizuje mobility pre \u017eiakov a pedag\u00f3gov do kraj\u00edn E\u00da. Zdru\u017eenie m\u00e1 dlhoro\u010dn\u00e9 sk\u00fasenosti s individu\u00e1lnym a skupinov\u00fdm kari\u00e9rov\u00fdm poradenstvom, \u0161vaj\u010diarske know how transformovan\u00e9 na slovensk\u00e9 podmienky, tvor\u00ed vlastnej metodiky a metodick\u00e9 materi\u00e1ly, aplikuje pokrokov\u00e9 u\u010debn\u00e9 met\u00f3dy.\u00a0 Spolupracuje so sk\u00fasen\u00fdmi lektormi a\u00a0poradcami, ktor\u00eds\u00fa odborn\u00edci v oblasti andragogiky, psychol\u00f3gie, pedagogiky so zameran\u00edm na soci\u00e1lnu pr\u00e1cu, tie\u017e spolupracuje so slovensk\u00fdmi a medzin\u00e1rodn\u00fdmi partnermi<\/p>\n","protected":false},"excerpt":{"rendered":"<p>N\u00e1jdite kontakty na miestne organiz\u00e1cie. Zdru\u017eenie pre kari\u00e9rov\u00e9 poradenstvo a\u00a0rozvoj kari\u00e9ry. Cie\u013emi zdri\u017eenia je: 1)Zdru\u017eova\u0165 a sie\u0165ova\u0165&nbsp;odborn\u00edkov a podporova\u0165 spolupr\u00e1cu a v\u00fdmenu inform\u00e1ci\u00ed, sk\u00fasenost\u00ed a dobr\u00fdch prakt\u00edk z domova a zo zahrani\u010dia, facilitovanie komunik\u00e1cie medzi r\u00f4znymi akt\u00e9rmi kari\u00e9rov\u00e9ho poradenstva, vytv\u00e1ranie odborn\u00fdch pracovn\u00fdch skup\u00edn 2)Podporova\u0165 odborn\u00fd rast a vzdel\u00e1vanie&nbsp;odborn\u00edkov z oblasti kari\u00e9rov\u00e9ho poradenstva a rozvoja kari\u00e9ry. [&hellip;]<\/p>\n","protected":false},"author":4,"featured_media":1090,"parent":2040,"menu_order":916,"comment_status":"closed","ping_status":"closed","template":"","meta":{"inline_featured_image":false,"_locale":"sk_SK","_original_post":"https:\/\/www.sassi-llc.eu\/toolbox\/national-resources\/","footnotes":""},"class_list":["post-5760","page","type-page","status-publish","has-post-thumbnail","hentry","sk-SK"],"blocksy_meta":[],"_links":{"self":[{"href":"https:\/\/www.sassi-llc.eu\/wp-json\/wp\/v2\/pages\/5760","targetHints":{"allow":["GET"]}}],"collection":[{"href":"https:\/\/www.sassi-llc.eu\/wp-json\/wp\/v2\/pages"}],"about":[{"href":"https:\/\/www.sassi-llc.eu\/wp-json\/wp\/v2\/types\/page"}],"author":[{"embeddable":true,"href":"https:\/\/www.sassi-llc.eu\/wp-json\/wp\/v2\/users\/4"}],"replies":[{"embeddable":true,"href":"https:\/\/www.sassi-llc.eu\/wp-json\/wp\/v2\/comments?post=5760"}],"version-history":[{"count":1,"href":"https:\/\/www.sassi-llc.eu\/wp-json\/wp\/v2\/pages\/5760\/revisions"}],"predecessor-version":[{"id":5761,"href":"https:\/\/www.sassi-llc.eu\/wp-json\/wp\/v2\/pages\/5760\/revisions\/5761"}],"up":[{"embeddable":true,"href":"https:\/\/www.sassi-llc.eu\/wp-json\/wp\/v2\/pages\/2040"}],"wp:featuredmedia":[{"embeddable":true,"href":"https:\/\/www.sassi-llc.eu\/wp-json\/wp\/v2\/media\/1090"}],"wp:attachment":[{"href":"https:\/\/www.sassi-llc.eu\/wp-json\/wp\/v2\/media?parent=5760"}],"curies":[{"name":"wp","href":"https:\/\/api.w.org\/{rel}","templated":true}]}}